{"id":15489,"date":"2026-04-20T03:10:30","date_gmt":"2026-04-20T00:10:30","guid":{"rendered":"https:\/\/kasskoer.ee\/product\/flamingo-kaelarihm-abbi-hall-xs-35-40cm-20mm-2\/"},"modified":"2026-04-20T03:10:31","modified_gmt":"2026-04-20T00:10:31","slug":"flamingo-kaelarihm-abbi-hall-xs-35-40cm-20mm","status":"publish","type":"product","link":"https:\/\/kasskoer.ee\/en\/toode\/flamingo-kaelarihm-abbi-hall-xs-35-40cm-20mm\/","title":{"rendered":"Flamingo kaelarihm Abbi hall XS 35-40cm 20mm"},"content":{"rendered":"<li>Kaelarihma eemaldamine ja kinnitamine on v\u00e4ga lihtne ning kiire t\u00e4nu plastmassist klambrile.<\/li>\n<p>&#13;<\/p>\n<li>Kaelarihm on v\u00e4ga vastupidav ja seest neopreenist pehmendusega lemmiku mugavuse tagamiseks.<\/li>\n<p>&#13;<\/p>\n<li>Kaelarihma \u00fcmberm\u00f5\u00f5t muudetav 35-40cm.<\/li>\n<p>&#13;<\/p>\n<li>Sobib ideaalselt pikakarvalistele koertele.<\/li>\n<p>&#13;<br \/>\n<br \/><b>Materjal<\/b><br \/>&#13;<br \/>\nNailon pehme neopreenvoodriga.&#13;<br \/>\n<br \/>&#13;<br \/>\n<br \/><b>M\u00f5\u00f5dud<\/b><br \/>&#13;<br \/>\n35-40cm x 20mm<\/p>\n","protected":false},"excerpt":{"rendered":"<p>Flamingo Abbi hall kaelarihm koerale.<\/p>\n","protected":false},"featured_media":12270,"template":"","meta":[],"product_cat":[1331],"product_tag":[],"class_list":{"0":"post-15489","1":"product","2":"type-product","3":"status-publish","4":"has-post-thumbnail","6":"product_cat-koerte-rihmad","7":"pa_brand-flamingo","8":"pa_ean-2261","9":"pa_kaal-0-060","10":"pa_tootjariik-hiina","12":"first","13":"instock","14":"taxable","15":"shipping-taxable","16":"purchasable","17":"product-type-simple"},"_links":{"self":[{"href":"https:\/\/kasskoer.ee\/en\/wp-json\/wp\/v2\/product\/15489","targetHints":{"allow":["GET"]}}],"collection":[{"href":"https:\/\/kasskoer.ee\/en\/wp-json\/wp\/v2\/product"}],"about":[{"href":"https:\/\/kasskoer.ee\/en\/wp-json\/wp\/v2\/types\/product"}],"wp:featuredmedia":[{"embeddable":true,"href":"https:\/\/kasskoer.ee\/en\/wp-json\/wp\/v2\/media\/12270"}],"wp:attachment":[{"href":"https:\/\/kasskoer.ee\/en\/wp-json\/wp\/v2\/media?parent=15489"}],"wp:term":[{"taxonomy":"product_cat","embeddable":true,"href":"https:\/\/kasskoer.ee\/en\/wp-json\/wp\/v2\/product_cat?post=15489"},{"taxonomy":"product_tag","embeddable":true,"href":"https:\/\/kasskoer.ee\/en\/wp-json\/wp\/v2\/product_tag?post=15489"}],"curies":[{"name":"wp","href":"https:\/\/api.w.org\/{rel}","templated":true}]}}