{"id":15500,"date":"2026-04-20T03:10:30","date_gmt":"2026-04-20T00:10:30","guid":{"rendered":"https:\/\/kasskoer.ee\/product\/canvit-probio-probiootikumid-kassidele-100g-2\/"},"modified":"2026-04-20T03:10:31","modified_gmt":"2026-04-20T00:10:31","slug":"canvit-probio-probiootikumid-kassidele-100g","status":"publish","type":"product","link":"https:\/\/kasskoer.ee\/en\/toode\/canvit-probio-probiootikumid-kassidele-100g\/","title":{"rendered":"Canvit Probio probiootikumid kassidele 100g"},"content":{"rendered":"<p><b>Canvit Probio on probiootikumide, prebiootikumide ja vitamiinide kompleks, mis takistab patogeensete bakterite liigkasvu ja toetab soolestiku immuunsust k\u00f5hulahtisuse ja antibiootikumravi ajal.<\/b>&#13;<\/p>\n<li>Toetab seedes\u00fcsteemi haiguste ja k\u00f5hulahtisuse ravi.<\/li>\n<p>&#13;<\/p>\n<li>V\u00e4hendab negatiivset m\u00f5ju seedimisele antibiootikumravi ajal.<\/li>\n<p>&#13;<\/p>\n<li>Parandab v\u00e4ljaheidete konsistentsi ja v\u00e4hendab gaaside teket tundliku seedimisega koertel.<\/li>\n<p>&#13;<br \/>\n<br \/>&#13;<br \/>\n<b>Koostis<\/b><br \/>&#13;<br \/>\n\u00d5llep\u00e4rm, inuliin, dekstroos, vadakupulber, kuivatatud laktoos, aktiveeritud beetagl\u00fckaanid.<br \/>&#13;<br \/>\n<br \/>&#13;<br \/>\n<b>Anal\u00fc\u00fctilised koostisosad<\/b><br \/>&#13;<br \/>\nToorvalk 11.34%, toorrasv 2.49%, toorkiud 4.68%, toortuhk 4.11%, niiskus 4.89%.<br \/>&#13;<br \/>\n<br \/>&#13;<br \/>\n<b>S\u00f6\u00f6dalisandid<\/b><br \/>&#13;<br \/>\nToitainelised lisandid kg kohta: vitamiin C (3a312) 4000 mg.<br \/>&#13;<br \/>\nSoolefloorat stabiliseerivad lisandid kg kohta:&#13;<br \/>\nEnterococcus faecium NCIMB 10415 (4b1705) 1\u00d710^12 CFU.<br \/>&#13;<br \/>\n<br \/>&#13;<br \/>\n<b>Kasutusjuhend<\/b><br \/>&#13;<br \/>\nSega soovitatav p\u00e4evane annus (1g) pulbrit toidu hulka.<\/p>\n","protected":false},"excerpt":{"rendered":"<p>Probiootikumi pulber soolestiku mikrofloora taastamiseks.<\/p>\n","protected":false},"featured_media":17202,"template":"","meta":[],"product_cat":[1330],"product_tag":[],"class_list":{"0":"post-15500","1":"product","2":"type-product","3":"status-publish","4":"has-post-thumbnail","6":"product_cat-kasside-toidulisandid","7":"pa_brand-canvit","8":"pa_ean-2604","9":"pa_kaal-0-100","10":"pa_tootjariik-tsehhi","12":"first","13":"instock","14":"taxable","15":"shipping-taxable","16":"purchasable","17":"product-type-simple"},"_links":{"self":[{"href":"https:\/\/kasskoer.ee\/en\/wp-json\/wp\/v2\/product\/15500","targetHints":{"allow":["GET"]}}],"collection":[{"href":"https:\/\/kasskoer.ee\/en\/wp-json\/wp\/v2\/product"}],"about":[{"href":"https:\/\/kasskoer.ee\/en\/wp-json\/wp\/v2\/types\/product"}],"wp:featuredmedia":[{"embeddable":true,"href":"https:\/\/kasskoer.ee\/en\/wp-json\/wp\/v2\/media\/17202"}],"wp:attachment":[{"href":"https:\/\/kasskoer.ee\/en\/wp-json\/wp\/v2\/media?parent=15500"}],"wp:term":[{"taxonomy":"product_cat","embeddable":true,"href":"https:\/\/kasskoer.ee\/en\/wp-json\/wp\/v2\/product_cat?post=15500"},{"taxonomy":"product_tag","embeddable":true,"href":"https:\/\/kasskoer.ee\/en\/wp-json\/wp\/v2\/product_tag?post=15500"}],"curies":[{"name":"wp","href":"https:\/\/api.w.org\/{rel}","templated":true}]}}