{"id":15507,"date":"2026-04-20T03:10:30","date_gmt":"2026-04-20T00:10:30","guid":{"rendered":"https:\/\/kasskoer.ee\/product\/flamingo-bone-bungee-piiksuga-koeralelu-23cm-2\/"},"modified":"2026-04-20T03:10:31","modified_gmt":"2026-04-20T00:10:31","slug":"flamingo-bone-bungee-piiksuga-koeralelu-23cm","status":"publish","type":"product","link":"https:\/\/kasskoer.ee\/en\/toode\/flamingo-bone-bungee-piiksuga-koeralelu-23cm\/","title":{"rendered":"Flamingo Bone Bungee piiksuga koeralelu 23cm"},"content":{"rendered":"<li>Tugevast materjalist ja m\u00e4ngulise v\u00e4limusega koeralelu.<\/li>\n<p>&#13;<\/p>\n<li>Piuksuva heliga.<\/li>\n<p>&#13;<\/p>\n<li>Kondi keskmine osa on veniv.<\/li>\n<p>&#13;<\/p>\n<li>Valmistatud pol\u00fcestrist.<\/li>\n","protected":false},"excerpt":{"rendered":"<p>Flamingo tugevast materjalist ja r\u00f5\u00f5msates v\u00e4rvides piiksuga koeralelu.<\/p>\n","protected":false},"featured_media":12282,"template":"","meta":[],"product_cat":[1326,688],"product_tag":[],"class_list":{"0":"post-15507","1":"product","2":"type-product","3":"status-publish","4":"has-post-thumbnail","6":"product_cat-koerte-manguasjad","7":"product_cat-koerad","8":"pa_brand-flamingo","9":"pa_ean-2328","10":"pa_kaal-0-050","11":"pa_tootjariik-hiina","13":"first","14":"outofstock","15":"taxable","16":"shipping-taxable","17":"purchasable","18":"product-type-simple"},"_links":{"self":[{"href":"https:\/\/kasskoer.ee\/en\/wp-json\/wp\/v2\/product\/15507","targetHints":{"allow":["GET"]}}],"collection":[{"href":"https:\/\/kasskoer.ee\/en\/wp-json\/wp\/v2\/product"}],"about":[{"href":"https:\/\/kasskoer.ee\/en\/wp-json\/wp\/v2\/types\/product"}],"wp:featuredmedia":[{"embeddable":true,"href":"https:\/\/kasskoer.ee\/en\/wp-json\/wp\/v2\/media\/12282"}],"wp:attachment":[{"href":"https:\/\/kasskoer.ee\/en\/wp-json\/wp\/v2\/media?parent=15507"}],"wp:term":[{"taxonomy":"product_cat","embeddable":true,"href":"https:\/\/kasskoer.ee\/en\/wp-json\/wp\/v2\/product_cat?post=15507"},{"taxonomy":"product_tag","embeddable":true,"href":"https:\/\/kasskoer.ee\/en\/wp-json\/wp\/v2\/product_tag?post=15507"}],"curies":[{"name":"wp","href":"https:\/\/api.w.org\/{rel}","templated":true}]}}