{"id":15510,"date":"2026-04-20T03:10:30","date_gmt":"2026-04-20T00:10:30","guid":{"rendered":"https:\/\/kasskoer.ee\/product\/lolo-pets-seemnepuudja-vaikestele-lindudele-2\/"},"modified":"2026-04-20T03:10:31","modified_gmt":"2026-04-20T00:10:31","slug":"lolo-pets-seemnepuudja-vaikestele-lindudele","status":"publish","type":"product","link":"https:\/\/kasskoer.ee\/en\/toode\/lolo-pets-seemnepuudja-vaikestele-lindudele\/","title":{"rendered":"LoLo Pets seemnep\u00fc\u00fcdja v\u00e4ikestele lindudele"},"content":{"rendered":"<p>LoLo Pets seemnep\u00fc\u00fcdja.&#13;<\/p>\n<li>Sobib k\u00f5igi LoLo Pets Smakersi maiusepulkadega.<\/li>\n<p>&#13;<\/p>\n<li>Seemnep\u00fc\u00fcdja paigaldamiseks eemalda \u00f5rnalt maiusepulga alumiselt osalt seemned ja keera see seemnep\u00fc\u00fcdja k\u00fclge.<\/li>\n<p>&#13;<\/p>\n<li>Aitab s\u00e4\u00e4sta kuni 20% seemnetest.<\/li>\n","protected":false},"excerpt":{"rendered":"<p>LoLo Pets seemnep\u00fc\u00fcdja v\u00e4ikestele lindudele.<\/p>\n","protected":false},"featured_media":12290,"template":"","meta":[],"product_cat":[435,3080,693],"product_tag":[],"class_list":{"0":"post-15510","1":"product","2":"type-product","3":"status-publish","4":"has-post-thumbnail","6":"product_cat-lindude-tarvikud","7":"product_cat-linnud","8":"product_cat-muud-loomad","9":"pa_brand-lolo-pets","10":"pa_ean-1156","11":"pa_kaal-0-047","12":"pa_tootjariik-poola","14":"first","15":"instock","16":"taxable","17":"shipping-taxable","18":"purchasable","19":"product-type-simple"},"_links":{"self":[{"href":"https:\/\/kasskoer.ee\/en\/wp-json\/wp\/v2\/product\/15510","targetHints":{"allow":["GET"]}}],"collection":[{"href":"https:\/\/kasskoer.ee\/en\/wp-json\/wp\/v2\/product"}],"about":[{"href":"https:\/\/kasskoer.ee\/en\/wp-json\/wp\/v2\/types\/product"}],"wp:featuredmedia":[{"embeddable":true,"href":"https:\/\/kasskoer.ee\/en\/wp-json\/wp\/v2\/media\/12290"}],"wp:attachment":[{"href":"https:\/\/kasskoer.ee\/en\/wp-json\/wp\/v2\/media?parent=15510"}],"wp:term":[{"taxonomy":"product_cat","embeddable":true,"href":"https:\/\/kasskoer.ee\/en\/wp-json\/wp\/v2\/product_cat?post=15510"},{"taxonomy":"product_tag","embeddable":true,"href":"https:\/\/kasskoer.ee\/en\/wp-json\/wp\/v2\/product_tag?post=15510"}],"curies":[{"name":"wp","href":"https:\/\/api.w.org\/{rel}","templated":true}]}}