{"id":15511,"date":"2026-04-20T03:10:30","date_gmt":"2026-04-20T00:10:30","guid":{"rendered":"https:\/\/kasskoer.ee\/product\/lolo-pets-smakers-maiusepulk-viirpapagoidele-puuviljadega-45g-2\/"},"modified":"2026-04-20T03:10:31","modified_gmt":"2026-04-20T00:10:31","slug":"lolo-pets-smakers-maiusepulk-viirpapagoidele-puuviljadega-45g","status":"publish","type":"product","link":"https:\/\/kasskoer.ee\/en\/toode\/lolo-pets-smakers-maiusepulk-viirpapagoidele-puuviljadega-45g\/","title":{"rendered":"LoLo Pets Smakers maiusepulk viirpapagoidele puuviljadega 45g"},"content":{"rendered":"<p>LoLo Pets &#8220;Single&#8221; t\u00e4iends\u00f6\u00f6t viirpapagoidele.&#13;<\/p>\n<li>Sisaldab naturaalseid vitamiine tugeva tervise jaoks.<\/li>\n<p>&#13;<\/p>\n<li>Pulgal on mugav kinnitus puurile kinnitamiseks.<\/li>\n<p>&#13;<br \/>\n<br \/>&#13;<br \/>\n<b>Koostis<\/b><br \/>&#13;<br \/>\nKollane hirss, punane hirss, nisujahu, nigeri seemned, v\u00e4rvohaka seemned, leedripuumarjad, kookosp\u00e4hkel, kuivatatud \u00f5un (1,5%), apelsinikoor, kuivatatud p\u00e4rm. Lisandid: v\u00e4rvained.<br \/>&#13;<br \/>\n<br \/>&#13;<br \/>\n<b>Anal\u00fc\u00fctilised koostisosad<\/b><br \/>&#13;<br \/>\nToorvalk (min) 10,6%, toorrasv (min)3,1%, toorkiud (maks) 5,3%, toortuhk (maks) 4,8%, niiskus (maks) 12,0%.<\/p>\n","protected":false},"excerpt":{"rendered":"<p>LoLo Pets Smakers Single maiusepulk viirpapagoidele puuviljadega.<\/p>\n","protected":false},"featured_media":12292,"template":"","meta":[],"product_cat":[1158,3080,693],"product_tag":[],"class_list":{"0":"post-15511","1":"product","2":"type-product","3":"status-publish","4":"has-post-thumbnail","6":"product_cat-lindude-maiused","7":"product_cat-linnud","8":"product_cat-muud-loomad","9":"pa_brand-lolo-pets","10":"pa_ean-1276","11":"pa_kaal-0-045","12":"pa_tootjariik-poola","14":"first","15":"outofstock","16":"taxable","17":"shipping-taxable","18":"purchasable","19":"product-type-simple"},"_links":{"self":[{"href":"https:\/\/kasskoer.ee\/en\/wp-json\/wp\/v2\/product\/15511","targetHints":{"allow":["GET"]}}],"collection":[{"href":"https:\/\/kasskoer.ee\/en\/wp-json\/wp\/v2\/product"}],"about":[{"href":"https:\/\/kasskoer.ee\/en\/wp-json\/wp\/v2\/types\/product"}],"wp:featuredmedia":[{"embeddable":true,"href":"https:\/\/kasskoer.ee\/en\/wp-json\/wp\/v2\/media\/12292"}],"wp:attachment":[{"href":"https:\/\/kasskoer.ee\/en\/wp-json\/wp\/v2\/media?parent=15511"}],"wp:term":[{"taxonomy":"product_cat","embeddable":true,"href":"https:\/\/kasskoer.ee\/en\/wp-json\/wp\/v2\/product_cat?post=15511"},{"taxonomy":"product_tag","embeddable":true,"href":"https:\/\/kasskoer.ee\/en\/wp-json\/wp\/v2\/product_tag?post=15511"}],"curies":[{"name":"wp","href":"https:\/\/api.w.org\/{rel}","templated":true}]}}