{"id":15517,"date":"2026-04-20T03:10:30","date_gmt":"2026-04-20T00:10:30","guid":{"rendered":"https:\/\/kasskoer.ee\/product\/lolo-pets-puffingers-narimispulgad-janestele-2tk-110g-2\/"},"modified":"2026-04-20T03:10:32","modified_gmt":"2026-04-20T00:10:32","slug":"lolo-pets-puffingers-narimispulgad-janestele-2tk-110g","status":"publish","type":"product","link":"https:\/\/kasskoer.ee\/en\/toode\/lolo-pets-puffingers-narimispulgad-janestele-2tk-110g\/","title":{"rendered":"LoLo Pets Puffingers n\u00e4rimispulgad j\u00e4nestele 2tk 110g"},"content":{"rendered":"<p>LoLo Pets &#8220;Puffingers&#8221; n\u00e4rimispulgad j\u00e4nestele.&#13;<\/p>\n<li>Sisaldab kasulikke vitamiine tugeva tervise jaoks.<\/li>\n<p>&#13;<\/p>\n<li>Aitab hoida karva tugeva ja l\u00e4ikivana.<\/li>\n<p>&#13;<\/p>\n<li>100% teraviljavaba.<\/li>\n<p>&#13;<\/p>\n<li>Mugav kinnitus puurile kinnitamiseks.<\/li>\n<p>&#13;<br \/>\n<br \/>&#13;<br \/>\n<b>Koostis<\/b><br \/>&#13;<br \/>\nTimut (30,8%), p\u00e4evalilleseemnejahu, kuivatatud nisutaimed, herne kiud, hernejahu, kartulit\u00e4rklis, kuivatatud porgandid (1,5%), linaseemned, p\u00e4evalille\u00f5li, kuivatatud \u00f5unad, papaia, basiilik, rosmariin, fenkol, piparm\u00fcnt (0,15%), n\u00f5ges, sigurijuur, kaltsiumkarbonaat, l\u00fcsiin, yucca.<br \/>&#13;<br \/>\n<br \/>&#13;<br \/>\n<b>Lisandid<\/b><br \/>&#13;<br \/>\nVitamiinid: A-10000 IU, D3-1000IU, E (alfotokoferool)- 80mg, C-100mg. Mikroelemendid: raud(E1)-75mg, vask(E4)-15mg, mangaan(E5)-30mg, tsink(E6)-5mg, seleen(E8)-0,2mg.<br \/>&#13;<br \/>\n<br \/>&#13;<br \/>\n<b>Anal\u00fc\u00fctilised koostisosad<\/b><br \/>&#13;<br \/>\nToorvalk (min) 13,2%, toorrasv (min) 0,1%, toorkiud (maks) 16,57%, toortuhk (maks) 6,02%, niiskus (maks) 12,0%.<\/p>\n","protected":false},"excerpt":{"rendered":"<p>LoLo Pets Puffingers n\u00e4rimispulgad j\u00e4nestele.<\/p>\n","protected":false},"featured_media":12304,"template":"","meta":[],"product_cat":[693,3078,994],"product_tag":[],"class_list":{"0":"post-15517","1":"product","2":"type-product","3":"status-publish","4":"has-post-thumbnail","6":"product_cat-muud-loomad","7":"product_cat-narilised","8":"product_cat-nariliste-maiused","9":"pa_brand-lolo-pets","10":"pa_ean-1278","11":"pa_kaal-0-110","12":"pa_tootjariik-poola","14":"first","15":"outofstock","16":"taxable","17":"shipping-taxable","18":"purchasable","19":"product-type-simple"},"_links":{"self":[{"href":"https:\/\/kasskoer.ee\/en\/wp-json\/wp\/v2\/product\/15517","targetHints":{"allow":["GET"]}}],"collection":[{"href":"https:\/\/kasskoer.ee\/en\/wp-json\/wp\/v2\/product"}],"about":[{"href":"https:\/\/kasskoer.ee\/en\/wp-json\/wp\/v2\/types\/product"}],"wp:featuredmedia":[{"embeddable":true,"href":"https:\/\/kasskoer.ee\/en\/wp-json\/wp\/v2\/media\/12304"}],"wp:attachment":[{"href":"https:\/\/kasskoer.ee\/en\/wp-json\/wp\/v2\/media?parent=15517"}],"wp:term":[{"taxonomy":"product_cat","embeddable":true,"href":"https:\/\/kasskoer.ee\/en\/wp-json\/wp\/v2\/product_cat?post=15517"},{"taxonomy":"product_tag","embeddable":true,"href":"https:\/\/kasskoer.ee\/en\/wp-json\/wp\/v2\/product_tag?post=15517"}],"curies":[{"name":"wp","href":"https:\/\/api.w.org\/{rel}","templated":true}]}}