{"id":15519,"date":"2026-04-20T03:10:30","date_gmt":"2026-04-20T00:10:30","guid":{"rendered":"https:\/\/kasskoer.ee\/product\/lolo-pets-smakers-3in1-maiusepulgad-viirpapagoidele-muna-mee-ja-puuviljadega-3tk-130g-2\/"},"modified":"2026-04-20T03:10:32","modified_gmt":"2026-04-20T00:10:32","slug":"lolo-pets-smakers-3in1-maiusepulgad-viirpapagoidele-muna-mee-ja-puuviljadega-3tk-130g","status":"publish","type":"product","link":"https:\/\/kasskoer.ee\/en\/toode\/lolo-pets-smakers-3in1-maiusepulgad-viirpapagoidele-muna-mee-ja-puuviljadega-3tk-130g\/","title":{"rendered":"LoLo Pets Smakers 3in1 maiusepulgad viirpapagoidele muna, mee ja puuviljadega 3tk 130g"},"content":{"rendered":"<p>LoLo Pets &#8220;Smakers&#8221; maiusepulgad viirpapagoidele. Pakendis 3 eri lisanditega pulka.&#13;<\/p>\n<li>Sisaldab naturaalseid vitamiine tugeva tervise jaoks.<\/li>\n<p>&#13;<\/p>\n<li>Pulgal on mugav kinnitus puurile kinnitamiseks.<\/li>\n<p>&#13;<br \/>\n<br \/>&#13;<br \/>\n<b>Koostis<\/b><br \/>&#13;<br \/>\nMuna: kollane hirss, nisujahu, punane sorgo, nigeri seemned, kuivatatud munapulber (1,5%), kuivatatud p\u00e4rm.<br \/>&#13;<br \/>\nMesi: kollane hirss (40%), nisujahu, punane hirss, punane sorgo, kooritud kaer, linaseemned, kanepiseemned, mesinduse k\u00f5rvalsaadused (2%).<br \/>&#13;<br \/>\nPuuvili: nisujahu, kollane hirss, punane sorgo, kuivatatud aroonia, punane hirss, nigeri seemned, p\u00e4evalilleseemned, kuivat.apelsini koor (2%), kookos, kuivatatud \u00f5unad (1,5%), p\u00e4rm.<br \/>&#13;<br \/>\n<br \/>&#13;<br \/>\n<b>Anal\u00fc\u00fctilised koostisosad<\/b><br \/>&#13;<br \/>\nToorvalk (min) 11%, toorrasv (min) 2,1%, toorkiud (maks) 9,7%, toortuhk (maks) 4,8%, niiskus (maks) 12,0%.<\/p>\n","protected":false},"excerpt":{"rendered":"<p>LoLo Pets Smakers maiusepulgad viirpapagoidele muna, mee ja puuviljadega.<\/p>\n","protected":false},"featured_media":12308,"template":"","meta":[],"product_cat":[1158,3080,693],"product_tag":[],"class_list":{"0":"post-15519","1":"product","2":"type-product","3":"status-publish","4":"has-post-thumbnail","6":"product_cat-lindude-maiused","7":"product_cat-linnud","8":"product_cat-muud-loomad","9":"pa_brand-lolo-pets","10":"pa_ean-1163","11":"pa_kaal-0-130","12":"pa_tootjariik-poola","14":"first","15":"outofstock","16":"taxable","17":"shipping-taxable","18":"purchasable","19":"product-type-simple"},"_links":{"self":[{"href":"https:\/\/kasskoer.ee\/en\/wp-json\/wp\/v2\/product\/15519","targetHints":{"allow":["GET"]}}],"collection":[{"href":"https:\/\/kasskoer.ee\/en\/wp-json\/wp\/v2\/product"}],"about":[{"href":"https:\/\/kasskoer.ee\/en\/wp-json\/wp\/v2\/types\/product"}],"wp:featuredmedia":[{"embeddable":true,"href":"https:\/\/kasskoer.ee\/en\/wp-json\/wp\/v2\/media\/12308"}],"wp:attachment":[{"href":"https:\/\/kasskoer.ee\/en\/wp-json\/wp\/v2\/media?parent=15519"}],"wp:term":[{"taxonomy":"product_cat","embeddable":true,"href":"https:\/\/kasskoer.ee\/en\/wp-json\/wp\/v2\/product_cat?post=15519"},{"taxonomy":"product_tag","embeddable":true,"href":"https:\/\/kasskoer.ee\/en\/wp-json\/wp\/v2\/product_tag?post=15519"}],"curies":[{"name":"wp","href":"https:\/\/api.w.org\/{rel}","templated":true}]}}