{"id":15520,"date":"2026-04-20T03:10:30","date_gmt":"2026-04-20T00:10:30","guid":{"rendered":"https:\/\/kasskoer.ee\/product\/lolo-pets-premium-maiusepulgad-numfkakaduudele-2tk-90g-2\/"},"modified":"2026-04-20T03:10:32","modified_gmt":"2026-04-20T00:10:32","slug":"lolo-pets-premium-maiusepulgad-numfkakaduudele-2tk-90g","status":"publish","type":"product","link":"https:\/\/kasskoer.ee\/en\/toode\/lolo-pets-premium-maiusepulgad-numfkakaduudele-2tk-90g\/","title":{"rendered":"LoLo Pets Premium maiusepulgad n\u00fcmfkakaduudele 2tk 90g"},"content":{"rendered":"<p>LoLo Pets &#8220;Premium&#8221; t\u00e4iss\u00f6\u00f6t n\u00fcmfkakaduudele.&#13;<\/p>\n<li>Sisaldab naturaalseid vitamiine tugeva tervise jaoks.<\/li>\n<p>&#13;<\/p>\n<li>Sisaldab tugeva ja terve sulestiku jaoks vajalikke toitaineid.<\/li>\n<p>&#13;<br \/>\n<br \/>&#13;<br \/>\n<b>Koostis<\/b><br \/>&#13;<br \/>\nPunane hirss, kollane hirss, valge hirss, linaseemned, kaeratangud, tatar, kuivatatud \u00f5un, kanaarilinnurohu semned, rosinad, punane sorgum, nisuhelbed, p\u00e4evalilleseemned, pihlakamarjad, kanepiseemned, v\u00e4rvohaka seemned, nisujahu, maisijahu, r\u00f6stitud porgand, aed-mustohaka seemned, kuivatatud eukal\u00fcptilehed, saialille \u00f5ied, lutsern, munapulber, linaseemne\u00f5li, papaia pulber, kuivatatud p\u00e4rm, kaltsiumkarbonaat.<br \/>&#13;<br \/>\n<br \/>&#13;<br \/>\n<b>Anal\u00fc\u00fctilised koostisosad<\/b><br \/>&#13;<br \/>\nToorvalk (min) 9,8%, toorrasv (min) 3,5%, toorkiud (maks) 11,57%, toortuhk (maks) 3,8%, niiskus (maks) 12,0%.<\/p>\n","protected":false},"excerpt":{"rendered":"<p>LoLo Pets Premium maiusepulgad n\u00fcmfkakaduudele.<\/p>\n","protected":false},"featured_media":12310,"template":"","meta":[],"product_cat":[1158,3080,693],"product_tag":[],"class_list":{"0":"post-15520","1":"product","2":"type-product","3":"status-publish","4":"has-post-thumbnail","6":"product_cat-lindude-maiused","7":"product_cat-linnud","8":"product_cat-muud-loomad","9":"pa_brand-lolo-pets","10":"pa_ean-1164","11":"pa_kaal-0-090","12":"pa_tootjariik-poola","14":"first","15":"outofstock","16":"taxable","17":"shipping-taxable","18":"purchasable","19":"product-type-simple"},"_links":{"self":[{"href":"https:\/\/kasskoer.ee\/en\/wp-json\/wp\/v2\/product\/15520","targetHints":{"allow":["GET"]}}],"collection":[{"href":"https:\/\/kasskoer.ee\/en\/wp-json\/wp\/v2\/product"}],"about":[{"href":"https:\/\/kasskoer.ee\/en\/wp-json\/wp\/v2\/types\/product"}],"wp:featuredmedia":[{"embeddable":true,"href":"https:\/\/kasskoer.ee\/en\/wp-json\/wp\/v2\/media\/12310"}],"wp:attachment":[{"href":"https:\/\/kasskoer.ee\/en\/wp-json\/wp\/v2\/media?parent=15520"}],"wp:term":[{"taxonomy":"product_cat","embeddable":true,"href":"https:\/\/kasskoer.ee\/en\/wp-json\/wp\/v2\/product_cat?post=15520"},{"taxonomy":"product_tag","embeddable":true,"href":"https:\/\/kasskoer.ee\/en\/wp-json\/wp\/v2\/product_tag?post=15520"}],"curies":[{"name":"wp","href":"https:\/\/api.w.org\/{rel}","templated":true}]}}