{"id":15525,"date":"2026-04-20T03:10:30","date_gmt":"2026-04-20T00:10:30","guid":{"rendered":"https:\/\/kasskoer.ee\/product\/lolo-pets-basic-taiendsoot-suurtele-papagoidele-puuviljade-ja-juurviljadega-900g-2\/"},"modified":"2026-04-20T03:10:32","modified_gmt":"2026-04-20T00:10:32","slug":"lolo-pets-basic-taiendsoot-suurtele-papagoidele-puuviljade-ja-juurviljadega-900g","status":"publish","type":"product","link":"https:\/\/kasskoer.ee\/en\/toode\/lolo-pets-basic-taiendsoot-suurtele-papagoidele-puuviljade-ja-juurviljadega-900g\/","title":{"rendered":"LoLo Pets Basic t\u00e4iends\u00f6\u00f6t suurtele papagoidele puuviljade ja juurviljadega 900g"},"content":{"rendered":"<p>LoLo Pets &#8220;Basic&#8221; t\u00e4iends\u00f6\u00f6t papagoidele.&#13;<\/p>\n<li>Aitab hoida linnu sulestiku korras ja l\u00e4ikivana.<\/li>\n<p>&#13;<\/p>\n<li>Sisaldab naturaalseid vitamiine tugeva tervise jaoks.<\/li>\n<p>&#13;<br \/>\n<br \/>&#13;<br \/>\n<b>Koostis<\/b><br \/>&#13;<br \/>\nAnanass, papaia (15%), rosinad, mungoad, kuivatatud porgand (7%), oahelbed (6%), \u00f5un (5%), kooritud k\u00f5rvitsaseemned, porrulauk, pihlakamarjad, kibuvitsamarjad, maisihelbed, kadakamarjad, koorimata k\u00f5rvitsaseemned, t\u0161illipipar (1%), r\u00f6stitud nisu.<br \/>&#13;<br \/>\n<br \/>&#13;<br \/>\n<b>Anal\u00fc\u00fctilised koostisosad<\/b><br \/>&#13;<br \/>\nToorvalk (min) 3,33%, toorrasv (min) 4,41%, toorkiud (maks) 6,53%, toortuhk (maks) 2,66%, niiskus (maks) 12,0%.<\/p>\n","protected":false},"excerpt":{"rendered":"<p>LoLo Pets Basic t\u00e4iends\u00f6\u00f6t puuviljade ja juurviljadega suurtele papagoidele.<\/p>\n","protected":false},"featured_media":12320,"template":"","meta":[],"product_cat":[1168,3080,693],"product_tag":[],"class_list":{"0":"post-15525","1":"product","2":"type-product","3":"status-publish","4":"has-post-thumbnail","6":"product_cat-linnutoit","7":"product_cat-linnud","8":"product_cat-muud-loomad","9":"pa_brand-lolo-pets","10":"pa_ean-1169","11":"pa_kaal-0-900","12":"pa_tootjariik-poola","14":"first","15":"outofstock","16":"taxable","17":"shipping-taxable","18":"purchasable","19":"product-type-simple"},"_links":{"self":[{"href":"https:\/\/kasskoer.ee\/en\/wp-json\/wp\/v2\/product\/15525","targetHints":{"allow":["GET"]}}],"collection":[{"href":"https:\/\/kasskoer.ee\/en\/wp-json\/wp\/v2\/product"}],"about":[{"href":"https:\/\/kasskoer.ee\/en\/wp-json\/wp\/v2\/types\/product"}],"wp:featuredmedia":[{"embeddable":true,"href":"https:\/\/kasskoer.ee\/en\/wp-json\/wp\/v2\/media\/12320"}],"wp:attachment":[{"href":"https:\/\/kasskoer.ee\/en\/wp-json\/wp\/v2\/media?parent=15525"}],"wp:term":[{"taxonomy":"product_cat","embeddable":true,"href":"https:\/\/kasskoer.ee\/en\/wp-json\/wp\/v2\/product_cat?post=15525"},{"taxonomy":"product_tag","embeddable":true,"href":"https:\/\/kasskoer.ee\/en\/wp-json\/wp\/v2\/product_tag?post=15525"}],"curies":[{"name":"wp","href":"https:\/\/api.w.org\/{rel}","templated":true}]}}