{"id":15529,"date":"2026-04-20T03:10:30","date_gmt":"2026-04-20T00:10:30","guid":{"rendered":"https:\/\/kasskoer.ee\/product\/lolo-pets-foody-taissoot-kanaarilindudele-600g-2\/"},"modified":"2026-04-20T03:10:32","modified_gmt":"2026-04-20T00:10:32","slug":"lolo-pets-foody-taissoot-kanaarilindudele-600g","status":"publish","type":"product","link":"https:\/\/kasskoer.ee\/en\/toode\/lolo-pets-foody-taissoot-kanaarilindudele-600g\/","title":{"rendered":"LoLo Pets Foody t\u00e4iss\u00f6\u00f6t kanaarilindudele 600g"},"content":{"rendered":"<p>LoLo Pets &#8220;Foody&#8221; t\u00e4iss\u00f6\u00f6t kanaarilindudele.&#13;<\/p>\n<li>Sisaldab naturaalseid vitamiine tugeva tervise jaoks.<\/li>\n<p>&#13;<\/p>\n<li>Aitab hoida sulestiku tervena.<\/li>\n<p>&#13;<br \/>\n<br \/>&#13;<br \/>\n<b>Koostis<\/b><br \/>&#13;<br \/>\nKanaariheina seemned, kollane hirss, punane hirss, rapsiseemned, naeriseemned, valge hirss, kooritud kaer, linaseemned, kanepiseemned, kuivatatud porgand, austri karbid, sojajahu, maisijahu, nisujahu, lutsern, papaia pulber, linaseemne\u00f5li, kaltsiumkarbonaat, dikaltsiumfosfaat.<br \/>&#13;<br \/>\n<br \/>&#13;<br \/>\n<b>Anal\u00fc\u00fctilised koostisosad<\/b><br \/>&#13;<br \/>\nToorvalk (min) 12,5%, toorrasv (min) 10,6%, toorkiud (maks) 11,31%, toortuhk (maks) 5,59%, niiskus (maks) 12,0%.<\/p>\n","protected":false},"excerpt":{"rendered":"<p>LoLo Pets &#8220;Foody&#8221; Premium t\u00e4istoit kanaarilindudele.<\/p>\n","protected":false},"featured_media":12330,"template":"","meta":[],"product_cat":[1168,3080,693],"product_tag":[],"class_list":{"0":"post-15529","1":"product","2":"type-product","3":"status-publish","4":"has-post-thumbnail","6":"product_cat-linnutoit","7":"product_cat-linnud","8":"product_cat-muud-loomad","9":"pa_brand-lolo-pets","10":"pa_ean-1174","11":"pa_kaal-0-600","12":"pa_tootjariik-poola","14":"first","15":"outofstock","16":"taxable","17":"shipping-taxable","18":"purchasable","19":"product-type-simple"},"_links":{"self":[{"href":"https:\/\/kasskoer.ee\/en\/wp-json\/wp\/v2\/product\/15529","targetHints":{"allow":["GET"]}}],"collection":[{"href":"https:\/\/kasskoer.ee\/en\/wp-json\/wp\/v2\/product"}],"about":[{"href":"https:\/\/kasskoer.ee\/en\/wp-json\/wp\/v2\/types\/product"}],"wp:featuredmedia":[{"embeddable":true,"href":"https:\/\/kasskoer.ee\/en\/wp-json\/wp\/v2\/media\/12330"}],"wp:attachment":[{"href":"https:\/\/kasskoer.ee\/en\/wp-json\/wp\/v2\/media?parent=15529"}],"wp:term":[{"taxonomy":"product_cat","embeddable":true,"href":"https:\/\/kasskoer.ee\/en\/wp-json\/wp\/v2\/product_cat?post=15529"},{"taxonomy":"product_tag","embeddable":true,"href":"https:\/\/kasskoer.ee\/en\/wp-json\/wp\/v2\/product_tag?post=15529"}],"curies":[{"name":"wp","href":"https:\/\/api.w.org\/{rel}","templated":true}]}}