{"id":15533,"date":"2026-04-20T03:10:30","date_gmt":"2026-04-20T00:10:30","guid":{"rendered":"https:\/\/kasskoer.ee\/product\/lolo-pets-premium-taissoot-kanaarilindudele-1kg-2\/"},"modified":"2026-04-20T03:10:33","modified_gmt":"2026-04-20T00:10:33","slug":"lolo-pets-premium-taissoot-kanaarilindudele-1kg","status":"publish","type":"product","link":"https:\/\/kasskoer.ee\/en\/toode\/lolo-pets-premium-taissoot-kanaarilindudele-1kg\/","title":{"rendered":"LoLo Pets Premium t\u00e4iss\u00f6\u00f6t kanaarilindudele 1kg"},"content":{"rendered":"<p>LoLo Pets &#8220;Premium&#8221; t\u00e4iss\u00f6\u00f6t kanaarilindudele.&#13;<\/p>\n<li>Sisaldab naturaalseid vitamiine tugeva tervise jaoks.<\/li>\n<p>&#13;<\/p>\n<li>Aitab hoida sulestiku tervena.<\/li>\n<p>&#13;<\/p>\n<li>Suurep\u00e4rane valik igap\u00e4evaseks tasakaalustatud ja t\u00e4isv\u00e4\u00e4rtuslikuks toitumiseks.<\/li>\n<p>&#13;<br \/>\n<br \/>&#13;<br \/>\n<b>Koostis<\/b><br \/>&#13;<br \/>\nKanaariheina seemned, valge hirss, kollane hirss, punane hirss, rapsiseemned, naeriseemned, seesamiseemned, r\u00f6stitud porgand, nigeriseemned, mooniseemned, linaseemned, kuivatatud punane paprika, kanepiseemned, mustk\u00f6\u00f6mne seemned, valge sorgum, punane sorgum, kuivatatud vaarika pulber, aroonia viljaliha, maisijahu, nisujahu, lutsernijahu, munapulber, linaseemne\u00f5li, papaia pulber, rebasheina seemned, p\u00e4rmiekstrakt, kaltsiumkarbonaat.<br \/>&#13;<br \/>\n<br \/>&#13;<br \/>\n<b>Anal\u00fc\u00fctilised koostisosad<\/b><br \/>&#13;<br \/>\nToorvalk (min) 13,2%, toorrasv (min) 9,1%, toorkiud (maks) 12,7%, toortuhk (maks) 4,6%, niiskus (maks) 12,0%.<\/p>\n","protected":false},"excerpt":{"rendered":"<p>LoLo Pets Premium t\u00e4istoit kanaarilindudele.<\/p>\n","protected":false},"featured_media":12338,"template":"","meta":[],"product_cat":[1168,3080,693],"product_tag":[],"class_list":{"0":"post-15533","1":"product","2":"type-product","3":"status-publish","4":"has-post-thumbnail","6":"product_cat-linnutoit","7":"product_cat-linnud","8":"product_cat-muud-loomad","9":"pa_brand-lolo-pets","10":"pa_ean-1178","11":"pa_kaal-1-000","12":"pa_tootjariik-poola","14":"first","15":"outofstock","16":"taxable","17":"shipping-taxable","18":"purchasable","19":"product-type-simple"},"_links":{"self":[{"href":"https:\/\/kasskoer.ee\/en\/wp-json\/wp\/v2\/product\/15533","targetHints":{"allow":["GET"]}}],"collection":[{"href":"https:\/\/kasskoer.ee\/en\/wp-json\/wp\/v2\/product"}],"about":[{"href":"https:\/\/kasskoer.ee\/en\/wp-json\/wp\/v2\/types\/product"}],"wp:featuredmedia":[{"embeddable":true,"href":"https:\/\/kasskoer.ee\/en\/wp-json\/wp\/v2\/media\/12338"}],"wp:attachment":[{"href":"https:\/\/kasskoer.ee\/en\/wp-json\/wp\/v2\/media?parent=15533"}],"wp:term":[{"taxonomy":"product_cat","embeddable":true,"href":"https:\/\/kasskoer.ee\/en\/wp-json\/wp\/v2\/product_cat?post=15533"},{"taxonomy":"product_tag","embeddable":true,"href":"https:\/\/kasskoer.ee\/en\/wp-json\/wp\/v2\/product_tag?post=15533"}],"curies":[{"name":"wp","href":"https:\/\/api.w.org\/{rel}","templated":true}]}}