{"id":15534,"date":"2026-04-20T03:10:33","date_gmt":"2026-04-20T00:10:33","guid":{"rendered":"https:\/\/kasskoer.ee\/product\/lolo-pets-premium-taissoot-viirpapagoidele-1kg-2\/"},"modified":"2026-04-20T03:10:33","modified_gmt":"2026-04-20T00:10:33","slug":"lolo-pets-premium-taissoot-viirpapagoidele-1kg","status":"publish","type":"product","link":"https:\/\/kasskoer.ee\/en\/toode\/lolo-pets-premium-taissoot-viirpapagoidele-1kg\/","title":{"rendered":"LoLo Pets Premium t\u00e4iss\u00f6\u00f6t viirpapagoidele 1kg"},"content":{"rendered":"<p>LoLo Pets &#8220;Premium&#8221; t\u00e4iss\u00f6\u00f6t viirpapagoidele.&#13;<\/p>\n<li>Sisaldab naturaalseid vitamiine tugeva tervise jaoks.<\/li>\n<p>&#13;<\/p>\n<li>Aitab hoida sulestiku tervena.<\/li>\n<p>&#13;<\/p>\n<li>Suurep\u00e4rane valik igap\u00e4evaseks tasakaalustatud ja t\u00e4isv\u00e4\u00e4rtuslikuks toitumiseks.<\/li>\n<p>&#13;<br \/>\n<br \/>&#13;<br \/>\n<b>Koostis<\/b><br \/>&#13;<br \/>\nKollane hirss, valge hirss, punane hirss, kanaariheina seemned, valge sorgum, seesamiseemned, kanepiseemned, kooritud kaer, linaseemned, v\u00e4rvohaka seemned, maap\u00e4hklid, p\u00e4evalilleseemned, merekarbid, nigeri seemned, paisutatud porgand, kuivatatud \u00f5un, k\u00f6\u00f6mned, maisijahu, nisujahu, lutsernijahu, munapulber, kuivatatud maasikad, linaseemne\u00f5li, papaia pulber, p\u00e4rmiekstrakt, kaltsiumkarbonaat.<br \/>&#13;<br \/>\n<br \/>&#13;<br \/>\n<b>Anal\u00fc\u00fctilised koostisosad<\/b><br \/>&#13;<br \/>\nToorvalk (min) 12,2%, toorrasv (min) 7,5%, toorkiud (maks) 11,2%, toortuhk (maks) 6,2%, niiskus (maks) 12,0%.<\/p>\n","protected":false},"excerpt":{"rendered":"<p>LoLo Pets Premium t\u00e4istoit viirpapagoidele.<\/p>\n","protected":false},"featured_media":12340,"template":"","meta":[],"product_cat":[1168,3080,693],"product_tag":[],"class_list":{"0":"post-15534","1":"product","2":"type-product","3":"status-publish","4":"has-post-thumbnail","6":"product_cat-linnutoit","7":"product_cat-linnud","8":"product_cat-muud-loomad","9":"pa_brand-lolo-pets","10":"pa_ean-1179","11":"pa_kaal-1-000","12":"pa_tootjariik-poola","14":"first","15":"outofstock","16":"taxable","17":"shipping-taxable","18":"purchasable","19":"product-type-simple"},"_links":{"self":[{"href":"https:\/\/kasskoer.ee\/en\/wp-json\/wp\/v2\/product\/15534","targetHints":{"allow":["GET"]}}],"collection":[{"href":"https:\/\/kasskoer.ee\/en\/wp-json\/wp\/v2\/product"}],"about":[{"href":"https:\/\/kasskoer.ee\/en\/wp-json\/wp\/v2\/types\/product"}],"wp:featuredmedia":[{"embeddable":true,"href":"https:\/\/kasskoer.ee\/en\/wp-json\/wp\/v2\/media\/12340"}],"wp:attachment":[{"href":"https:\/\/kasskoer.ee\/en\/wp-json\/wp\/v2\/media?parent=15534"}],"wp:term":[{"taxonomy":"product_cat","embeddable":true,"href":"https:\/\/kasskoer.ee\/en\/wp-json\/wp\/v2\/product_cat?post=15534"},{"taxonomy":"product_tag","embeddable":true,"href":"https:\/\/kasskoer.ee\/en\/wp-json\/wp\/v2\/product_tag?post=15534"}],"curies":[{"name":"wp","href":"https:\/\/api.w.org\/{rel}","templated":true}]}}