{"id":15541,"date":"2026-04-20T03:10:33","date_gmt":"2026-04-20T00:10:33","guid":{"rendered":"https:\/\/kasskoer.ee\/product\/lolo-pets-smakers-mineraalpulgad-narilistele-ja-janestele-2tk-135g-2\/"},"modified":"2026-04-20T03:10:33","modified_gmt":"2026-04-20T00:10:33","slug":"lolo-pets-smakers-mineraalpulgad-narilistele-ja-janestele-2tk-135g","status":"publish","type":"product","link":"https:\/\/kasskoer.ee\/en\/toode\/lolo-pets-smakers-mineraalpulgad-narilistele-ja-janestele-2tk-135g\/","title":{"rendered":"LoLo Pets Smakers mineraalpulgad n\u00e4rilistele ja j\u00e4nestele 2tk 135g"},"content":{"rendered":"<p>LoLo Pets &#8220;Smakers&#8221; naturaalne lubi. Mineraals\u00f6\u00f6t n\u00e4rilistele.&#13;<\/p>\n<li>Igap\u00e4evane mineraaltoit, mis sisaldab vajalikke aineid tugevate ja tervete hammaste ja luude jaoks.<\/li>\n<p>&#13;<\/p>\n<li>Konks puuri k\u00fclge kinnitamiseks.<\/li>\n<p>&#13;<\/p>\n<li>Sisaldab looduslikke mineraalaineid.<\/li>\n<p>&#13;<br \/>\n<br \/>&#13;<br \/>\n<b>Koostis<\/b><br \/>&#13;<br \/>\nKaltsiumkarbonaat 100%<br \/>&#13;<br \/>\n<br \/>&#13;<br \/>\n<b>Anal\u00fc\u00fctilised koostisosad<\/b><br \/>&#13;<br \/>\nKaltsium 36,8 &#8211; 38,8%, fosfor (min) 0,22%, naatrium 0,01 &#8211; 0,21%.<\/p>\n","protected":false},"excerpt":{"rendered":"<p>LoLo Pets Lime mineraaltoit n\u00e4rilistele ja j\u00e4nestele.<\/p>\n","protected":false},"featured_media":12354,"template":"","meta":[],"product_cat":[1314,693,3078],"product_tag":[],"class_list":{"0":"post-15541","1":"product","2":"type-product","3":"status-publish","4":"has-post-thumbnail","6":"product_cat-nariliste-toidulisandid","7":"product_cat-muud-loomad","8":"product_cat-narilised","9":"pa_brand-lolo-pets","10":"pa_ean-1181","11":"pa_kaal-0-090","12":"pa_tootjariik-poola","14":"first","15":"outofstock","16":"taxable","17":"shipping-taxable","18":"purchasable","19":"product-type-simple"},"_links":{"self":[{"href":"https:\/\/kasskoer.ee\/en\/wp-json\/wp\/v2\/product\/15541","targetHints":{"allow":["GET"]}}],"collection":[{"href":"https:\/\/kasskoer.ee\/en\/wp-json\/wp\/v2\/product"}],"about":[{"href":"https:\/\/kasskoer.ee\/en\/wp-json\/wp\/v2\/types\/product"}],"wp:featuredmedia":[{"embeddable":true,"href":"https:\/\/kasskoer.ee\/en\/wp-json\/wp\/v2\/media\/12354"}],"wp:attachment":[{"href":"https:\/\/kasskoer.ee\/en\/wp-json\/wp\/v2\/media?parent=15541"}],"wp:term":[{"taxonomy":"product_cat","embeddable":true,"href":"https:\/\/kasskoer.ee\/en\/wp-json\/wp\/v2\/product_cat?post=15541"},{"taxonomy":"product_tag","embeddable":true,"href":"https:\/\/kasskoer.ee\/en\/wp-json\/wp\/v2\/product_tag?post=15541"}],"curies":[{"name":"wp","href":"https:\/\/api.w.org\/{rel}","templated":true}]}}