{"id":15543,"date":"2026-04-20T03:10:33","date_gmt":"2026-04-20T00:10:33","guid":{"rendered":"https:\/\/kasskoer.ee\/product\/lolo-pets-kasepuust-tunnel-narilistele-heinaga-m-2\/"},"modified":"2026-04-20T03:10:33","modified_gmt":"2026-04-20T00:10:33","slug":"lolo-pets-kasepuust-tunnel-narilistele-heinaga-m","status":"publish","type":"product","link":"https:\/\/kasskoer.ee\/en\/toode\/lolo-pets-kasepuust-tunnel-narilistele-heinaga-m\/","title":{"rendered":"LoLo Pets kasepuust tunnel n\u00e4rilistele heinaga M"},"content":{"rendered":"<p>LoLo Pets kasepuust tunnel n\u00e4rilistele heinaga.&#13;<\/p>\n<li>Looduslik ja kahjutu puit. <\/li>\n<p>&#13;<\/p>\n<li>100% naturaalne kasepuust tunnel annab n\u00e4rilistele v\u00f5imaluse olla aktiivne, m\u00e4ngida ning samalajal ka m\u00f5nusalt maiustada.<\/li>\n<p>&#13;<br \/>\n<br \/>&#13;<br \/>\n<b>Koostis<\/b><br \/>&#13;<br \/>\nKasepuu, hein.<br \/>&#13;<br \/>\n<br \/>&#13;<br \/>\n<b>Anal\u00fc\u00fctilised koostisosad<\/b><br \/>&#13;<br \/>\nToorvalk (min) 12,5%, toorrasv (min)0,01%, toorkiud (maks) 29,5%, toortuhk (maks) 5,2%, niiskus (maks) 12,0%.<\/p>\n","protected":false},"excerpt":{"rendered":"<p>LoLo kasepuust tunnel n\u00e4rilistele heinga. 100% naturaalne kasepuust tunnel annab n\u00e4rilistele v\u00f5imaluse olla aktiivne, m\u00e4ngida ning samalajal ka m\u00f5nusalt maiustada.<\/p>\n","protected":false},"featured_media":12358,"template":"","meta":[],"product_cat":[693,3078,994],"product_tag":[],"class_list":{"0":"post-15543","1":"product","2":"type-product","3":"status-publish","4":"has-post-thumbnail","6":"product_cat-muud-loomad","7":"product_cat-narilised","8":"product_cat-nariliste-maiused","9":"pa_brand-lolo-pets","10":"pa_ean-1280","11":"pa_kaal-0-210","12":"pa_tootjariik-poola","14":"first","15":"outofstock","16":"taxable","17":"shipping-taxable","18":"purchasable","19":"product-type-simple"},"_links":{"self":[{"href":"https:\/\/kasskoer.ee\/en\/wp-json\/wp\/v2\/product\/15543","targetHints":{"allow":["GET"]}}],"collection":[{"href":"https:\/\/kasskoer.ee\/en\/wp-json\/wp\/v2\/product"}],"about":[{"href":"https:\/\/kasskoer.ee\/en\/wp-json\/wp\/v2\/types\/product"}],"wp:featuredmedia":[{"embeddable":true,"href":"https:\/\/kasskoer.ee\/en\/wp-json\/wp\/v2\/media\/12358"}],"wp:attachment":[{"href":"https:\/\/kasskoer.ee\/en\/wp-json\/wp\/v2\/media?parent=15543"}],"wp:term":[{"taxonomy":"product_cat","embeddable":true,"href":"https:\/\/kasskoer.ee\/en\/wp-json\/wp\/v2\/product_cat?post=15543"},{"taxonomy":"product_tag","embeddable":true,"href":"https:\/\/kasskoer.ee\/en\/wp-json\/wp\/v2\/product_tag?post=15543"}],"curies":[{"name":"wp","href":"https:\/\/api.w.org\/{rel}","templated":true}]}}