{"id":15551,"date":"2026-04-20T03:10:33","date_gmt":"2026-04-20T00:10:33","guid":{"rendered":"https:\/\/kasskoer.ee\/product\/lolo-pets-puffingers-narimispulgad-merisigadele-2tk-110g-2\/"},"modified":"2026-04-20T03:10:33","modified_gmt":"2026-04-20T00:10:33","slug":"lolo-pets-puffingers-narimispulgad-merisigadele-2tk-110g","status":"publish","type":"product","link":"https:\/\/kasskoer.ee\/en\/toode\/lolo-pets-puffingers-narimispulgad-merisigadele-2tk-110g\/","title":{"rendered":"LoLo Pets Puffingers n\u00e4rimispulgad merisigadele 2tk 110g"},"content":{"rendered":"<p>LoLo Pets &#8220;Puffingers&#8221; n\u00e4rimispulgad merisigadele.&#13;<\/p>\n<li>Sisaldab kasulikke vitamiine tugeva tervise jaoks.<\/li>\n<p>&#13;<\/p>\n<li>Hoiab karva tugeva ja l\u00e4kivana.<\/li>\n<p>&#13;<\/p>\n<li>Aitab hoida hambad tervetena.<\/li>\n<p>&#13;<\/p>\n<li>Mugav kinnitus puurile kinnitamiseks.<\/li>\n<p>&#13;<br \/>\n<br \/>&#13;<br \/>\n<b>Koostis<\/b><br \/>&#13;<br \/>\nTimut (30,9%), kuivatatud nisutaimed, herne kiud, hernejahu, kartulit\u00e4rklis, p\u00e4evalilleseemnejahu, kuivatatud porgandid, linaseemned, sigurijuur (0,5%), petersell, j\u00f5hvikad (0,5%), punane pipar (0,5%), p\u00e4evalille\u00f5li, l\u00fcsiin, basiilik, rosmariin, fenkol (0,05%), piparm\u00fcnt (0,05%), n\u00f5ges, l\u00fcsiin, yucca.<br \/>&#13;<br \/>\n<br \/>&#13;<br \/>\n<b>Lisandid<\/b><br \/>&#13;<br \/>\nVitamiinid: A-12000 IU, D3-1200IU, E (alfotokoferool)-80mg, C-1000mg. Mikroelemendid: raud(E1)-75mg, vask(E4)-15mg, mangaan(E5)-30mg, tsink(E6)-75mg, seleen(E8)-0,2mg.<br \/>&#13;<br \/>\n<br \/>&#13;<br \/>\n<b>Anal\u00fc\u00fctilised koostisosad<\/b><br \/>&#13;<br \/>\nToorvalk (min) 12,7%, toorrasv (min) 0,52%, toorkiud (maks) 15,75%, toortuhk (maks) 5,87%, niiskus (maks) 12,0%.<\/p>\n","protected":false},"excerpt":{"rendered":"<p>LoLo Pets Puffingers n\u00e4rimispulgad merisigadele.<\/p>\n","protected":false},"featured_media":12374,"template":"","meta":[],"product_cat":[693,3078,994],"product_tag":[],"class_list":{"0":"post-15551","1":"product","2":"type-product","3":"status-publish","4":"has-post-thumbnail","6":"product_cat-muud-loomad","7":"product_cat-narilised","8":"product_cat-nariliste-maiused","9":"pa_brand-lolo-pets","10":"pa_ean-1288","11":"pa_kaal-0-110","12":"pa_tootjariik-poola","14":"first","15":"outofstock","16":"taxable","17":"shipping-taxable","18":"purchasable","19":"product-type-simple"},"_links":{"self":[{"href":"https:\/\/kasskoer.ee\/en\/wp-json\/wp\/v2\/product\/15551","targetHints":{"allow":["GET"]}}],"collection":[{"href":"https:\/\/kasskoer.ee\/en\/wp-json\/wp\/v2\/product"}],"about":[{"href":"https:\/\/kasskoer.ee\/en\/wp-json\/wp\/v2\/types\/product"}],"wp:featuredmedia":[{"embeddable":true,"href":"https:\/\/kasskoer.ee\/en\/wp-json\/wp\/v2\/media\/12374"}],"wp:attachment":[{"href":"https:\/\/kasskoer.ee\/en\/wp-json\/wp\/v2\/media?parent=15551"}],"wp:term":[{"taxonomy":"product_cat","embeddable":true,"href":"https:\/\/kasskoer.ee\/en\/wp-json\/wp\/v2\/product_cat?post=15551"},{"taxonomy":"product_tag","embeddable":true,"href":"https:\/\/kasskoer.ee\/en\/wp-json\/wp\/v2\/product_tag?post=15551"}],"curies":[{"name":"wp","href":"https:\/\/api.w.org\/{rel}","templated":true}]}}