{"id":15553,"date":"2026-04-20T03:10:33","date_gmt":"2026-04-20T00:10:33","guid":{"rendered":"https:\/\/kasskoer.ee\/product\/lolo-pets-extrimo-narimispulgad-janestele-2tk-100g-2\/"},"modified":"2026-04-20T03:10:33","modified_gmt":"2026-04-20T00:10:33","slug":"lolo-pets-extrimo-narimispulgad-janestele-2tk-100g","status":"publish","type":"product","link":"https:\/\/kasskoer.ee\/en\/toode\/lolo-pets-extrimo-narimispulgad-janestele-2tk-100g\/","title":{"rendered":"LoLo Pets Extrimo n\u00e4rimispulgad j\u00e4nestele 2tk 100g"},"content":{"rendered":"<p>LoLo Pets &#8220;Extrimo&#8221; n\u00e4rimispulk. T\u00e4iss\u00f6\u00f6t j\u00e4nestele.&#13;<\/p>\n<li>Aitab hoida hambad tervetena.<\/li>\n<p>&#13;<\/p>\n<li>Sisaldab tugeva ja terve karva jaoks vajalikke toitaineid.<\/li>\n<p>&#13;<\/p>\n<li>Valitud koostisosad tagavad terve seedimise.<\/li>\n<p>&#13;<\/p>\n<li>Sisaldab tugeva tervise jaoks vitamiine.<\/li>\n<p>&#13;<\/p>\n<li>Tasakaalustatud toitumine.<\/li>\n<p>&#13;<\/p>\n<li>\u00dcks pulk koos vee ja heinaga tagab toitained sinu lemmikule 24-ks tunniks.<\/li>\n<p>&#13;<\/p>\n<li>Pulgal on mugav kinnitus puurile kinnitamiseks.<\/li>\n<p>&#13;<br \/>\n<br \/>&#13;<br \/>\n<b>Koostis<\/b><br \/>&#13;<br \/>\nTimut, lutsern, kooritud kaer, soja, p\u00e4evalilleseemnemass, oder, mais, maisijahu, maisit\u00e4rklis, nisu, nisukliid, hernehelbed, maisihelbed, siguri juur, punapeet, porgand, pastinaak, \u00f5un, banaan, tomat, porrulauk, saialille \u00f5ied, peedi viljaliha, \u00f5una viljaliha, basiilik, rosmariin, piparm\u00fcnt, t\u00fc\u00fcmian, kaltsiumvesinikfosfaat, naatriumkloriid, kaltsiumkarbonaat, yucca.<br \/>&#13;<br \/>\n<br \/>&#13;<br \/>\n<b>Lisandid<\/b><br \/>&#13;<br \/>\nVitamiinid: A &#8211; 11870 IU, D3 &#8211; 1052 IU, E (alfotokoferool) &#8211; 57,75mg. Mikroelemendid: raud(E1) &#8211; 23,87mg, vask(E4) &#8211; 4,5mg, tsink(E6) &#8211;  69,15mg, mangaan(E5) &#8211; 9mg, jood(E2) &#8211; 0,2mg, seleen(E8) &#8211;  0,09mg, koobalt &#8211; 0,1mg.<br \/>&#13;<br \/>\n<br \/>&#13;<br \/>\n<b>Anal\u00fc\u00fctilised koostisosad<\/b><br \/>&#13;<br \/>\nToorvalk (min) 10,4%, toorrasv (min) 1,3%, toorkiud (maks) 17,3%, toortuhk (maks) 6,2%, niiskus (maks) 12,0%.<\/p>\n","protected":false},"excerpt":{"rendered":"<p>LoLo Pets Extrimo n\u00e4rimispulgad j\u00e4nestele.<\/p>\n","protected":false},"featured_media":12378,"template":"","meta":[],"product_cat":[693,3078,994],"product_tag":[],"class_list":{"0":"post-15553","1":"product","2":"type-product","3":"status-publish","4":"has-post-thumbnail","6":"product_cat-muud-loomad","7":"product_cat-narilised","8":"product_cat-nariliste-maiused","9":"pa_brand-lolo-pets","10":"pa_ean-1183","11":"pa_kaal-0-100","12":"pa_tootjariik-poola","14":"first","15":"outofstock","16":"taxable","17":"shipping-taxable","18":"purchasable","19":"product-type-simple"},"_links":{"self":[{"href":"https:\/\/kasskoer.ee\/en\/wp-json\/wp\/v2\/product\/15553","targetHints":{"allow":["GET"]}}],"collection":[{"href":"https:\/\/kasskoer.ee\/en\/wp-json\/wp\/v2\/product"}],"about":[{"href":"https:\/\/kasskoer.ee\/en\/wp-json\/wp\/v2\/types\/product"}],"wp:featuredmedia":[{"embeddable":true,"href":"https:\/\/kasskoer.ee\/en\/wp-json\/wp\/v2\/media\/12378"}],"wp:attachment":[{"href":"https:\/\/kasskoer.ee\/en\/wp-json\/wp\/v2\/media?parent=15553"}],"wp:term":[{"taxonomy":"product_cat","embeddable":true,"href":"https:\/\/kasskoer.ee\/en\/wp-json\/wp\/v2\/product_cat?post=15553"},{"taxonomy":"product_tag","embeddable":true,"href":"https:\/\/kasskoer.ee\/en\/wp-json\/wp\/v2\/product_tag?post=15553"}],"curies":[{"name":"wp","href":"https:\/\/api.w.org\/{rel}","templated":true}]}}