{"id":15559,"date":"2026-04-20T03:10:33","date_gmt":"2026-04-20T00:10:33","guid":{"rendered":"https:\/\/kasskoer.ee\/product\/lolo-pets-smakers-maiusepulgad-narilistele-ja-janestele-maasikatega-2tk-90g-2\/"},"modified":"2026-04-20T03:10:34","modified_gmt":"2026-04-20T00:10:34","slug":"lolo-pets-smakers-maiusepulgad-narilistele-ja-janestele-maasikatega-2tk-90g","status":"publish","type":"product","link":"https:\/\/kasskoer.ee\/en\/toode\/lolo-pets-smakers-maiusepulgad-narilistele-ja-janestele-maasikatega-2tk-90g\/","title":{"rendered":"LoLo Pets Smakers maiusepulgad n\u00e4rilistele ja j\u00e4nestele maasikatega 2tk 90g"},"content":{"rendered":"<p>LoLo Pets maasikaga &#8220;Smakers&#8221; maius. T\u00e4iends\u00f6\u00f6t n\u00e4rilistele.&#13;<\/p>\n<li>V\u00e4ga maitsev maius n\u00e4rilisele, mis aitab hoida hambad tervena.<\/li>\n<p>&#13;<\/p>\n<li>Sisaldab looduslikke vitamiine.<\/li>\n<p>&#13;<br \/>\n<br \/>&#13;<br \/>\n<b>Koostis<\/b><br \/>&#13;<br \/>\nNisujahu, nisu, punane sorgo, kuivatatud maasikas (5%), kooritud kaer, nisuhelbed, linaseeme, kuivatatud leedrimari, maisijahu, p\u00e4rm. Lisandid: v\u00e4rvained.<br \/>&#13;<br \/>\n<br \/>&#13;<br \/>\n<b>Anal\u00fc\u00fctilised koostisosad<\/b><br \/>&#13;<br \/>\nToorvalk (min) 9,7%, toorrasv (min) 1,17%, toorkiud (maks) 2,22%, toortuhk (maks) 4,87%, niiskus (maks) 12,0%.<\/p>\n","protected":false},"excerpt":{"rendered":"<p>LoLo Pets Smakers maiusepulgad maasikatega n\u00e4rilistele ja j\u00e4nestele.<\/p>\n","protected":false},"featured_media":12390,"template":"","meta":[],"product_cat":[693,3078,994],"product_tag":[],"class_list":{"0":"post-15559","1":"product","2":"type-product","3":"status-publish","4":"has-post-thumbnail","6":"product_cat-muud-loomad","7":"product_cat-narilised","8":"product_cat-nariliste-maiused","9":"pa_brand-lolo-pets","10":"pa_ean-1189","11":"pa_kaal-0-090","12":"pa_tootjariik-poola","14":"first","15":"instock","16":"taxable","17":"shipping-taxable","18":"purchasable","19":"product-type-simple"},"_links":{"self":[{"href":"https:\/\/kasskoer.ee\/en\/wp-json\/wp\/v2\/product\/15559","targetHints":{"allow":["GET"]}}],"collection":[{"href":"https:\/\/kasskoer.ee\/en\/wp-json\/wp\/v2\/product"}],"about":[{"href":"https:\/\/kasskoer.ee\/en\/wp-json\/wp\/v2\/types\/product"}],"wp:featuredmedia":[{"embeddable":true,"href":"https:\/\/kasskoer.ee\/en\/wp-json\/wp\/v2\/media\/12390"}],"wp:attachment":[{"href":"https:\/\/kasskoer.ee\/en\/wp-json\/wp\/v2\/media?parent=15559"}],"wp:term":[{"taxonomy":"product_cat","embeddable":true,"href":"https:\/\/kasskoer.ee\/en\/wp-json\/wp\/v2\/product_cat?post=15559"},{"taxonomy":"product_tag","embeddable":true,"href":"https:\/\/kasskoer.ee\/en\/wp-json\/wp\/v2\/product_tag?post=15559"}],"curies":[{"name":"wp","href":"https:\/\/api.w.org\/{rel}","templated":true}]}}