{"id":15562,"date":"2026-04-20T03:10:33","date_gmt":"2026-04-20T00:10:33","guid":{"rendered":"https:\/\/kasskoer.ee\/product\/lolo-pets-smakers-3in1-maiusepulgad-narilistele-koogiviljade-puuviljade-ja-jaanikaunadega-3tk-135g-2\/"},"modified":"2026-04-20T03:10:34","modified_gmt":"2026-04-20T00:10:34","slug":"lolo-pets-smakers-3in1-maiusepulgad-narilistele-koogiviljade-puuviljade-ja-jaanikaunadega-3tk-135g","status":"publish","type":"product","link":"https:\/\/kasskoer.ee\/en\/toode\/lolo-pets-smakers-3in1-maiusepulgad-narilistele-koogiviljade-puuviljade-ja-jaanikaunadega-3tk-135g\/","title":{"rendered":"LoLo Pets Smakers 3in1 maiusepulgad n\u00e4rilistele k\u00f6\u00f6giviljade, puuviljade ja jaanikaunadega 3tk 135g"},"content":{"rendered":"<p>Pakis 3 eri sorti pulkasid: k\u00f6\u00f6giviljadega, puuviljadega ja jaanikaunadega.<br \/>&#13;<br \/>\n<br \/>&#13;<br \/>\n<b>Koostis<\/b><br \/>&#13;<br \/>\nPuuviljapulk: nisu, nisujahu, kaera tangud, kookos (6%), kuivatatus \u00f5un (2%), kuivatatud apelsini koor (2%), aroonia, banaan (1,5%), s\u00f5strad, p\u00e4rm.<br \/>&#13;<br \/>\nK\u00f6\u00f6giviljapulk: nisu, nisujahu, kuivatatud porgand (6,5%), kuivatatud pastinaak (5,4%), kaera tangud, mais, kuivatatud punapeet (2,3%), kuivatatud kartul, kuivatatud porrulauk, peterselli lehed, p\u00e4rm.<br \/>&#13;<br \/>\nJaanikaun: nisu, jaanileib (15,5%), kaera tangud, nisujahu, kadakamarjad, p\u00e4rm.<br \/>&#13;<br \/>\nLisandid: v\u00e4rvained.<br \/>&#13;<br \/>\n<br \/>&#13;<br \/>\n<b>Anal\u00fc\u00fctilised koostisosad<\/b><br \/>&#13;<br \/>\nToorvalk (min) 9,2%, toorrasv (min) 5,2%, toorkiud (maks) 3,6%, toortuhk (maks) 4,1%, niiskus (maks) 12,0%.<\/p>\n","protected":false},"excerpt":{"rendered":"<p>LoLo Pets maiused &#8220;Smakers&#8221; n\u00e4rilistele ja j\u00e4nestele.<\/p>\n","protected":false},"featured_media":12396,"template":"","meta":[],"product_cat":[693,3078,994],"product_tag":[],"class_list":{"0":"post-15562","1":"product","2":"type-product","3":"status-publish","4":"has-post-thumbnail","6":"product_cat-muud-loomad","7":"product_cat-narilised","8":"product_cat-nariliste-maiused","9":"pa_brand-lolo-pets","10":"pa_ean-1192","11":"pa_kaal-0-135","12":"pa_tootjariik-poola","14":"first","15":"instock","16":"taxable","17":"shipping-taxable","18":"purchasable","19":"product-type-simple"},"_links":{"self":[{"href":"https:\/\/kasskoer.ee\/en\/wp-json\/wp\/v2\/product\/15562","targetHints":{"allow":["GET"]}}],"collection":[{"href":"https:\/\/kasskoer.ee\/en\/wp-json\/wp\/v2\/product"}],"about":[{"href":"https:\/\/kasskoer.ee\/en\/wp-json\/wp\/v2\/types\/product"}],"wp:featuredmedia":[{"embeddable":true,"href":"https:\/\/kasskoer.ee\/en\/wp-json\/wp\/v2\/media\/12396"}],"wp:attachment":[{"href":"https:\/\/kasskoer.ee\/en\/wp-json\/wp\/v2\/media?parent=15562"}],"wp:term":[{"taxonomy":"product_cat","embeddable":true,"href":"https:\/\/kasskoer.ee\/en\/wp-json\/wp\/v2\/product_cat?post=15562"},{"taxonomy":"product_tag","embeddable":true,"href":"https:\/\/kasskoer.ee\/en\/wp-json\/wp\/v2\/product_tag?post=15562"}],"curies":[{"name":"wp","href":"https:\/\/api.w.org\/{rel}","templated":true}]}}