{"id":15563,"date":"2026-04-20T03:10:33","date_gmt":"2026-04-20T00:10:33","guid":{"rendered":"https:\/\/kasskoer.ee\/product\/lolo-pets-premium-narimispulgad-rottidele-2tk-100g-2\/"},"modified":"2026-04-20T03:10:34","modified_gmt":"2026-04-20T00:10:34","slug":"lolo-pets-premium-narimispulgad-rottidele-2tk-100g","status":"publish","type":"product","link":"https:\/\/kasskoer.ee\/en\/toode\/lolo-pets-premium-narimispulgad-rottidele-2tk-100g\/","title":{"rendered":"LoLo Pets Premium n\u00e4rimispulgad rottidele 2tk 100g"},"content":{"rendered":"<p>LoLo Pets &#8220;Premium&#8221; n\u00e4rimispulk. T\u00e4iss\u00f6\u00f6t rottidele.&#13;<\/p>\n<li> Tagab tasakaalustatud ja mitmek\u00fclgse toitumise.<\/li>\n<p>&#13;<\/p>\n<li>Mugav k\u00e4epide puurile kinnitamiseks.<\/li>\n<p>&#13;<\/p>\n<li>Sisaldab naturaalseid vitamiine tugeva tervise jaoks.<\/li>\n<p>&#13;<br \/>\n<br \/>&#13;<br \/>\n<b>Koostis<\/b><br \/>&#13;<br \/>\nNisu, maisijahu, oder, kuivatatud porgand, kuivatatud \u00f5un, jaanikaun, maap\u00e4hklid, maisihelbed, nisujahu, lutsernijahu, hernehelbed, p\u00e4evalilleseemned, kuivatatud banaan, k\u00f5rvitsaseemned, brokoli, rosinad, kuivatatud kartul, kaerahelbed, nisuhelbed, p\u00e4evalilleseemne\u00f5li, maisit\u00e4rklis.<br \/>&#13;<br \/>\n<br \/>&#13;<br \/>\n<b>Anal\u00fc\u00fctilised koostisosad<\/b><br \/>&#13;<br \/>\nToorvalk (min) 11,2%, toorrasv (min) 5,3%, toorkiud (maks) 9,6%, toortuhk (maks) 3,7%, niiskus (maks) 12,0%.<\/p>\n","protected":false},"excerpt":{"rendered":"<p>LoLo Pets Premium n\u00e4rimispulgad rottidele.<\/p>\n","protected":false},"featured_media":12398,"template":"","meta":[],"product_cat":[693,3078,994],"product_tag":[],"class_list":{"0":"post-15563","1":"product","2":"type-product","3":"status-publish","4":"has-post-thumbnail","6":"product_cat-muud-loomad","7":"product_cat-narilised","8":"product_cat-nariliste-maiused","9":"pa_brand-lolo-pets","10":"pa_ean-1193","11":"pa_kaal-0-100","12":"pa_tootjariik-poola","14":"first","15":"outofstock","16":"taxable","17":"shipping-taxable","18":"purchasable","19":"product-type-simple"},"_links":{"self":[{"href":"https:\/\/kasskoer.ee\/en\/wp-json\/wp\/v2\/product\/15563","targetHints":{"allow":["GET"]}}],"collection":[{"href":"https:\/\/kasskoer.ee\/en\/wp-json\/wp\/v2\/product"}],"about":[{"href":"https:\/\/kasskoer.ee\/en\/wp-json\/wp\/v2\/types\/product"}],"wp:featuredmedia":[{"embeddable":true,"href":"https:\/\/kasskoer.ee\/en\/wp-json\/wp\/v2\/media\/12398"}],"wp:attachment":[{"href":"https:\/\/kasskoer.ee\/en\/wp-json\/wp\/v2\/media?parent=15563"}],"wp:term":[{"taxonomy":"product_cat","embeddable":true,"href":"https:\/\/kasskoer.ee\/en\/wp-json\/wp\/v2\/product_cat?post=15563"},{"taxonomy":"product_tag","embeddable":true,"href":"https:\/\/kasskoer.ee\/en\/wp-json\/wp\/v2\/product_tag?post=15563"}],"curies":[{"name":"wp","href":"https:\/\/api.w.org\/{rel}","templated":true}]}}