{"id":15564,"date":"2026-04-20T03:10:33","date_gmt":"2026-04-20T00:10:33","guid":{"rendered":"https:\/\/kasskoer.ee\/product\/lolo-pets-premium-narimispulgad-janestele-2tk-100g-2\/"},"modified":"2026-04-20T03:10:34","modified_gmt":"2026-04-20T00:10:34","slug":"lolo-pets-premium-narimispulgad-janestele-2tk-100g","status":"publish","type":"product","link":"https:\/\/kasskoer.ee\/en\/toode\/lolo-pets-premium-narimispulgad-janestele-2tk-100g\/","title":{"rendered":"LoLo Pets Premium n\u00e4rimispulgad j\u00e4nestele 2tk 100g"},"content":{"rendered":"<p>LoLo Pets &#8220;Premium&#8221; n\u00e4rimispulk. T\u00e4iss\u00f6\u00f6t j\u00e4nesele.&#13;<\/p>\n<li> Tagab tasakaalustatud ja mitmek\u00fclgse toitumise.<\/li>\n<p>&#13;<\/p>\n<li>Mugav k\u00e4epide puurile kinnitamiseks.<\/li>\n<p>&#13;<br \/>\n<br \/>&#13;<br \/>\n<b>Koostis<\/b><br \/>&#13;<br \/>\nLutsernijahu, teraviljad, nisu, jaanikaun, kaneelikoor, j\u00f5hvikad, linajahu, p\u00e4evalilleseemnejahu, nisujahu, maisijahu, maisihelbed, maapirn, pajukoor, kuivatatud punapeet, pastinaak, juurseller, kaerataim, lutsern, till, p\u00e4rm, kaltsiumkarbonaat, maisit\u00e4rklis.<br \/>&#13;<br \/>\n<br \/>&#13;<br \/>\n<b>Anal\u00fc\u00fctilised koostisosad<\/b><br \/>&#13;<br \/>\nToorvalk (min) 11,6%, toorrasv (min) 1,0%, toorkiud (maks) 8,1%, toortuhk (maks) 4,73%, niiskus (maks) 12,0%.<\/p>\n","protected":false},"excerpt":{"rendered":"<p>LoLo Pets Premium n\u00e4rimispulgad j\u00e4nestele.<\/p>\n","protected":false},"featured_media":12400,"template":"","meta":[],"product_cat":[693,3078,994],"product_tag":[],"class_list":{"0":"post-15564","1":"product","2":"type-product","3":"status-publish","4":"has-post-thumbnail","6":"product_cat-muud-loomad","7":"product_cat-narilised","8":"product_cat-nariliste-maiused","9":"pa_brand-lolo-pets","10":"pa_ean-1194","11":"pa_kaal-0-100","12":"pa_tootjariik-poola","14":"first","15":"outofstock","16":"taxable","17":"shipping-taxable","18":"purchasable","19":"product-type-simple"},"_links":{"self":[{"href":"https:\/\/kasskoer.ee\/en\/wp-json\/wp\/v2\/product\/15564","targetHints":{"allow":["GET"]}}],"collection":[{"href":"https:\/\/kasskoer.ee\/en\/wp-json\/wp\/v2\/product"}],"about":[{"href":"https:\/\/kasskoer.ee\/en\/wp-json\/wp\/v2\/types\/product"}],"wp:featuredmedia":[{"embeddable":true,"href":"https:\/\/kasskoer.ee\/en\/wp-json\/wp\/v2\/media\/12400"}],"wp:attachment":[{"href":"https:\/\/kasskoer.ee\/en\/wp-json\/wp\/v2\/media?parent=15564"}],"wp:term":[{"taxonomy":"product_cat","embeddable":true,"href":"https:\/\/kasskoer.ee\/en\/wp-json\/wp\/v2\/product_cat?post=15564"},{"taxonomy":"product_tag","embeddable":true,"href":"https:\/\/kasskoer.ee\/en\/wp-json\/wp\/v2\/product_tag?post=15564"}],"curies":[{"name":"wp","href":"https:\/\/api.w.org\/{rel}","templated":true}]}}