{"id":15568,"date":"2026-04-20T03:10:33","date_gmt":"2026-04-20T00:10:33","guid":{"rendered":"https:\/\/kasskoer.ee\/product\/lolo-pets-drops-maiused-narilisele-jogurtiga-75g-2\/"},"modified":"2026-04-20T03:10:34","modified_gmt":"2026-04-20T00:10:34","slug":"lolo-pets-drops-maiused-narilisele-jogurtiga-75g","status":"publish","type":"product","link":"https:\/\/kasskoer.ee\/en\/toode\/lolo-pets-drops-maiused-narilisele-jogurtiga-75g\/","title":{"rendered":"LoLo Pets Drops maiused n\u00e4rilisele jogurtiga 75g"},"content":{"rendered":"<p>LoLo Pets &#8220;Drops&#8221; maiused n\u00e4rilistele.&#13;<\/p>\n<li>Sisaldab naturaalseid vitamiine tugeva tervise jaoks.<\/li>\n<p>&#13;<\/p>\n<li>Aitab hoida hambad tervetena.<\/li>\n<p>&#13;<br \/>\n<br \/>&#13;<br \/>\n<b>Koostis<\/b><br \/>&#13;<br \/>\nSuhkur, taime\u00f5li, kuivatatud vadak, kuivatatud l\u00f5ss, maltodekstriin, maisijahu. Lisandid: v\u00e4rvained, letsitiin.<br \/>&#13;<br \/>\n<br \/>&#13;<br \/>\n<b>Anal\u00fc\u00fctilised koostisosad<\/b><br \/>&#13;<br \/>\nToorvalk (min) 2,7%, toorrasv (min) 21,1%, toorkiud (maks) 2,4%, toortuhk (maks) 3%, niiskus (maks) 12,0%.<\/p>\n","protected":false},"excerpt":{"rendered":"<p>LoLo Pets Drops maius jogurtiga. T\u00e4iends\u00f6\u00f6t n\u00e4rilistele.<\/p>\n","protected":false},"featured_media":12408,"template":"","meta":[],"product_cat":[693,3078,994],"product_tag":[],"class_list":{"0":"post-15568","1":"product","2":"type-product","3":"status-publish","4":"has-post-thumbnail","6":"product_cat-muud-loomad","7":"product_cat-narilised","8":"product_cat-nariliste-maiused","9":"pa_brand-lolo-pets","10":"pa_ean-1198","11":"pa_kaal-0-075","12":"pa_tootjariik-poola","14":"first","15":"instock","16":"taxable","17":"shipping-taxable","18":"purchasable","19":"product-type-simple"},"_links":{"self":[{"href":"https:\/\/kasskoer.ee\/en\/wp-json\/wp\/v2\/product\/15568","targetHints":{"allow":["GET"]}}],"collection":[{"href":"https:\/\/kasskoer.ee\/en\/wp-json\/wp\/v2\/product"}],"about":[{"href":"https:\/\/kasskoer.ee\/en\/wp-json\/wp\/v2\/types\/product"}],"wp:featuredmedia":[{"embeddable":true,"href":"https:\/\/kasskoer.ee\/en\/wp-json\/wp\/v2\/media\/12408"}],"wp:attachment":[{"href":"https:\/\/kasskoer.ee\/en\/wp-json\/wp\/v2\/media?parent=15568"}],"wp:term":[{"taxonomy":"product_cat","embeddable":true,"href":"https:\/\/kasskoer.ee\/en\/wp-json\/wp\/v2\/product_cat?post=15568"},{"taxonomy":"product_tag","embeddable":true,"href":"https:\/\/kasskoer.ee\/en\/wp-json\/wp\/v2\/product_tag?post=15568"}],"curies":[{"name":"wp","href":"https:\/\/api.w.org\/{rel}","templated":true}]}}