{"id":15574,"date":"2026-04-20T03:10:33","date_gmt":"2026-04-20T00:10:33","guid":{"rendered":"https:\/\/kasskoer.ee\/product\/lolo-pets-foody-taiendsoot-narilistele-koogiviljadega-300g-2\/"},"modified":"2026-04-20T03:10:34","modified_gmt":"2026-04-20T00:10:34","slug":"lolo-pets-foody-taiendsoot-narilistele-koogiviljadega-300g","status":"publish","type":"product","link":"https:\/\/kasskoer.ee\/en\/toode\/lolo-pets-foody-taiendsoot-narilistele-koogiviljadega-300g\/","title":{"rendered":"LoLo Pets Foody t\u00e4iends\u00f6\u00f6t n\u00e4rilistele k\u00f6\u00f6giviljadega 300g"},"content":{"rendered":"<p>LoLo Pets t\u00e4iends\u00f6\u00f6t n\u00e4rilistele.&#13;<\/p>\n<li>Sisaldab tugeva ja terve karva jaoks vajalikke toitaineid.<\/li>\n<p>&#13;<\/p>\n<li>Sisaldab naturaalseid vitamiine tugeva tervise jaoks.<\/li>\n<p>&#13;<br \/>\n<br \/>&#13;<br \/>\n<b>Koostis<\/b><br \/>&#13;<br \/>\nNisu, oder, mais, nisukliid, p\u00e4evalillejahu, lutsernijahu, kuivatatud punapeet (6,5%), kuivatatud porgand (6,5%), oahelbed, kuivatatud kartul, pastinaak, p\u00e4evalilleseemned, hernehelbed (3%), maisijahu, maisihelbed, selleri juur, nisujahu, heinajahu, rukkikliid, peedi viljaliha, riisijahu, porrulauk, till, hernes (1%).<br \/>&#13;<br \/>\n<br \/>&#13;<br \/>\n<b>Anal\u00fc\u00fctilised koostisosad<\/b><br \/>&#13;<br \/>\nToorvalk (min) 8,9%, toorrasv (min) 0,1%, toorkiud (maks) 7,7%, toortuhk (maks) 4,1%, niiskus (maks) 12%.<\/p>\n","protected":false},"excerpt":{"rendered":"<p>LoLo Pets Foody Life t\u00e4iends\u00f6\u00f6t k\u00f6\u00f6giviljadega n\u00e4rilistele.<\/p>\n","protected":false},"featured_media":12420,"template":"","meta":[],"product_cat":[693,3078,52],"product_tag":[],"class_list":{"0":"post-15574","1":"product","2":"type-product","3":"status-publish","4":"has-post-thumbnail","6":"product_cat-muud-loomad","7":"product_cat-narilised","8":"product_cat-nariliste-toit","9":"pa_brand-lolo-pets","10":"pa_ean-1203","11":"pa_kaal-0-300","12":"pa_tootjariik-poola","14":"first","15":"instock","16":"taxable","17":"shipping-taxable","18":"purchasable","19":"product-type-simple"},"_links":{"self":[{"href":"https:\/\/kasskoer.ee\/en\/wp-json\/wp\/v2\/product\/15574","targetHints":{"allow":["GET"]}}],"collection":[{"href":"https:\/\/kasskoer.ee\/en\/wp-json\/wp\/v2\/product"}],"about":[{"href":"https:\/\/kasskoer.ee\/en\/wp-json\/wp\/v2\/types\/product"}],"wp:featuredmedia":[{"embeddable":true,"href":"https:\/\/kasskoer.ee\/en\/wp-json\/wp\/v2\/media\/12420"}],"wp:attachment":[{"href":"https:\/\/kasskoer.ee\/en\/wp-json\/wp\/v2\/media?parent=15574"}],"wp:term":[{"taxonomy":"product_cat","embeddable":true,"href":"https:\/\/kasskoer.ee\/en\/wp-json\/wp\/v2\/product_cat?post=15574"},{"taxonomy":"product_tag","embeddable":true,"href":"https:\/\/kasskoer.ee\/en\/wp-json\/wp\/v2\/product_tag?post=15574"}],"curies":[{"name":"wp","href":"https:\/\/api.w.org\/{rel}","templated":true}]}}