{"id":15582,"date":"2026-04-20T03:10:33","date_gmt":"2026-04-20T00:10:33","guid":{"rendered":"https:\/\/kasskoer.ee\/product\/lolo-pets-extrimo-taissoot-deegudele-750g-2\/"},"modified":"2026-04-20T03:10:34","modified_gmt":"2026-04-20T00:10:34","slug":"lolo-pets-extrimo-taissoot-deegudele-750g","status":"publish","type":"product","link":"https:\/\/kasskoer.ee\/en\/toode\/lolo-pets-extrimo-taissoot-deegudele-750g\/","title":{"rendered":"LoLo Pets Extrimo t\u00e4iss\u00f6\u00f6t deegudele 750g"},"content":{"rendered":"<p>LoLo Pets &#8220;Extrimo&#8221; t\u00e4iss\u00f6\u00f6t deegudele.&#13;<\/p>\n<li>Sisaldab kasulikke vitamiine tugeva tervise jaoks.<\/li>\n<p>&#13;<\/p>\n<li>Tagab tasakaalustatud ja mitmek\u00fclgse toitumise.<\/li>\n<p>&#13;<\/p>\n<li>Valitud koostisosad tagavad terve seedimise.<\/li>\n<p>&#13;<\/p>\n<li>Aitab hoida karva terve ja l\u00e4ikivana.<\/li>\n<p> &#13;<\/p>\n<li>K\u00f5rge kiudaine sisaldusega.<\/li>\n<p>&#13;<\/p>\n<li>Aitab hoida hambad tervetena.<\/li>\n<p>&#13;<br \/>\n<br \/>&#13;<br \/>\n<b>Koostis<\/b><br \/>&#13;<br \/>\nTimut, lutsern, soja kestad, sojajahu, p\u00e4evalilleseemnemass, oder, mais, nisu, hernehelbed, kuivatatud pastinaak, maapirn, porgand, herned, porrulauk, saialille \u00f5ied, nisujahu, maisit\u00e4rklis, peedi viljaliha, riisijahu, kartulit\u00e4rklis, p\u00e4evalille\u00f5li, linaseemne\u00f5li, \u00f5una viljaliha, basiilik, rosmariin, piparm\u00fcnt, t\u00fc\u00fcmian, kaltsiumkarbonaat, p\u00e4rm, naatriumkloriid, kaltsiumfosfaat, yucca.<br \/>&#13;<br \/>\n<br \/>&#13;<br \/>\n<b>Lisandid<\/b><br \/>&#13;<br \/>\nVitamiinid: A-14100 IU, D3-1260 IU, E (E307)-73,5mg, C-35,47mg. Mikroelemendid: raud(E1)-102,9mg, vask(E4)-4,5mg, tsink(E6)-84,7mg, mangaan (E5)-9mg, jood(E2)-2,02mg, seleen(E8)-0,11mg, koobalt- 0,1mg.<br \/>&#13;<br \/>\n<br \/>&#13;<br \/>\n<b>Anal\u00fc\u00fctilised koostisosad<\/b><br \/>&#13;<br \/>\nToorvalk (min) 11,5%, toorrasv (min) 1,1%, toorkiud (maks) 16,68%, toortuhk (maks) 7,1%, niiskus (maks) 12,0%.<\/p>\n","protected":false},"excerpt":{"rendered":"<p>LoLo Pets &#8220;Extrimo&#8221; t\u00e4iss\u00f6\u00f6t deegudele.<\/p>\n","protected":false},"featured_media":12436,"template":"","meta":[],"product_cat":[693,3078,52],"product_tag":[],"class_list":{"0":"post-15582","1":"product","2":"type-product","3":"status-publish","4":"has-post-thumbnail","6":"product_cat-muud-loomad","7":"product_cat-narilised","8":"product_cat-nariliste-toit","9":"pa_brand-lolo-pets","10":"pa_ean-1296","11":"pa_kaal-0-750","12":"pa_tootjariik-poola","14":"first","15":"instock","16":"taxable","17":"shipping-taxable","18":"purchasable","19":"product-type-simple"},"_links":{"self":[{"href":"https:\/\/kasskoer.ee\/en\/wp-json\/wp\/v2\/product\/15582","targetHints":{"allow":["GET"]}}],"collection":[{"href":"https:\/\/kasskoer.ee\/en\/wp-json\/wp\/v2\/product"}],"about":[{"href":"https:\/\/kasskoer.ee\/en\/wp-json\/wp\/v2\/types\/product"}],"wp:featuredmedia":[{"embeddable":true,"href":"https:\/\/kasskoer.ee\/en\/wp-json\/wp\/v2\/media\/12436"}],"wp:attachment":[{"href":"https:\/\/kasskoer.ee\/en\/wp-json\/wp\/v2\/media?parent=15582"}],"wp:term":[{"taxonomy":"product_cat","embeddable":true,"href":"https:\/\/kasskoer.ee\/en\/wp-json\/wp\/v2\/product_cat?post=15582"},{"taxonomy":"product_tag","embeddable":true,"href":"https:\/\/kasskoer.ee\/en\/wp-json\/wp\/v2\/product_tag?post=15582"}],"curies":[{"name":"wp","href":"https:\/\/api.w.org\/{rel}","templated":true}]}}