{"id":15585,"date":"2026-04-20T03:10:33","date_gmt":"2026-04-20T00:10:33","guid":{"rendered":"https:\/\/kasskoer.ee\/product\/lolo-pets-foody-taissoot-rottidele-600g-2\/"},"modified":"2026-04-20T03:10:35","modified_gmt":"2026-04-20T00:10:35","slug":"lolo-pets-foody-taissoot-rottidele-600g","status":"publish","type":"product","link":"https:\/\/kasskoer.ee\/en\/toode\/lolo-pets-foody-taissoot-rottidele-600g\/","title":{"rendered":"LoLo Pets Foody t\u00e4iss\u00f6\u00f6t rottidele 600g"},"content":{"rendered":"<p>LoLo Pets &#8220;Foody&#8221; t\u00e4iss\u00f6\u00f6t rottidele.&#13;<\/p>\n<li>Sisaldab naturaalseid vitamiine tugeva tervise jaoks.<\/li>\n<p>&#13;<\/p>\n<li>Aitab hoida karva terve ja l\u00e4ikivana.<\/li>\n<p> &#13;<br \/>\n<br \/>&#13;<br \/>\n<b>Koostis<\/b><br \/>&#13;<br \/>\nOder, nisu, nisujahu, maisijahu, nisukliid, oahelbed, hernehelbed, tatar, p\u00e4evalilleseemned, kooritud kaer, k\u00f5rvitsa seemned, kaerahelbed, lutsernijahu, linaseemned, kuivatatud peet, porgand, kartul, rosinad, loomsed k\u00f5rvalsaadused (linnuliha, k\u00f5rned, l\u00f5hejahu, kanarasv, loomarasv, j\u00e4neseliha, munapulber), p\u00e4evalillejahu, kaerakliid, peterselli lehed, sojajahu, kuivatatud v\u00f5ilille lehed, m\u00fcnt, kaltsiumkarbonaat, monokaltsiumfosfaat. <br \/>&#13;<br \/>\n<br \/>&#13;<br \/>\n<b>Anal\u00fc\u00fctilised koostisosad<\/b><br \/>&#13;<br \/>\nToorvalk (min) 11,5%, toorrasv (min) 3,86%, toorkiud (maks) 7,28%, toortuhk (maks) 4,22%, niiskus (maks) 12,0%.<\/p>\n","protected":false},"excerpt":{"rendered":"<p>LoLo Pets Foody Premium t\u00e4istoit rottidele.<\/p>\n","protected":false},"featured_media":12442,"template":"","meta":[],"product_cat":[693,3078,52],"product_tag":[],"class_list":{"0":"post-15585","1":"product","2":"type-product","3":"status-publish","4":"has-post-thumbnail","6":"product_cat-muud-loomad","7":"product_cat-narilised","8":"product_cat-nariliste-toit","9":"pa_brand-lolo-pets","10":"pa_ean-1299","11":"pa_kaal-0-600","12":"pa_tootjariik-poola","14":"first","15":"instock","16":"taxable","17":"shipping-taxable","18":"purchasable","19":"product-type-simple"},"_links":{"self":[{"href":"https:\/\/kasskoer.ee\/en\/wp-json\/wp\/v2\/product\/15585","targetHints":{"allow":["GET"]}}],"collection":[{"href":"https:\/\/kasskoer.ee\/en\/wp-json\/wp\/v2\/product"}],"about":[{"href":"https:\/\/kasskoer.ee\/en\/wp-json\/wp\/v2\/types\/product"}],"wp:featuredmedia":[{"embeddable":true,"href":"https:\/\/kasskoer.ee\/en\/wp-json\/wp\/v2\/media\/12442"}],"wp:attachment":[{"href":"https:\/\/kasskoer.ee\/en\/wp-json\/wp\/v2\/media?parent=15585"}],"wp:term":[{"taxonomy":"product_cat","embeddable":true,"href":"https:\/\/kasskoer.ee\/en\/wp-json\/wp\/v2\/product_cat?post=15585"},{"taxonomy":"product_tag","embeddable":true,"href":"https:\/\/kasskoer.ee\/en\/wp-json\/wp\/v2\/product_tag?post=15585"}],"curies":[{"name":"wp","href":"https:\/\/api.w.org\/{rel}","templated":true}]}}