{"id":15586,"date":"2026-04-20T03:10:33","date_gmt":"2026-04-20T00:10:33","guid":{"rendered":"https:\/\/kasskoer.ee\/product\/lolo-pets-foody-taissoot-janestele-600g-2\/"},"modified":"2026-04-20T03:10:35","modified_gmt":"2026-04-20T00:10:35","slug":"lolo-pets-foody-taissoot-janestele-600g","status":"publish","type":"product","link":"https:\/\/kasskoer.ee\/en\/toode\/lolo-pets-foody-taissoot-janestele-600g\/","title":{"rendered":"LoLo Pets Foody t\u00e4iss\u00f6\u00f6t j\u00e4nestele 600g"},"content":{"rendered":"<p>LoLo Pets &#8220;Foody&#8221; t\u00e4istoit j\u00e4nestele.&#13;<\/p>\n<li>Sisaldab looduslikke vitamiine ja mineraale.<\/li>\n<p>&#13;<\/p>\n<li>Soovituslik kogus 50-85g s\u00f6\u00f6ta p\u00e4evas olenevalt looma kaalust, vanusest ja aktiivsusest.<\/li>\n<p>&#13;<br \/>\n<br \/>&#13;<br \/>\n<b>Koostis<\/b><br \/>&#13;<br \/>\nNisukliid, nisujahu, nisu peenkliid, maisijahu, lutsernijahu, ekstaheeritud nisu jahu, maisipeajahu, granuleeriutd hein, nisu, hernehelbed, hernekiud, p\u00e4evalilleseemnejahu, oder, kuivatatud porgand, kuivatatud jaanikaun, maisihelbed, linaseemned, kuivatatud punapeet, nisuhelbed, t\u00fc\u00fcmian, kuivatatud till, porgandijahu, kartulivalk, kuivatatud nisutaimed, linajahu, kaltsiumkarbonaat, monokaltsiumfosfaat.<br \/>&#13;<br \/>\n<br \/>&#13;<br \/>\n<b>Anal\u00fc\u00fctilised koostisosad<\/b><br \/>&#13;<br \/>\nToorvalk (min) 10,8%, toorrasv (min) 0,1%, toorkiud (maks) 11,4%, toortuhk (maks) 5,8%, niiskus (maks).<\/p>\n","protected":false},"excerpt":{"rendered":"<p>LoLo Pets Foody Life t\u00e4istoit j\u00e4nestele.<\/p>\n","protected":false},"featured_media":12444,"template":"","meta":[],"product_cat":[693,3078,52],"product_tag":[],"class_list":{"0":"post-15586","1":"product","2":"type-product","3":"status-publish","4":"has-post-thumbnail","6":"product_cat-muud-loomad","7":"product_cat-narilised","8":"product_cat-nariliste-toit","9":"pa_brand-lolo-pets","10":"pa_ean-1300","11":"pa_kaal-0-600","12":"pa_tootjariik-poola","14":"first","15":"instock","16":"taxable","17":"shipping-taxable","18":"purchasable","19":"product-type-simple"},"_links":{"self":[{"href":"https:\/\/kasskoer.ee\/en\/wp-json\/wp\/v2\/product\/15586","targetHints":{"allow":["GET"]}}],"collection":[{"href":"https:\/\/kasskoer.ee\/en\/wp-json\/wp\/v2\/product"}],"about":[{"href":"https:\/\/kasskoer.ee\/en\/wp-json\/wp\/v2\/types\/product"}],"wp:featuredmedia":[{"embeddable":true,"href":"https:\/\/kasskoer.ee\/en\/wp-json\/wp\/v2\/media\/12444"}],"wp:attachment":[{"href":"https:\/\/kasskoer.ee\/en\/wp-json\/wp\/v2\/media?parent=15586"}],"wp:term":[{"taxonomy":"product_cat","embeddable":true,"href":"https:\/\/kasskoer.ee\/en\/wp-json\/wp\/v2\/product_cat?post=15586"},{"taxonomy":"product_tag","embeddable":true,"href":"https:\/\/kasskoer.ee\/en\/wp-json\/wp\/v2\/product_tag?post=15586"}],"curies":[{"name":"wp","href":"https:\/\/api.w.org\/{rel}","templated":true}]}}