{"id":15589,"date":"2026-04-20T03:10:33","date_gmt":"2026-04-20T00:10:33","guid":{"rendered":"https:\/\/kasskoer.ee\/product\/lolo-pets-foody-taissoot-merisigadele-600g-2\/"},"modified":"2026-04-20T03:10:35","modified_gmt":"2026-04-20T00:10:35","slug":"lolo-pets-foody-taissoot-merisigadele-600g","status":"publish","type":"product","link":"https:\/\/kasskoer.ee\/en\/toode\/lolo-pets-foody-taissoot-merisigadele-600g\/","title":{"rendered":"LoLo Pets Foody t\u00e4iss\u00f6\u00f6t merisigadele 600g"},"content":{"rendered":"<p>LoLo Pets &#8220;Foody&#8221; t\u00e4iss\u00f6\u00f6t merisigadele.&#13;<\/p>\n<li>Sisaldab naturaalseid vitamiine tugeva tervise jaoks.<\/li>\n<p>&#13;<\/p>\n<li>Aitab hoida karva terve ja l\u00e4ikivana.<\/li>\n<p> &#13;<br \/>\n<br \/>&#13;<br \/>\n<b>Koostis<\/b><br \/>&#13;<br \/>\nNisukliid, nisujahu, lutsernijahu, maisijahu, ekstaheeritud rapsiseemne jahu, granuleeritud hein, kaerakliid, sojakestad, oder, nisu, linaseemned, hernehelbed, kuivatatud porgand, pastinaak, punapeet, k\u00f5rvitsaseemned, nisuhelbed, kuivatatud musts\u00f5star, t\u00fc\u00fcmian, seller, peterselli t\u00fckid, pajukoor, lutsern, hernekiud, peedi viljaliha, porgandijahu, kaltsiumkarbonaat, monokaltsiumfosfaat.<br \/>&#13;<br \/>\n<br \/>&#13;<br \/>\n<b>Anal\u00fc\u00fctilised koostisosad<\/b><br \/>&#13;<br \/>\nToorvalk (min) 10,8%, toorrasv (min) 1,67%, toorkiud (maks) 12,34%, toortuhk (maks) 5,68%, niiskus (maks) 12,0%.<\/p>\n","protected":false},"excerpt":{"rendered":"<p>LoLo Pets Foody Premium t\u00e4istoit merisigadele.<\/p>\n","protected":false},"featured_media":12450,"template":"","meta":[],"product_cat":[693,3078,52],"product_tag":[],"class_list":{"0":"post-15589","1":"product","2":"type-product","3":"status-publish","4":"has-post-thumbnail","6":"product_cat-muud-loomad","7":"product_cat-narilised","8":"product_cat-nariliste-toit","9":"pa_brand-lolo-pets","10":"pa_ean-1303","11":"pa_kaal-0-600","12":"pa_tootjariik-poola","14":"first","15":"instock","16":"taxable","17":"shipping-taxable","18":"purchasable","19":"product-type-simple"},"_links":{"self":[{"href":"https:\/\/kasskoer.ee\/en\/wp-json\/wp\/v2\/product\/15589","targetHints":{"allow":["GET"]}}],"collection":[{"href":"https:\/\/kasskoer.ee\/en\/wp-json\/wp\/v2\/product"}],"about":[{"href":"https:\/\/kasskoer.ee\/en\/wp-json\/wp\/v2\/types\/product"}],"wp:featuredmedia":[{"embeddable":true,"href":"https:\/\/kasskoer.ee\/en\/wp-json\/wp\/v2\/media\/12450"}],"wp:attachment":[{"href":"https:\/\/kasskoer.ee\/en\/wp-json\/wp\/v2\/media?parent=15589"}],"wp:term":[{"taxonomy":"product_cat","embeddable":true,"href":"https:\/\/kasskoer.ee\/en\/wp-json\/wp\/v2\/product_cat?post=15589"},{"taxonomy":"product_tag","embeddable":true,"href":"https:\/\/kasskoer.ee\/en\/wp-json\/wp\/v2\/product_tag?post=15589"}],"curies":[{"name":"wp","href":"https:\/\/api.w.org\/{rel}","templated":true}]}}