{"id":15592,"date":"2026-04-20T03:10:33","date_gmt":"2026-04-20T00:10:33","guid":{"rendered":"https:\/\/kasskoer.ee\/product\/lolo-pets-premium-taissoot-tsintsiljadele-750g-2\/"},"modified":"2026-04-20T03:10:35","modified_gmt":"2026-04-20T00:10:35","slug":"lolo-pets-premium-taissoot-tsintsiljadele-750g","status":"publish","type":"product","link":"https:\/\/kasskoer.ee\/en\/toode\/lolo-pets-premium-taissoot-tsintsiljadele-750g\/","title":{"rendered":"LoLo Pets Premium t\u00e4iss\u00f6\u00f6t t\u0161int\u0161iljadele 750g"},"content":{"rendered":"<p>LoLo Pets &#8220;Premium&#8221; t\u00e4iss\u00f6\u00f6t t\u0161int\u0161iljadele.&#13;<\/p>\n<li>Sisaldab naturaalseid vitamiine tugeva tervise jaoks.<\/li>\n<p>&#13;<\/p>\n<li>Aitab hoida karvastiku terve ja l\u00e4ikivana.<\/li>\n<p> &#13;<br \/>\n<br \/>&#13;<br \/>\n<b>Koostis<\/b><br \/>&#13;<br \/>\nOdrajahu, lutsernijahu, kuivatatud porgand, maisihelbed, p\u00e4evalilleseemnejahu, j\u00f5hvikad, kooritud k\u00f5rvitsaseemned, teraviljatooted, linajahu, laukapuu marjad, kibuvitsamarjad, p\u00e4evalilleseemned, rosinad, maap\u00e4hklid, punapeet, \u00f5un, p\u00e4rnaoksad, kaseoksad, roosi kroonlehed, saialille\u00f5ied, porrulauk, peedi viljaliha, p\u00e4rm, kaltsiumkarbonaat.<br \/>&#13;<br \/>\n<br \/>&#13;<br \/>\n<b>Anal\u00fc\u00fctilised koostisosad<\/b><br \/>&#13;<br \/>\nToorvalk (min) 13,7%, toorrasv (min) 8,4%, toorkiud (maks) 13,9%, toortuhk (maks) 5,4%, niiskus (maks) 12,0%.<\/p>\n","protected":false},"excerpt":{"rendered":"<p>LoLo Pets Premium t\u00e4istoit t\u0161int\u0161iljadele.<\/p>\n","protected":false},"featured_media":12456,"template":"","meta":[],"product_cat":[693,3078,52],"product_tag":[],"class_list":{"0":"post-15592","1":"product","2":"type-product","3":"status-publish","4":"has-post-thumbnail","6":"product_cat-muud-loomad","7":"product_cat-narilised","8":"product_cat-nariliste-toit","9":"pa_brand-lolo-pets","10":"pa_ean-1305","11":"pa_kaal-0-750","12":"pa_tootjariik-poola","14":"first","15":"instock","16":"taxable","17":"shipping-taxable","18":"purchasable","19":"product-type-simple"},"_links":{"self":[{"href":"https:\/\/kasskoer.ee\/en\/wp-json\/wp\/v2\/product\/15592","targetHints":{"allow":["GET"]}}],"collection":[{"href":"https:\/\/kasskoer.ee\/en\/wp-json\/wp\/v2\/product"}],"about":[{"href":"https:\/\/kasskoer.ee\/en\/wp-json\/wp\/v2\/types\/product"}],"wp:featuredmedia":[{"embeddable":true,"href":"https:\/\/kasskoer.ee\/en\/wp-json\/wp\/v2\/media\/12456"}],"wp:attachment":[{"href":"https:\/\/kasskoer.ee\/en\/wp-json\/wp\/v2\/media?parent=15592"}],"wp:term":[{"taxonomy":"product_cat","embeddable":true,"href":"https:\/\/kasskoer.ee\/en\/wp-json\/wp\/v2\/product_cat?post=15592"},{"taxonomy":"product_tag","embeddable":true,"href":"https:\/\/kasskoer.ee\/en\/wp-json\/wp\/v2\/product_tag?post=15592"}],"curies":[{"name":"wp","href":"https:\/\/api.w.org\/{rel}","templated":true}]}}