{"id":15593,"date":"2026-04-20T03:10:33","date_gmt":"2026-04-20T00:10:33","guid":{"rendered":"https:\/\/kasskoer.ee\/product\/lolo-pets-premium-taissoot-merisigadele-900g-2\/"},"modified":"2026-04-20T03:10:35","modified_gmt":"2026-04-20T00:10:35","slug":"lolo-pets-premium-taissoot-merisigadele-900g","status":"publish","type":"product","link":"https:\/\/kasskoer.ee\/en\/toode\/lolo-pets-premium-taissoot-merisigadele-900g\/","title":{"rendered":"LoLo Pets Premium t\u00e4iss\u00f6\u00f6t merisigadele 900g"},"content":{"rendered":"<p>LoLo Pets &#8220;Premium&#8221; t\u00e4iss\u00f6\u00f6t merisigadele.&#13;<\/p>\n<li>Suurep\u00e4rane valik igap\u00e4evaseks tasakaalustatud ja t\u00e4isv\u00e4\u00e4rtuslikuks toitumiseks.<\/li>\n<p>&#13;<\/p>\n<li>Sisaldab k\u00f5iki eluks vajalikke toitaineid, vitamiine ja mineraalaineid.<\/li>\n<p>&#13;<\/p>\n<li>Aitab hoida karva tugeva ja l\u00e4ikivana.<\/li>\n<p>&#13;<br \/>\n<br \/>&#13;<br \/>\n<b>Koostis<\/b><br \/>&#13;<br \/>\nNisu, oder, teraviljatooted, lutsernijahu, jaanikaun, maisihelbed, oahelbed, hernehelbed, linajahu, p\u00e4evalilleseemnejahu, nisujahu, maisijahu, kuivat punapeet, porgand, linaseemned, maapirn, j\u00f5hvikad, pastinaak, p\u00e4rnaoksad, kaneelikoor, kaerahelbed, punanes\u00f5star, till, p\u00e4rm, kaltsiumkarbonaat, maisit\u00e4rklis, p\u00e4evalille\u00f5li.<br \/>&#13;<br \/>\n<br \/>&#13;<br \/>\n<b>Anal\u00fc\u00fctilised koostisosad<\/b><br \/>&#13;<br \/>\nToorvalk (min) 11,9%, toorrasv (min) 1,8%, toorkiud (maks) 8,2%, toortuhk (maks) 5,2%, niiskus (maks) 12,0%.<\/p>\n","protected":false},"excerpt":{"rendered":"<p>LoLo Pets Premium t\u00e4istoit merisigadele.<\/p>\n","protected":false},"featured_media":12458,"template":"","meta":[],"product_cat":[693,3078,52],"product_tag":[],"class_list":{"0":"post-15593","1":"product","2":"type-product","3":"status-publish","4":"has-post-thumbnail","6":"product_cat-muud-loomad","7":"product_cat-narilised","8":"product_cat-nariliste-toit","9":"pa_brand-lolo-pets","10":"pa_ean-1306","11":"pa_kaal-0-900","12":"pa_tootjariik-poola","14":"first","15":"instock","16":"taxable","17":"shipping-taxable","18":"purchasable","19":"product-type-simple"},"_links":{"self":[{"href":"https:\/\/kasskoer.ee\/en\/wp-json\/wp\/v2\/product\/15593","targetHints":{"allow":["GET"]}}],"collection":[{"href":"https:\/\/kasskoer.ee\/en\/wp-json\/wp\/v2\/product"}],"about":[{"href":"https:\/\/kasskoer.ee\/en\/wp-json\/wp\/v2\/types\/product"}],"wp:featuredmedia":[{"embeddable":true,"href":"https:\/\/kasskoer.ee\/en\/wp-json\/wp\/v2\/media\/12458"}],"wp:attachment":[{"href":"https:\/\/kasskoer.ee\/en\/wp-json\/wp\/v2\/media?parent=15593"}],"wp:term":[{"taxonomy":"product_cat","embeddable":true,"href":"https:\/\/kasskoer.ee\/en\/wp-json\/wp\/v2\/product_cat?post=15593"},{"taxonomy":"product_tag","embeddable":true,"href":"https:\/\/kasskoer.ee\/en\/wp-json\/wp\/v2\/product_tag?post=15593"}],"curies":[{"name":"wp","href":"https:\/\/api.w.org\/{rel}","templated":true}]}}