{"id":15596,"date":"2026-04-20T03:10:33","date_gmt":"2026-04-20T00:10:33","guid":{"rendered":"https:\/\/kasskoer.ee\/product\/nutribest-adult-lamb-rice-koeratoit-3kg-2\/"},"modified":"2026-04-20T03:10:35","modified_gmt":"2026-04-20T00:10:35","slug":"nutribest-adult-lamb-rice-koeratoit-3kg","status":"publish","type":"product","link":"https:\/\/kasskoer.ee\/en\/toode\/nutribest-adult-lamb-rice-koeratoit-3kg\/","title":{"rendered":"Nutribest Adult Lamb &#038; Rice koeratoit 3kg"},"content":{"rendered":"<p><b>NutriBest lamba ja riisiga t\u00e4iss\u00f6\u00f6t t\u00e4iskasvanud koertele.<\/b>&#13;<br \/>\n<br \/>&#13;<\/p>\n<li>Liha esimese koostisosana (25%) &#8211; liha valgud sisaldavad organismile vajalikke aminohappeid.<\/li>\n<p>&#13;<\/p>\n<li>Sisaldab merevetikaid &#8211; looduslik vitamiinide ja mineraalide allikas.<\/li>\n<p>&#13;<\/p>\n<li>A- ja E- vitamiinid koos mikroelementidega vask ja seleen on tugeva immuunsuss\u00fcsteemi toetamiseks h\u00e4davajalikud.<\/li>\n<p>&#13;<\/p>\n<li>B-r\u00fchma vitamiinide rikas \u00f5llep\u00e4rm aitab reguleerida ainevahetust ja veresuhkru tootmist, et suurendada Teie koera energiat ja eluj\u00f5udu.<\/li>\n<p>&#13;<\/p>\n<li>L\u00f5he\u00f5list saadavad rasvhapped toetavad tervet nahka ja karva ning aju t\u00f6\u00f6d.<\/li>\n<p>&#13;<\/p>\n<li>Jaanikaun ja peedipulp &#8211; h\u00e4sti seeduvate kiudainete ja taimsete valkude allikad.<\/li>\n<p>&#13;<\/p>\n<li>Ei sisalda s\u00e4ilitusaineid, soja ega GMO-sid.<\/li>\n<p>&#13;<br \/>\n<br \/>&#13;<br \/>\n<b>Koostis<\/b><br \/>&#13;<br \/>\nDeh\u00fcdreeritud liha (19%), mais, nisu, nisujahu, oder, deh\u00fcdreeritud lambaliha (6%), jaanikaun, loomarasv, riis (4%), \u00f5llep\u00e4rm, h\u00fcdrol\u00fc\u00fcsitud kana, peedipulp, l\u00f5he\u00f5li, mineraalid, merevetikad (0.5%), prebiootikum MOS, yucca schidigera.<br \/>&#13;<br \/>\n<br \/>&#13;<br \/>\n<b>Anal\u00fc\u00fctiline koostis<\/b><br \/>&#13;<br \/>\nToorvalk 24%, toor\u00f5lid ja rasvad 11%, anorgaanilised ained 7%, toorkiud 4%, oomega-3 rasvhapped 0.095%, DHA&#038;EPA 0.04%.<br \/>&#13;<br \/>\n<br \/>&#13;<br \/>\n<b>S\u00f6\u00f6dalisandid<\/b><br \/>&#13;<br \/>\nVitamiin A 16 000 R\u00dc, vitamiin D3 1 290 R\u00dc, vitamiin E 75 mg, raud (raud(II)sulfaat, monoh\u00fcdraadina) 14 mg, jood (kaetud granuleeritud kaltsiumjodaat, veevaba) 1.08 mg, vask (vase h\u00fcdroks\u00fcanaloogi kelaat) 3.6 mg, vask (vask(II)sulfaat pentah\u00fcdraadina) 3.6 mg, mangaan (mangaani h\u00fcdroks\u00fcanaloogi kelaat) 2.9 mg, mangaan (mangaansulfaat monoh\u00fcdraat kujul) 5.7 mg, tsink (tsinksulfaat monoh\u00fcdraadina) 57 mg, tsink (tsingi h\u00fcdroks\u00fcanaloogi kelaat) 29 mg, seleen (kaetud granuleeritud naatriumseleniit) 0.07 mg, seleen (orgaanilisel kujul, toodetud Saccharomyces cerevisiae CNCM I-3060 seleenitud p\u00e4rmi inaktiveeritud kujul) 0.15 mg. Sisaldab looduslikke antioks\u00fcdante: tokoferooliekstraktid taimsest \u00f5list.<br \/>&#13;<br \/>\n<br \/>&#13;<br \/>\n<b>S\u00f6\u00f6tmisjuhend<\/b><br \/>&#13;<br \/>\nV\u00e4rske vesi peab alati olema saadaval. Hoidke toodet jahedas, kuivas kohas, eemal otsesest p\u00e4ikesevalgusest. Optimaalsed toitmisnormid varieeruvad s\u00f5ltuvalt vanusest, kaalust, aktiivsuse tasemest ja elustiilist.<\/p>\n","protected":false},"excerpt":{"rendered":"<p>NutriBest t\u00e4istoit lamba ja riisiga t\u00e4iskasvanud koertele.<\/p>\n","protected":false},"featured_media":12464,"template":"","meta":[],"product_cat":[688,64],"product_tag":[],"class_list":{"0":"post-15596","1":"product","2":"type-product","3":"status-publish","4":"has-post-thumbnail","6":"product_cat-koerad","7":"product_cat-koeratoit","8":"pa_brand-nutribest","9":"pa_ean-1088","10":"pa_kaal-3-000","11":"pa_tootjariik-hispaania","13":"first","14":"instock","15":"taxable","16":"shipping-taxable","17":"purchasable","18":"product-type-simple"},"_links":{"self":[{"href":"https:\/\/kasskoer.ee\/en\/wp-json\/wp\/v2\/product\/15596","targetHints":{"allow":["GET"]}}],"collection":[{"href":"https:\/\/kasskoer.ee\/en\/wp-json\/wp\/v2\/product"}],"about":[{"href":"https:\/\/kasskoer.ee\/en\/wp-json\/wp\/v2\/types\/product"}],"wp:featuredmedia":[{"embeddable":true,"href":"https:\/\/kasskoer.ee\/en\/wp-json\/wp\/v2\/media\/12464"}],"wp:attachment":[{"href":"https:\/\/kasskoer.ee\/en\/wp-json\/wp\/v2\/media?parent=15596"}],"wp:term":[{"taxonomy":"product_cat","embeddable":true,"href":"https:\/\/kasskoer.ee\/en\/wp-json\/wp\/v2\/product_cat?post=15596"},{"taxonomy":"product_tag","embeddable":true,"href":"https:\/\/kasskoer.ee\/en\/wp-json\/wp\/v2\/product_tag?post=15596"}],"curies":[{"name":"wp","href":"https:\/\/api.w.org\/{rel}","templated":true}]}}