{"id":15610,"date":"2026-04-20T03:10:35","date_gmt":"2026-04-20T00:10:35","guid":{"rendered":"https:\/\/kasskoer.ee\/product\/brit-premium-cat-kitten-chicken-kassitoit-300g-2\/"},"modified":"2026-04-20T03:10:36","modified_gmt":"2026-04-20T00:10:36","slug":"brit-premium-cat-kitten-chicken-kassitoit-300g","status":"publish","type":"product","link":"https:\/\/kasskoer.ee\/en\/toode\/brit-premium-cat-kitten-chicken-kassitoit-300g\/","title":{"rendered":"Brit Premium Cat Kitten Chicken kassitoit 300g"},"content":{"rendered":"<p><strong>Brit Premium Kitten Chicken looduslikest koostisosadest preemium t\u00e4istoit kanaga kassipoegadele, sobilik ka tiinetele ja imetavatele kassidele.<\/strong> <\/p>\n<ul>\n<li>Vajalikud&nbsp;vitamiinid&nbsp;ja mineraalained&nbsp;\u00f5ige arengu toetamiseks.<\/li>\n<li>Sisaldab prebiootikume&nbsp;soolestiku tervise ja tugeva immuunsuse jaoks.<\/li>\n<li>Oomega-3 rasvhapped l\u00e4ikiva karva ja terve naha toetamiseks.<\/li>\n<li>Tauriin&nbsp;tagab s\u00fcdame, silmade ja aju \u00f5ige funktsioneerimise.<\/li>\n<li>Sisaldab naturaalseid antioks\u00fcdante rosmariini, nelki, kurkumit ja tsitrusvilju.<\/li>\n<li>Valmistamise viimases protsessis lisatud kanamaksa kastet, et toit oleks veelgi isu\u00e4ratavam ja maitsvam.<\/li>\n<li>Ei sisalda&nbsp;nisu, soja ega maisi.<\/li>\n<\/ul>\n<p> <strong>Koostis<\/strong><br \/> Deh\u00fcdreeritud kana 40%, riis, kanarasv, herned, deh\u00fcdreeritud l\u00f5he 4%, kuivatatud \u00f5unapulp, h\u00fcdrol\u00fc\u00fcsitud kanamaks 2%, l\u00f5he\u00f5li 2%, kuivatatud spinat 0,5%, mannanoligosahhariidid (150 mg\/kg), fruktooligosahhariidid (120 mg\/kg), t\u00e4\u00e4kliilia (80 mg\/kg), kuivatatud rosmariin (12 mg\/kg), kuivatatud nelk (12 mg\/kg), kuivatatud tsitrusviljad (12 mg\/kg), kuivatatud kurkum (12 mg\/kg).<\/p>\n<p> <strong>Anal\u00fc\u00fctilised koostisosad<\/strong><br \/> Toorvalk 40,0%, toorrasv 18,0%, toorkiud 2,8%, toortuhk 8,0%, niiskus 10,0%, kaltsium 1,4%, fosfor 1,0%, naatrium 0,5%, magneesium 0,1%,&nbsp;oomega-3 0,54%, oomega-6 2,4%.<\/p>\n<p> <strong>Toidukoostis<\/strong><br \/> A-vitamiin (3a672a) 22 000 R\u00dc, D3-vitamiin (3a671) 900 R\u00dc, E-vitamiin (3a700) 700 mg, C-vitamiin (3a312) 300 mg, tauriin (3a370) 2300 mg, biotiin (3a880) 1,8 mg, tsink (3b606) 150 mg, mangaan (3b504) 55 mg, raud (3b106) 45 mg, vask (3b406) 11 mg, jood (3b201) 3,7 mg, seleen (3b810) 0,17 mg, L-metioniin (3c305) 4000 mg.<\/p>\n<p> <strong>Metaboliseeruv energia<\/strong><br \/> 3930 kcal\/kg<\/p>\n","protected":false},"excerpt":{"rendered":"<p>Brit Premium t\u00e4iss\u00f6\u00f6t kanaga kassipoegadele.<\/p>\n","protected":false},"featured_media":12494,"template":"","meta":[],"product_cat":[689,75],"product_tag":[],"class_list":{"0":"post-15610","1":"product","2":"type-product","3":"status-publish","4":"has-post-thumbnail","6":"product_cat-kassid","7":"product_cat-kassitoit","8":"pa_brand-brit-premium","9":"pa_ean-1206","10":"pa_kaal-0-300","11":"pa_tootjariik-tsehhi","13":"first","14":"instock","15":"taxable","16":"shipping-taxable","17":"purchasable","18":"product-type-simple"},"_links":{"self":[{"href":"https:\/\/kasskoer.ee\/en\/wp-json\/wp\/v2\/product\/15610","targetHints":{"allow":["GET"]}}],"collection":[{"href":"https:\/\/kasskoer.ee\/en\/wp-json\/wp\/v2\/product"}],"about":[{"href":"https:\/\/kasskoer.ee\/en\/wp-json\/wp\/v2\/types\/product"}],"wp:featuredmedia":[{"embeddable":true,"href":"https:\/\/kasskoer.ee\/en\/wp-json\/wp\/v2\/media\/12494"}],"wp:attachment":[{"href":"https:\/\/kasskoer.ee\/en\/wp-json\/wp\/v2\/media?parent=15610"}],"wp:term":[{"taxonomy":"product_cat","embeddable":true,"href":"https:\/\/kasskoer.ee\/en\/wp-json\/wp\/v2\/product_cat?post=15610"},{"taxonomy":"product_tag","embeddable":true,"href":"https:\/\/kasskoer.ee\/en\/wp-json\/wp\/v2\/product_tag?post=15610"}],"curies":[{"name":"wp","href":"https:\/\/api.w.org\/{rel}","templated":true}]}}