{"id":15612,"date":"2026-04-20T03:10:35","date_gmt":"2026-04-20T00:10:35","guid":{"rendered":"https:\/\/kasskoer.ee\/product\/brit-premium-cat-adult-salmon-kassitoit-15kg-2\/"},"modified":"2026-04-20T03:10:36","modified_gmt":"2026-04-20T00:10:36","slug":"brit-premium-cat-adult-salmon-kassitoit-15kg","status":"publish","type":"product","link":"https:\/\/kasskoer.ee\/en\/toode\/brit-premium-cat-adult-salmon-kassitoit-15kg\/","title":{"rendered":"Brit Premium Cat Adult Salmon kassitoit 1,5kg"},"content":{"rendered":"<p><strong>Brit Premium Adult Salmon looduslikest koostisosadest preemium t\u00e4istoit t\u00e4iskasvanud kassidele l\u00f5hega.<\/strong> <\/p>\n<ul>\n<li>Vajalikud&nbsp;vitamiinid&nbsp;ja mineraalained&nbsp;tugevate ja tervete hammaste jaoks.<\/li>\n<li>Oomega-3 rasvhapped l\u00e4ikiva karva ja terve naha toetamiseks.<\/li>\n<li>Tauriin&nbsp;tagab s\u00fcdame, silmade ja aju \u00f5ige funktsioneerimise.<\/li>\n<li>Sisaldab naturaalseid antioks\u00fcdante rosmariini, nelki, kurkumit ja tsitrusvilju.<\/li>\n<li>Sisaldab prebiootikume&nbsp;soolestiku tervise ja tugeva immuunsuse jaoks.<\/li>\n<li>Valmistamise viimases protsessis lisatud kanamaksa kastet, et toit oleks veelgi isu\u00e4ratavam ja maitsvam.<\/li>\n<li>Ei sisalda&nbsp;nisu, soja ega maisi.<\/li>\n<\/ul>\n<p> <strong>Koostis<\/strong><br \/> Deh\u00fcdreeritud l\u00f5he 35%, riis, kanarasv, herned, kuivatatud \u00f5unapulp, deh\u00fcdreeritud kana 4%, l\u00f5he\u00f5li 3%, h\u00fcdrol\u00fc\u00fcsitud kanamaks 2%, \u00f5llep\u00e4rm, kuivatatud spinat 0,5%, mannanoligosahhariidid (150 mg\/kg), fruktooligosahhariidid (120 mg\/kg), t\u00e4\u00e4kliilia (80 mg\/kg), kuivatatud rosmariin (11 mg\/kg), kuivatatud nelk (11 mg\/kg), kuivatatud tsitrusviljad (11 mg\/kg), kuivatatud kurkum (11 mg\/kg).<\/p>\n<p> <strong>Anal\u00fc\u00fctilised koostisosad<\/strong><br \/> Toorvalk 35,0%, toorrasv 16,0%, toorkiud 1,9%, toortuhk 8,1%, niiskus 10,0%, kaltsium 1,2%, fosfor 1,0%, naatrium 0,9%, magneesium 0,06%,&nbsp;oomega-3 0,20%, oomega-6 2,25%.<\/p>\n<p> <strong>Toidukoostis<\/strong><br \/> A-vitamiin (3a672a) 20 000 R\u00dc, D3-vitamiin (3a671) 850 R\u00dc, E-vitamiin (3a700) 600 mg, C-vitamiin (3a312) 250 mg, tauriin (3a370) 2150 mg, biotiin (3a880) 1,7 mg, tsink (3b606) 140 mg, mangaan (3b504) 50 mg, raud (3b106) 50 mg, vask (3b406) 10 mg, jood (3b201) 3,5 mg, seleen (3b810) 0,16 mg, L-metioniin (3c305) 4000 mg.<\/p>\n<p> <strong>Metaboliseeruv energia<\/strong><br \/> 3840 kcal\/kg<\/p>\n","protected":false},"excerpt":{"rendered":"<p>Brit Premium t\u00e4iss\u00f6\u00f6t l\u00f5hega t\u00e4iskasvanud kassidele.<\/p>\n","protected":false},"featured_media":12498,"template":"","meta":[],"product_cat":[689,75],"product_tag":[],"class_list":{"0":"post-15612","1":"product","2":"type-product","3":"status-publish","4":"has-post-thumbnail","6":"product_cat-kassid","7":"product_cat-kassitoit","8":"pa_brand-brit-premium","9":"pa_ean-1072","10":"pa_kaal-1-500","11":"pa_tootjariik-tsehhi","13":"first","14":"instock","15":"taxable","16":"shipping-taxable","17":"purchasable","18":"product-type-simple"},"_links":{"self":[{"href":"https:\/\/kasskoer.ee\/en\/wp-json\/wp\/v2\/product\/15612","targetHints":{"allow":["GET"]}}],"collection":[{"href":"https:\/\/kasskoer.ee\/en\/wp-json\/wp\/v2\/product"}],"about":[{"href":"https:\/\/kasskoer.ee\/en\/wp-json\/wp\/v2\/types\/product"}],"wp:featuredmedia":[{"embeddable":true,"href":"https:\/\/kasskoer.ee\/en\/wp-json\/wp\/v2\/media\/12498"}],"wp:attachment":[{"href":"https:\/\/kasskoer.ee\/en\/wp-json\/wp\/v2\/media?parent=15612"}],"wp:term":[{"taxonomy":"product_cat","embeddable":true,"href":"https:\/\/kasskoer.ee\/en\/wp-json\/wp\/v2\/product_cat?post=15612"},{"taxonomy":"product_tag","embeddable":true,"href":"https:\/\/kasskoer.ee\/en\/wp-json\/wp\/v2\/product_tag?post=15612"}],"curies":[{"name":"wp","href":"https:\/\/api.w.org\/{rel}","templated":true}]}}