{"id":15614,"date":"2026-04-20T03:10:35","date_gmt":"2026-04-20T00:10:35","guid":{"rendered":"https:\/\/kasskoer.ee\/product\/brit-premium-by-nature-cat-chicken-kassidele-kanaga-8-kg-2\/"},"modified":"2026-04-20T03:10:36","modified_gmt":"2026-04-20T00:10:36","slug":"brit-premium-cat-adult-chicken-kassitoit-8-kg","status":"publish","type":"product","link":"https:\/\/kasskoer.ee\/en\/toode\/brit-premium-cat-adult-chicken-kassitoit-8-kg\/","title":{"rendered":"Brit Premium Cat Adult Chicken kassitoit 8 kg"},"content":{"rendered":"<p><strong>Brit Premium Adult Chicken looduslikest koostisosadest preemium t\u00e4istoit t\u00e4iskasvanud kassidele kanaga.<\/strong> <\/p>\n<ul>\n<li>Vajalikud&nbsp;vitamiinid&nbsp;ja mineraalained&nbsp;tugevate ja tervete hammaste jaoks.<\/li>\n<li>Oomega-3 rasvhapped l\u00e4ikiva karva ja terve naha toetamiseks.<\/li>\n<li>Tauriin&nbsp;tagab s\u00fcdame, silmade ja aju \u00f5ige funktsioneerimise.<\/li>\n<li>Sisaldab naturaalseid antioks\u00fcdante rosmariini, nelki, kurkumit ja tsitrusvilju.<\/li>\n<li>Sisaldab prebiootikume&nbsp;soolestiku tervise ja tugeva immuunsuse jaoks.<\/li>\n<li>Valmistamise viimases protsessis lisatud kanamaksa kastet, et toit oleks veelgi isu\u00e4ratavam ja maitsvam.<\/li>\n<li>Ei sisalda&nbsp;nisu, soja ega maisi.<\/li>\n<\/ul>\n<p> <strong>Koostis<\/strong><br \/> Deh\u00fcdreeritud kana 40%, riis, kanarasv, herned, kuivatatud \u00f5unapulp, h\u00fcdrol\u00fc\u00fcsitud kanamaks 2%, l\u00f5he\u00f5li 1%, kuivatatud spinat 0,5%, mannanoligosahhariidid (150 mg\/kg), fruktooligosahhariidid (120 mg\/kg), t\u00e4\u00e4kliilia (80 mg\/kg), kuivatatud rosmariin (11 mg\/kg), kuivatatud nelk (11 mg\/kg), kuivatatud tsitrusviljad (11 mg\/kg), kuivatatud kurkum (11 mg\/kg).<\/p>\n<p> <strong>Anal\u00fc\u00fctilised koostisosad<\/strong><br \/> Toorvalk 36,0%, toorrasv 16,0%, toorkiud 3,1%, toortuhk 7,9%, niiskus 10,0%, kaltsium 1,5%, fosfor 1,0%, naatrium 0,3%, magneesium 0,1%,&nbsp;oomega-3 0,20%, oomega-6 2,25%.<\/p>\n<p> <strong>Toidukoostis<\/strong><br \/> A-vitamiin (3a672a) 20 000 R\u00dc, D3-vitamiin (3a671) 850 R\u00dc, E-vitamiin (3a700) 600 mg, C-vitamiin (3a312) 250 mg, tauriin (3a370) 2150 mg, biotiin (3a880) 1,7 mg, tsink (3b606) 140 mg, mangaan (3b504) 50 mg, raud (3b106) 50 mg, vask (3b406) 10 mg, jood (3b201) 3,5 mg, seleen (3b810) 0,16 mg, L-metioniin (3c305) 4000 mg.<\/p>\n<p> <strong>Metaboliseeruv energia<\/strong><br \/> 3800 kcal\/kg<\/p>\n","protected":false},"excerpt":{"rendered":"<p>Brit Premium t\u00e4iss\u00f6\u00f6t kanaga t\u00e4iskasvanud kassidele.<\/p>\n","protected":false},"featured_media":12502,"template":"","meta":[],"product_cat":[689,75],"product_tag":[],"class_list":{"0":"post-15614","1":"product","2":"type-product","3":"status-publish","4":"has-post-thumbnail","6":"product_cat-kassid","7":"product_cat-kassitoit","8":"pa_brand-brit-premium","9":"pa_ean-1071","10":"pa_kaal-8-000","11":"pa_tootjariik-tsehhi","13":"first","14":"instock","15":"taxable","16":"shipping-taxable","17":"purchasable","18":"product-type-simple"},"_links":{"self":[{"href":"https:\/\/kasskoer.ee\/en\/wp-json\/wp\/v2\/product\/15614","targetHints":{"allow":["GET"]}}],"collection":[{"href":"https:\/\/kasskoer.ee\/en\/wp-json\/wp\/v2\/product"}],"about":[{"href":"https:\/\/kasskoer.ee\/en\/wp-json\/wp\/v2\/types\/product"}],"wp:featuredmedia":[{"embeddable":true,"href":"https:\/\/kasskoer.ee\/en\/wp-json\/wp\/v2\/media\/12502"}],"wp:attachment":[{"href":"https:\/\/kasskoer.ee\/en\/wp-json\/wp\/v2\/media?parent=15614"}],"wp:term":[{"taxonomy":"product_cat","embeddable":true,"href":"https:\/\/kasskoer.ee\/en\/wp-json\/wp\/v2\/product_cat?post=15614"},{"taxonomy":"product_tag","embeddable":true,"href":"https:\/\/kasskoer.ee\/en\/wp-json\/wp\/v2\/product_tag?post=15614"}],"curies":[{"name":"wp","href":"https:\/\/api.w.org\/{rel}","templated":true}]}}