{"id":15615,"date":"2026-04-20T03:10:35","date_gmt":"2026-04-20T00:10:35","guid":{"rendered":"https:\/\/kasskoer.ee\/product\/brit-premium-cat-adult-chicken-kassitoit-300g-2\/"},"modified":"2026-04-20T03:10:36","modified_gmt":"2026-04-20T00:10:36","slug":"brit-premium-cat-adult-chicken-kassitoit-300g","status":"publish","type":"product","link":"https:\/\/kasskoer.ee\/en\/toode\/brit-premium-cat-adult-chicken-kassitoit-300g\/","title":{"rendered":"Brit Premium Cat Adult Chicken kassitoit 300g"},"content":{"rendered":"<p><strong>Brit Premium Adult Chicken on t\u00e4isv\u00e4\u00e4rtuslik t\u00e4istoit t\u00e4iskasvanud kassidele looduslikest koostisosadest valmistatud kanalihaga.<\/strong> <\/p>\n<ul>\n<li>Vajalikud vitamiinid ja mineraalid tugevate ja tervete hammaste jaoks.<\/li>\n<p> < li>Oomega-3 rasvhapped l\u00e4ikivaks, karvastiku ja terve naha s\u00e4ilitamiseks.<\/li>\n<li>Tauriin&nbsp;tagab s\u00fcdame, silmade ja aju n\u00f5uetekohase toimimise.<\/li>\n<li>Sisaldab looduslikke antioks\u00fcdante rosmariini, nelki , kurkum ja tsitrusviljad.<\/li>\n<li>Sisaldab prebiootikume&nbsp;soolestiku tervise ja tugeva immuunsuse tagamiseks.<\/li>\n<li>Kanamaksakaste lisatakse viimases valmistamisprotsessis, et muuta toit veelgi isu\u00e4ratavamaks ja maitsvamaks. <\/li>\n<li>Ei sisalda&nbsp;nisu, soja ega maisi.<\/li>\n<p> > <\/ul>\n<p> <strong>Koostis<\/strong><br \/> Veetustatud kanaliha 40%, riis, kanarasv, herned, kuivatatud \u00f5una viljaliha, h\u00fcdrol\u00fc\u00fcsitud kanamaks 2%, l\u00f5he\u00f5li 1%, kuivatatud spinat 0,5%, mannaani oligosahhariidid (150 mg\/kg), fruktooligosahhariidid (120 mg\/kg), loorberiilia (80 mg\/kg), kuivatatud rosmariin (11 mg\/kg), kuivatatud nelk (11 mg\/kg), kuivatatud tsitrusviljad (11 mg\/kg), kuivatatud kurkum (11 mg\/kg).<\/p>\n<p> <strong>Anal\u00fc\u00fctilised koostisosad<\/strong> <br \/> Toorproteiin 36,0%, toorrasv 16,0%, toorkiud 3,1%, toortuhk 7,9%, niiskus 10,0%, kaltsium 1,5%, fosfor 1,0%, naatrium 0,3%, magneesium 0,1%,&nbsp;omega-3 0,20 %, oomega-6 2,25%. <\/p>\n<p> <strong>Toidu koostis<\/strong><br \/> A-vitamiin (3a672a) 20 000 R\u00dc, D3-vitamiin (3a671) 850 R\u00dc, E-vitamiin (3a700) 600 mg, C-vitamiin (3a312) ) 250 mg, tauriin (3a370) 2150 mg, biotiin (3a880) 1,7 mg, tsink (3b606) 140 mg, mangaan (3b504) 50 mg, raud (3b106) 50 mg, vask (3b406) 101 mg3, 201 mg3 3,5 mg, seleen (3b810) 0,16 mg, L-metioniin (3c305) 4000 mg.<\/p>\n<p> <strong>Metaboliseeritav energia<\/strong><br \/> 3800 kcal\/kg<\/p>\n","protected":false},"excerpt":{"rendered":"<p>Brit Premium t\u00e4iss\u00f6\u00f6t kanaga t\u00e4iskasvanud kassidele.<\/p>\n","protected":false},"featured_media":12504,"template":"","meta":[],"product_cat":[689,75],"product_tag":[],"class_list":{"0":"post-15615","1":"product","2":"type-product","3":"status-publish","4":"has-post-thumbnail","6":"product_cat-kassid","7":"product_cat-kassitoit","8":"pa_brand-brit-premium","9":"pa_ean-1070","10":"pa_kaal-0-300","11":"pa_tootjariik-tsehhi","13":"first","14":"instock","15":"taxable","16":"shipping-taxable","17":"purchasable","18":"product-type-simple"},"_links":{"self":[{"href":"https:\/\/kasskoer.ee\/en\/wp-json\/wp\/v2\/product\/15615","targetHints":{"allow":["GET"]}}],"collection":[{"href":"https:\/\/kasskoer.ee\/en\/wp-json\/wp\/v2\/product"}],"about":[{"href":"https:\/\/kasskoer.ee\/en\/wp-json\/wp\/v2\/types\/product"}],"wp:featuredmedia":[{"embeddable":true,"href":"https:\/\/kasskoer.ee\/en\/wp-json\/wp\/v2\/media\/12504"}],"wp:attachment":[{"href":"https:\/\/kasskoer.ee\/en\/wp-json\/wp\/v2\/media?parent=15615"}],"wp:term":[{"taxonomy":"product_cat","embeddable":true,"href":"https:\/\/kasskoer.ee\/en\/wp-json\/wp\/v2\/product_cat?post=15615"},{"taxonomy":"product_tag","embeddable":true,"href":"https:\/\/kasskoer.ee\/en\/wp-json\/wp\/v2\/product_tag?post=15615"}],"curies":[{"name":"wp","href":"https:\/\/api.w.org\/{rel}","templated":true}]}}