{"id":15617,"date":"2026-04-20T03:10:35","date_gmt":"2026-04-20T00:10:35","guid":{"rendered":"https:\/\/kasskoer.ee\/product\/profine-cat-pouch-lamb-in-jelly-margtoit-steriliseeritud-kassidele-85g-2\/"},"modified":"2026-04-20T03:10:36","modified_gmt":"2026-04-20T00:10:36","slug":"profine-cat-pouch-lamb-in-jelly-margtoit-steriliseeritud-kassidele-85g","status":"publish","type":"product","link":"https:\/\/kasskoer.ee\/en\/toode\/profine-cat-pouch-lamb-in-jelly-margtoit-steriliseeritud-kassidele-85g\/","title":{"rendered":"Profine Cat Pouch Lamb in Jelly m\u00e4rgtoit steriliseeritud kassidele 85g"},"content":{"rendered":"<p>Fileet\u00fckid tarrendis lambalihaga, rikastatud kummeliga. Teraviljavaba superpremium-t\u00e4iss\u00f6\u00f6t steriliseeritud kassidele. <\/p>\n<p><strong>Koostis&nbsp;<\/strong><br \/> Filee 82% lihaga (63% kana, 15% maks, 4% lammas), 2,7% hernejahu, 0,9% lignotselluloos, 0,75% kuivatatud \u00fcrdid&nbsp;(meliss, kummel, naisten\u00f5ges).<\/p>\n<p><strong>Anal\u00fc\u00fctilised koostisosad&nbsp;<\/strong><br \/> Toorvalk 6,5%, toorrasv 3,0%, toorkiud 0,5%, toortuhk 1,1%, niiskus 84,0%, kaltsium 0,2%, fosfor 0,2%, naatrium 0,2%.<\/p>\n<p> <strong>Toidukoostis&nbsp;<\/strong><br \/> A-vitamiin (3a672a) 300 R\u00dc, D3-vitamiin (3a671) 65 R\u00dc, E-vitamiin (3a700) 35 mg, B1-vitamiin (3a821) 0,2 mg, biotiin (3a880) 0,1 mg, tsink (3b606) 3 mg, mangaan (3b504)&nbsp;0,7 mg, raud (3b106) 2,4 mg, vask (3b406) 1 mg, kaaliumjodiid (3b201) 0,2 mg, tauriin (3a370) 240 mg. Sisaldab looduslikke antioks\u00fcdante: tokoferooli ekstraktid taime\u00f5lidest (1b306(i)), rosmariini ekstrakt.<\/p>\n<p> <strong>Metaboliseeruv energia&nbsp;<\/strong><br \/> 845 kcal\/kg<\/p>\n<p> <strong>Toitmisjuhend<\/strong><br \/> Soovitatav p\u00e4evane kogus on n\u00e4idatud s\u00f6\u00f6tmistabelis, kuid see v\u00f5ib varieeruda s\u00f5ltuvalt teie kassi vanusest, aktiivsuse tasemest ja keskkonnast.&nbsp;Serveeri toatemperatuuril. Hoida kuivas ja jahedas kohas. P\u00e4rast avamist hoida k\u00fclmkapis ja kasutada \u00e4ra 3 p\u00e4eva jooksul.<br \/> S\u00e4ilivusaeg, partii ja registreerimisnumber on tr\u00fckitud pakendile.<\/p>\n<figure class=\"table\">\n<table>\n<thead>\n<tr>\n<th rowspan=\"1\">Kassi kaal (kg)<\/th>\n<th>3<\/th>\n<th>4 \u2013 6<\/th>\n<th>6 \u2013 8<\/th>\n<\/tr>\n<\/thead>\n<tbody>\n<tr>\n<th rowspan=\"1\">Einekotikesi p\u00e4evas (tk)<\/th>\n<td>2<\/td>\n<td>3-3,5<\/td>\n<td>3,5-4<\/td>\n<\/tr>\n<\/tbody>\n<\/table>\n<\/figure>\n","protected":false},"excerpt":{"rendered":"<p>Profine m\u00e4rgtoit lammas tarrendis steriliseeritud kassidele.<\/p>\n","protected":false},"featured_media":12508,"template":"","meta":[],"product_cat":[689,33],"product_tag":[],"class_list":{"0":"post-15617","1":"product","2":"type-product","3":"status-publish","4":"has-post-thumbnail","6":"product_cat-kassid","7":"product_cat-konservid-kassidele","8":"pa_brand-profine","9":"pa_ean-1064","10":"pa_kaal-0-085","11":"pa_tootjariik-tsehhi","13":"first","14":"instock","15":"sale","16":"taxable","17":"shipping-taxable","18":"purchasable","19":"product-type-simple"},"_links":{"self":[{"href":"https:\/\/kasskoer.ee\/en\/wp-json\/wp\/v2\/product\/15617","targetHints":{"allow":["GET"]}}],"collection":[{"href":"https:\/\/kasskoer.ee\/en\/wp-json\/wp\/v2\/product"}],"about":[{"href":"https:\/\/kasskoer.ee\/en\/wp-json\/wp\/v2\/types\/product"}],"wp:featuredmedia":[{"embeddable":true,"href":"https:\/\/kasskoer.ee\/en\/wp-json\/wp\/v2\/media\/12508"}],"wp:attachment":[{"href":"https:\/\/kasskoer.ee\/en\/wp-json\/wp\/v2\/media?parent=15617"}],"wp:term":[{"taxonomy":"product_cat","embeddable":true,"href":"https:\/\/kasskoer.ee\/en\/wp-json\/wp\/v2\/product_cat?post=15617"},{"taxonomy":"product_tag","embeddable":true,"href":"https:\/\/kasskoer.ee\/en\/wp-json\/wp\/v2\/product_tag?post=15617"}],"curies":[{"name":"wp","href":"https:\/\/api.w.org\/{rel}","templated":true}]}}