{"id":15623,"date":"2026-04-20T03:10:35","date_gmt":"2026-04-20T00:10:35","guid":{"rendered":"https:\/\/kasskoer.ee\/product\/profine-cat-pouch-tuna-in-jelly-margtoit-kassidele-85g-2\/"},"modified":"2026-04-20T03:10:37","modified_gmt":"2026-04-20T00:10:37","slug":"profine-cat-pouch-tuna-in-jelly-margtoit-kassidele-85g","status":"publish","type":"product","link":"https:\/\/kasskoer.ee\/en\/toode\/profine-cat-pouch-tuna-in-jelly-margtoit-kassidele-85g\/","title":{"rendered":"Profine Cat Pouch Tuna in Jelly m\u00e4rgtoit kassidele 85g"},"content":{"rendered":"<p>Fileet\u00fckid tarrendis tuunikalaga, rikastatud rahustava melissiga. Teraviljavaba superpremium-t\u00e4iss\u00f6\u00f6t t\u00e4iskasvanud kassidele. <br \/>&#13;<br \/>\n<br \/>&#13;<br \/>\n<b>Koostis<\/b><br \/>&#13;<br \/>\nFilee 82% lihaga (63% kana, 15% maks, 4% tuunikala), hernejahu 2,7%, lignotselluloos 0,9%, kuivatatud \u00fcrdid (meliss, kummel, naisten\u00f5ges) 0,75%.<br \/>&#13;<br \/>\n<br \/>&#13;<br \/>\n<b>Anal\u00fc\u00fctiline koostis<\/b><br \/>&#13;<br \/>\nToorvalk 7,0%, toorrasv 4,5%, toorkiud 0,5%, toortuhk 1,2%, niiskus 83,0%, kaltsium 0,2%, fosfor 0,2%, naatrium 0,2%.<br \/>&#13;<br \/>\n<br \/>&#13;<br \/>\n<b>S\u00f6\u00f6dalisandid (1 kg kohta)<\/b><br \/>&#13;<br \/>\nToitainelised lisandid: A-vitamiin (3a672a) 300 R\u00dc, D3-vitamiin (3a671) 65 R\u00dc, E-vitamiin (3a700) 35 mg, B1-vitamiin (3a821) 0,2 mg, biotiin (3a880) 0,1 mg, tsink (3b606) 3 mg, mangaan (3b504) 0,7 mg, raud (3b106) 2,4 mg, vask (3b406) 1 mg, kaaliumjodiid (3b201) 0,2 mg, tauriin (3a370) 240 mg. Sisaldab looduslikke antioks\u00fcdante: tokoferooliekstraktid taime\u00f5lidest (1b306(i)) ja rosmariiniekstrakt.<br \/>&#13;<br \/>\n<br \/>&#13;<br \/>\n<b>Metaboliseeruv energia<\/b><br \/>&#13;<br \/>\n819 kcal\/kg<br \/>&#13;<br \/>\n<br \/>&#13;<br \/>\n<b>Toitmisjuhend<\/b><br \/>&#13;<br \/>\nSoovitatav p\u00e4evane kogus on n\u00e4idatud s\u00f6\u00f6tmistabelis, kuid see v\u00f5ib varieeruda s\u00f5ltuvalt teie kassi vanusest, aktiivsuse tasemest ja keskkonnast. Serveeri toatemperatuuril. Hoida kuivas ja jahedas kohas. P\u00e4rast avamist hoida k\u00fclmkapis ja kasutada \u00e4ra 3 p\u00e4eva jooksul.<br \/>&#13;\n<\/p>\n<figure class=\"table\">\n<table>\n<thead>\n<tr>\n<th rowspan=\"1\">Kassi kaal (kg)<\/th>\n<th>3<\/th>\n<th>4 \u2013 6<\/th>\n<th>6 \u2013 8<\/th>\n<\/tr>\n<\/thead>\n<tbody>\n<tr>\n<th rowspan=\"1\">Einekotikesi p\u00e4evas (tk)<\/th>\n<td>3<\/td>\n<td>3,5 \u2013 4<\/td>\n<td>4 \u2013 4,5<\/td>\n<\/tr>\n<\/tbody>\n<\/table>\n<\/figure>\n","protected":false},"excerpt":{"rendered":"<p>Profine m\u00e4rgtoit tuunikala tarrendis t\u00e4iskasvanud kassidele.<\/p>\n","protected":false},"featured_media":12514,"template":"","meta":[],"product_cat":[689,33],"product_tag":[],"class_list":{"0":"post-15623","1":"product","2":"type-product","3":"status-publish","4":"has-post-thumbnail","6":"product_cat-kassid","7":"product_cat-konservid-kassidele","8":"pa_brand-profine","9":"pa_ean-1065","10":"pa_kaal-0-085","11":"pa_tootjariik-tsehhi","13":"first","14":"instock","15":"taxable","16":"shipping-taxable","17":"purchasable","18":"product-type-simple"},"_links":{"self":[{"href":"https:\/\/kasskoer.ee\/en\/wp-json\/wp\/v2\/product\/15623","targetHints":{"allow":["GET"]}}],"collection":[{"href":"https:\/\/kasskoer.ee\/en\/wp-json\/wp\/v2\/product"}],"about":[{"href":"https:\/\/kasskoer.ee\/en\/wp-json\/wp\/v2\/types\/product"}],"wp:featuredmedia":[{"embeddable":true,"href":"https:\/\/kasskoer.ee\/en\/wp-json\/wp\/v2\/media\/12514"}],"wp:attachment":[{"href":"https:\/\/kasskoer.ee\/en\/wp-json\/wp\/v2\/media?parent=15623"}],"wp:term":[{"taxonomy":"product_cat","embeddable":true,"href":"https:\/\/kasskoer.ee\/en\/wp-json\/wp\/v2\/product_cat?post=15623"},{"taxonomy":"product_tag","embeddable":true,"href":"https:\/\/kasskoer.ee\/en\/wp-json\/wp\/v2\/product_tag?post=15623"}],"curies":[{"name":"wp","href":"https:\/\/api.w.org\/{rel}","templated":true}]}}