{"id":15629,"date":"2026-04-20T03:10:35","date_gmt":"2026-04-20T00:10:35","guid":{"rendered":"https:\/\/kasskoer.ee\/product\/brit-fresh-fish-with-pumpkin-konserv-koertele-400g-2\/"},"modified":"2026-04-20T03:10:37","modified_gmt":"2026-04-20T00:10:37","slug":"brit-fresh-fish-with-pumpkin-konserv-koertele-400g","status":"publish","type":"product","link":"https:\/\/kasskoer.ee\/en\/toode\/brit-fresh-fish-with-pumpkin-konserv-koertele-400g\/","title":{"rendered":"Brit Fresh Fish with Pumpkin konserv koertele 400g"},"content":{"rendered":"<p>Brit Fresh on valmistatud v\u00e4rskest lihast, mis on hoolikalt t\u00f6\u00f6deldud, et lukustada naturaalsed mahlad ja toitained ning s\u00e4ilitada erakordne maitse. T\u00e4istoit koertele. <\/p>\n<ul>\n<li>Sisaldab tatart ja sorgot &#8211; gluteenivabad&nbsp;toitainerikkad&nbsp;kiudained.<\/li>\n<li>Sisaldab k\u00f5rvitsat, linaseemneid, l\u00f5he\u00f5li, vetikaid ja lehtpeeti.<\/li>\n<li>Maitse rikastatud&nbsp;\u00fcrtide seguga \u2013 rosmariin, t\u00fc\u00fcmian, saialill, v\u00f5ilill.<\/li>\n<li>Ideaalne lisand kuivtoidule \u2013 muudab kuivtoidu ahvatlevamaks ning sisaldab ka vedelikku.<\/li>\n<li>Ei sisalda gluteeni, soja, GMO-sid, s\u00e4ilitus- ega v\u00e4rvaineid.<\/li>\n<\/ul>\n<p> <strong>Koostis<\/strong><br \/> 44% kala, 23% kana, 14% puljong, 6% k\u00f5rvits, 3% sorgo, 2,3% tatar, 2% \u00f5unad, 2% mineraalid, 1% \u00fcrdisegu (rosmariin, t\u00fc\u00fcmian, saialill, v\u00f5ilill), 1% l\u00f5he\u00f5li, 1% petersell, 0,5% linaseemned, 0,2% vetikad ja lehtpeet.<\/p>\n<p> <strong>Anal\u00fc\u00fctiline koostis<\/strong><br \/> Toorvalk 8,5%, toorrasv 4%, toortuhk 2%, niiskus 75,0%, toorkiud 0,8%, kaltsium 0,3%, fosfor 0,2%, naatrium 0,4%.<\/p>\n<p> <strong>Toitainelised lisandid kg kohta<\/strong><br \/> D3-vitamiin (E671) 250 R\u00dc, E-vitamiin (3a700) 150 mg, tsink (3b606) 15 mg, raud (3b103) 12 mg, mangaan (3b502) 3 mg, jood (3b201) 0,75 mg, vask (E4) 0,5 mg, biotiin (3a880) 0,2 mg. <\/p>\n<p><strong>Metaboliseeruv energia<\/strong><\/p>\n<p>1075 kcal\/kg<\/p>\n","protected":false},"excerpt":{"rendered":"<p>Brit Fresh konserv koertele kala ja k\u00f5rvitsaga.<\/p>\n","protected":false},"featured_media":12520,"template":"","meta":[],"product_cat":[688,106],"product_tag":[],"class_list":{"0":"post-15629","1":"product","2":"type-product","3":"status-publish","4":"has-post-thumbnail","6":"product_cat-koerad","7":"product_cat-konservid-koertele","8":"pa_brand-brit-fresh","9":"pa_ean-1093","10":"pa_kaal-0-400","11":"pa_tootjariik-tsehhi","13":"first","14":"instock","15":"sale","16":"taxable","17":"shipping-taxable","18":"purchasable","19":"product-type-simple"},"_links":{"self":[{"href":"https:\/\/kasskoer.ee\/en\/wp-json\/wp\/v2\/product\/15629","targetHints":{"allow":["GET"]}}],"collection":[{"href":"https:\/\/kasskoer.ee\/en\/wp-json\/wp\/v2\/product"}],"about":[{"href":"https:\/\/kasskoer.ee\/en\/wp-json\/wp\/v2\/types\/product"}],"wp:featuredmedia":[{"embeddable":true,"href":"https:\/\/kasskoer.ee\/en\/wp-json\/wp\/v2\/media\/12520"}],"wp:attachment":[{"href":"https:\/\/kasskoer.ee\/en\/wp-json\/wp\/v2\/media?parent=15629"}],"wp:term":[{"taxonomy":"product_cat","embeddable":true,"href":"https:\/\/kasskoer.ee\/en\/wp-json\/wp\/v2\/product_cat?post=15629"},{"taxonomy":"product_tag","embeddable":true,"href":"https:\/\/kasskoer.ee\/en\/wp-json\/wp\/v2\/product_tag?post=15629"}],"curies":[{"name":"wp","href":"https:\/\/api.w.org\/{rel}","templated":true}]}}