{"id":15636,"date":"2026-04-20T03:10:35","date_gmt":"2026-04-20T00:10:35","guid":{"rendered":"https:\/\/kasskoer.ee\/product\/kimo-kuivatatud-lamba-korv-50g-2\/"},"modified":"2026-04-20T03:10:37","modified_gmt":"2026-04-20T00:10:37","slug":"kimo-kuivatatud-lamba-korv-50g","status":"publish","type":"product","link":"https:\/\/kasskoer.ee\/en\/toode\/kimo-kuivatatud-lamba-korv-50g\/","title":{"rendered":"Kimo kuivatatud lamba k\u00f5rv 50g"},"content":{"rendered":"<p><strong>Kimo naturaalne n\u00e4rimismaius koerale &#8211; kuivatatud lamba k\u00f5rv.<\/strong> <\/p>\n<ul>\n<li>100% naturaalne.<\/li>\n<li>Ilma keemiliste lisandite, v\u00e4rvainete ja&nbsp;kunstlike l\u00f5hnaaineteta.<\/li>\n<\/ul>\n<p> <strong>Koostis<\/strong><br \/> Naturaalne lamba k\u00f5rv<\/p>\n<p> <strong>Anal\u00fc\u00fctilised koostisosad<\/strong><br \/> Toorvalk 78,1%, toorrasv 2,4%, niiskus 5,6%.<\/p>\n<p> <strong>Toitmine<\/strong><br \/> Anda nagu maiustust olenevalt koera suurusest. V\u00e4rske vesi peab olema alati saadaval.<br \/> Hoida kuivas ja jahedas, kaitstuna otsese p\u00e4ikesevalguse eest.<\/p>\n","protected":false},"excerpt":{"rendered":"<p>Kimo naturaalne n\u00e4rimismaius koerale.<\/p>\n","protected":false},"featured_media":14180,"template":"","meta":[],"product_cat":[1317,688],"product_tag":[],"class_list":{"0":"post-15636","1":"product","2":"type-product","3":"status-publish","4":"has-post-thumbnail","6":"product_cat-koerte-narimismaiused","7":"product_cat-koerad","8":"pa_brand-kimo","9":"pa_ean-1131","10":"pa_kaal-0-050","12":"first","13":"instock","14":"taxable","15":"shipping-taxable","16":"purchasable","17":"product-type-simple"},"_links":{"self":[{"href":"https:\/\/kasskoer.ee\/en\/wp-json\/wp\/v2\/product\/15636","targetHints":{"allow":["GET"]}}],"collection":[{"href":"https:\/\/kasskoer.ee\/en\/wp-json\/wp\/v2\/product"}],"about":[{"href":"https:\/\/kasskoer.ee\/en\/wp-json\/wp\/v2\/types\/product"}],"wp:featuredmedia":[{"embeddable":true,"href":"https:\/\/kasskoer.ee\/en\/wp-json\/wp\/v2\/media\/14180"}],"wp:attachment":[{"href":"https:\/\/kasskoer.ee\/en\/wp-json\/wp\/v2\/media?parent=15636"}],"wp:term":[{"taxonomy":"product_cat","embeddable":true,"href":"https:\/\/kasskoer.ee\/en\/wp-json\/wp\/v2\/product_cat?post=15636"},{"taxonomy":"product_tag","embeddable":true,"href":"https:\/\/kasskoer.ee\/en\/wp-json\/wp\/v2\/product_tag?post=15636"}],"curies":[{"name":"wp","href":"https:\/\/api.w.org\/{rel}","templated":true}]}}