{"id":15640,"date":"2026-04-20T03:10:35","date_gmt":"2026-04-20T00:10:35","guid":{"rendered":"https:\/\/kasskoer.ee\/product\/record-kollane-sulega-kassiong-48cm-2\/"},"modified":"2026-04-20T03:10:37","modified_gmt":"2026-04-20T00:10:37","slug":"record-kollane-sulega-kassiong-48cm","status":"publish","type":"product","link":"https:\/\/kasskoer.ee\/en\/toode\/record-kollane-sulega-kassiong-48cm\/","title":{"rendered":"Record kollane sulega kassi\u00f5ng 48cm"},"content":{"rendered":"<p>M\u00e4nguasi, mis stimuleerib looma oma k\u00e4ppasid ja k\u00fc\u00fcniseid strateegiliselt kasutama. Pulga otsas on suled ja v\u00e4ike kelluke.<\/p>\n","protected":false},"excerpt":{"rendered":"<p>Record kassilelu kollase sulega.<\/p>\n","protected":false},"featured_media":12530,"template":"","meta":[],"product_cat":[1321],"product_tag":[],"class_list":{"0":"post-15640","1":"product","2":"type-product","3":"status-publish","4":"has-post-thumbnail","6":"product_cat-kasside-manguasjad","7":"pa_brand-record","8":"pa_ean-1797","9":"pa_kaal-0-020","10":"pa_tootjariik-hiina","12":"first","13":"instock","14":"taxable","15":"shipping-taxable","16":"purchasable","17":"product-type-simple"},"_links":{"self":[{"href":"https:\/\/kasskoer.ee\/en\/wp-json\/wp\/v2\/product\/15640","targetHints":{"allow":["GET"]}}],"collection":[{"href":"https:\/\/kasskoer.ee\/en\/wp-json\/wp\/v2\/product"}],"about":[{"href":"https:\/\/kasskoer.ee\/en\/wp-json\/wp\/v2\/types\/product"}],"wp:featuredmedia":[{"embeddable":true,"href":"https:\/\/kasskoer.ee\/en\/wp-json\/wp\/v2\/media\/12530"}],"wp:attachment":[{"href":"https:\/\/kasskoer.ee\/en\/wp-json\/wp\/v2\/media?parent=15640"}],"wp:term":[{"taxonomy":"product_cat","embeddable":true,"href":"https:\/\/kasskoer.ee\/en\/wp-json\/wp\/v2\/product_cat?post=15640"},{"taxonomy":"product_tag","embeddable":true,"href":"https:\/\/kasskoer.ee\/en\/wp-json\/wp\/v2\/product_tag?post=15640"}],"curies":[{"name":"wp","href":"https:\/\/api.w.org\/{rel}","templated":true}]}}