{"id":15642,"date":"2026-04-20T03:10:35","date_gmt":"2026-04-20T00:10:35","guid":{"rendered":"https:\/\/kasskoer.ee\/product\/record-kassiong-sinise-sulega-48cm-2\/"},"modified":"2026-04-20T03:10:37","modified_gmt":"2026-04-20T00:10:37","slug":"record-kassiong-sinise-sulega-48cm","status":"publish","type":"product","link":"https:\/\/kasskoer.ee\/en\/toode\/record-kassiong-sinise-sulega-48cm\/","title":{"rendered":"Record kassi\u00f5ng sinise sulega 48cm"},"content":{"rendered":"<p>M\u00e4nguasi, mis stimuleerib looma oma k\u00e4ppasid ja k\u00fc\u00fcniseid strateegiliselt kasutama. Pulga otsas on sinised suled ja v\u00e4ike kelluke.<\/p>\n","protected":false},"excerpt":{"rendered":"<p>Record kassilelu sinise sulega 48cm.<\/p>\n","protected":false},"featured_media":12534,"template":"","meta":[],"product_cat":[1321],"product_tag":[],"class_list":{"0":"post-15642","1":"product","2":"type-product","3":"status-publish","4":"has-post-thumbnail","6":"product_cat-kasside-manguasjad","7":"pa_brand-record","8":"pa_ean-1825","9":"pa_kaal-0-020","10":"pa_tootjariik-hiina","12":"first","13":"instock","14":"taxable","15":"shipping-taxable","16":"purchasable","17":"product-type-simple"},"_links":{"self":[{"href":"https:\/\/kasskoer.ee\/en\/wp-json\/wp\/v2\/product\/15642","targetHints":{"allow":["GET"]}}],"collection":[{"href":"https:\/\/kasskoer.ee\/en\/wp-json\/wp\/v2\/product"}],"about":[{"href":"https:\/\/kasskoer.ee\/en\/wp-json\/wp\/v2\/types\/product"}],"wp:featuredmedia":[{"embeddable":true,"href":"https:\/\/kasskoer.ee\/en\/wp-json\/wp\/v2\/media\/12534"}],"wp:attachment":[{"href":"https:\/\/kasskoer.ee\/en\/wp-json\/wp\/v2\/media?parent=15642"}],"wp:term":[{"taxonomy":"product_cat","embeddable":true,"href":"https:\/\/kasskoer.ee\/en\/wp-json\/wp\/v2\/product_cat?post=15642"},{"taxonomy":"product_tag","embeddable":true,"href":"https:\/\/kasskoer.ee\/en\/wp-json\/wp\/v2\/product_tag?post=15642"}],"curies":[{"name":"wp","href":"https:\/\/api.w.org\/{rel}","templated":true}]}}