{"id":15644,"date":"2026-04-20T03:10:35","date_gmt":"2026-04-20T00:10:35","guid":{"rendered":"https:\/\/kasskoer.ee\/product\/every-parasiitide-vastane-sprei-200ml-2\/"},"modified":"2026-04-20T03:10:37","modified_gmt":"2026-04-20T00:10:37","slug":"every-parasiitide-vastane-sprei-200ml","status":"publish","type":"product","link":"https:\/\/kasskoer.ee\/en\/toode\/every-parasiitide-vastane-sprei-200ml\/","title":{"rendered":"Every parasiitide vastane sprei 200ml"},"content":{"rendered":"<p><b>Every Spray anitparasiitne sprei k\u00fc\u00fclikutele ja lindudele.<\/b><br \/>&#13;<br \/>\n<br \/>&#13;<br \/>\n<b>N\u00e4idustused<\/b><br \/>&#13;<br \/>\nPuurilindude ja k\u00fc\u00fclikute putukate ja parasiitide nakatumise raviks.<br \/>&#13;<br \/>\n<br \/>&#13;<br \/>\n<b>Kasutamine<\/b><br \/>&#13;<br \/>\nEnne kasutamist loksutada ballooni, seej\u00e4rel pihustada EVERY SPRAY otse ravitavale loomale umbes 30 cm kauguselt, tehes l\u00fchikesi ja korduvaid pihustusi m\u00e4\u00e4ras 2 ml lahust iga linnu kohta (kaal 15\/20 grammi) ja 6 ml iga k\u00fc\u00fcliku kohta (kaal 1 kg). V\u00e4ltida toote pihustamist lindude silmadele ja nokale v\u00f5i k\u00fc\u00fclikute ninaosale. \u00c4geda nakatumise korral pihustada EVERY SPRAY kogu kehale. Korrata ravi 5 p\u00e4eva p\u00e4rast. Toode ei j\u00e4ta rasvaseid plekke ega m\u00e4\u00e4ri. \u00c4rge \u00fcletage soovitatud annuseid. Pikaajalise ravi korral ilma m\u00e4rgatavate tulemusteta pidage n\u00f5u veterinaariga.<br \/>&#13;<br \/>\n<br \/>&#13;<br \/>\n<b>Toimeainete sisaldus 1 grammis<\/b><br \/>&#13;<br \/>\nTehniline permetriin (cis\/trans 25\/75) 93% 2,0 mg, tehniline tetrametriin 92% 3,0 mg, piperon\u00fc\u00fclbutoksiid 90% 17,0 mg. Abiained: Lavendliessents, heptaan-tridekaan 90%, butaan-propaan (propellant).<\/p>\n","protected":false},"excerpt":{"rendered":"<p>Parasiitide vastane sprei k\u00fc\u00fclikutele ja puurilindudele.<\/p>\n","protected":false},"featured_media":12538,"template":"","meta":[],"product_cat":[693,3078,924],"product_tag":[],"class_list":{"0":"post-15644","1":"product","2":"type-product","3":"status-publish","4":"has-post-thumbnail","6":"product_cat-muud-loomad","7":"product_cat-narilised","8":"product_cat-nariliste-tarvikud","9":"pa_brand-every","10":"pa_ean-2456","11":"pa_kaal-0-200","12":"pa_tootjariik-itaalia","14":"first","15":"instock","16":"taxable","17":"shipping-taxable","18":"purchasable","19":"product-type-simple"},"_links":{"self":[{"href":"https:\/\/kasskoer.ee\/en\/wp-json\/wp\/v2\/product\/15644","targetHints":{"allow":["GET"]}}],"collection":[{"href":"https:\/\/kasskoer.ee\/en\/wp-json\/wp\/v2\/product"}],"about":[{"href":"https:\/\/kasskoer.ee\/en\/wp-json\/wp\/v2\/types\/product"}],"wp:featuredmedia":[{"embeddable":true,"href":"https:\/\/kasskoer.ee\/en\/wp-json\/wp\/v2\/media\/12538"}],"wp:attachment":[{"href":"https:\/\/kasskoer.ee\/en\/wp-json\/wp\/v2\/media?parent=15644"}],"wp:term":[{"taxonomy":"product_cat","embeddable":true,"href":"https:\/\/kasskoer.ee\/en\/wp-json\/wp\/v2\/product_cat?post=15644"},{"taxonomy":"product_tag","embeddable":true,"href":"https:\/\/kasskoer.ee\/en\/wp-json\/wp\/v2\/product_tag?post=15644"}],"curies":[{"name":"wp","href":"https:\/\/api.w.org\/{rel}","templated":true}]}}