{"id":15655,"date":"2026-04-20T03:10:35","date_gmt":"2026-04-20T00:10:35","guid":{"rendered":"https:\/\/kasskoer.ee\/product\/best-friend-rio-lelu-linnule-2\/"},"modified":"2026-04-20T03:10:38","modified_gmt":"2026-04-20T00:10:38","slug":"best-friend-rio-lelu-linnule","status":"publish","type":"product","link":"https:\/\/kasskoer.ee\/en\/toode\/best-friend-rio-lelu-linnule\/","title":{"rendered":"Best Friend RIO lelu linnule"},"content":{"rendered":"<p>M\u00e4nguasi on valmistatud naturaalsest puidust, lihtne paigaldada igasse puuri ilma t\u00f6\u00f6riistu vajamata.<\/p>\n","protected":false},"excerpt":{"rendered":"<p>Best Friend v\u00e4rviline puurilelu linnule RIO.<\/p>\n","protected":false},"featured_media":12554,"template":"","meta":[],"product_cat":[1415,3080,693],"product_tag":[],"class_list":{"0":"post-15655","1":"product","2":"type-product","3":"status-publish","4":"has-post-thumbnail","6":"product_cat-lindude-manguasjad","7":"product_cat-linnud","8":"product_cat-muud-loomad","9":"pa_brand-best-friend","10":"pa_ean-1799","11":"pa_kaal-0-320","12":"pa_tootjariik-hiina","14":"first","15":"instock","16":"taxable","17":"shipping-taxable","18":"purchasable","19":"product-type-simple"},"_links":{"self":[{"href":"https:\/\/kasskoer.ee\/en\/wp-json\/wp\/v2\/product\/15655","targetHints":{"allow":["GET"]}}],"collection":[{"href":"https:\/\/kasskoer.ee\/en\/wp-json\/wp\/v2\/product"}],"about":[{"href":"https:\/\/kasskoer.ee\/en\/wp-json\/wp\/v2\/types\/product"}],"wp:featuredmedia":[{"embeddable":true,"href":"https:\/\/kasskoer.ee\/en\/wp-json\/wp\/v2\/media\/12554"}],"wp:attachment":[{"href":"https:\/\/kasskoer.ee\/en\/wp-json\/wp\/v2\/media?parent=15655"}],"wp:term":[{"taxonomy":"product_cat","embeddable":true,"href":"https:\/\/kasskoer.ee\/en\/wp-json\/wp\/v2\/product_cat?post=15655"},{"taxonomy":"product_tag","embeddable":true,"href":"https:\/\/kasskoer.ee\/en\/wp-json\/wp\/v2\/product_tag?post=15655"}],"curies":[{"name":"wp","href":"https:\/\/api.w.org\/{rel}","templated":true}]}}