{"id":15661,"date":"2026-04-20T03:10:35","date_gmt":"2026-04-20T00:10:35","guid":{"rendered":"https:\/\/kasskoer.ee\/product\/record-reisipudel-koertele-400ml-2\/"},"modified":"2026-04-20T03:10:38","modified_gmt":"2026-04-20T00:10:38","slug":"record-reisipudel-koertele-500ml","status":"publish","type":"product","link":"https:\/\/kasskoer.ee\/en\/toode\/record-reisipudel-koertele-500ml\/","title":{"rendered":"Record reisipudel koertele 500ml"},"content":{"rendered":"<li>Kausiga joogipudelit on v\u00e4ga mugav kasutada, kui olete koeraga matkamas, reisil v\u00f5i autos\u00f5idul.<\/li>\n","protected":false},"excerpt":{"rendered":"<p>Silikoonist kausiga veepudel lemmikloomaga v\u00e4ljas viibimiseks.<\/p>\n","protected":false},"featured_media":12560,"template":"","meta":[],"product_cat":[688,365],"product_tag":[],"class_list":{"0":"post-15661","1":"product","2":"type-product","3":"status-publish","4":"has-post-thumbnail","6":"product_cat-koerad","7":"product_cat-koerte-tarvikud","8":"pa_brand-record","9":"pa_ean-1689","10":"pa_kaal-0-040","11":"pa_tootjariik-hiina","13":"first","14":"instock","15":"taxable","16":"shipping-taxable","17":"purchasable","18":"product-type-simple"},"_links":{"self":[{"href":"https:\/\/kasskoer.ee\/en\/wp-json\/wp\/v2\/product\/15661","targetHints":{"allow":["GET"]}}],"collection":[{"href":"https:\/\/kasskoer.ee\/en\/wp-json\/wp\/v2\/product"}],"about":[{"href":"https:\/\/kasskoer.ee\/en\/wp-json\/wp\/v2\/types\/product"}],"wp:featuredmedia":[{"embeddable":true,"href":"https:\/\/kasskoer.ee\/en\/wp-json\/wp\/v2\/media\/12560"}],"wp:attachment":[{"href":"https:\/\/kasskoer.ee\/en\/wp-json\/wp\/v2\/media?parent=15661"}],"wp:term":[{"taxonomy":"product_cat","embeddable":true,"href":"https:\/\/kasskoer.ee\/en\/wp-json\/wp\/v2\/product_cat?post=15661"},{"taxonomy":"product_tag","embeddable":true,"href":"https:\/\/kasskoer.ee\/en\/wp-json\/wp\/v2\/product_tag?post=15661"}],"curies":[{"name":"wp","href":"https:\/\/api.w.org\/{rel}","templated":true}]}}