{"id":15663,"date":"2026-04-20T03:10:35","date_gmt":"2026-04-20T00:10:35","guid":{"rendered":"https:\/\/kasskoer.ee\/product\/best-friend-naturaalne-hirss-lindudele-250g-2\/"},"modified":"2026-04-20T03:10:38","modified_gmt":"2026-04-20T00:10:38","slug":"best-friend-naturaalne-hirss-lindudele-250g","status":"publish","type":"product","link":"https:\/\/kasskoer.ee\/en\/toode\/best-friend-naturaalne-hirss-lindudele-250g\/","title":{"rendered":"Best Friend naturaalne hirss lindudele 250g"},"content":{"rendered":"<p>S\u00fcsivesikuterikas ja madala rasvasisaldusega rebasesabahirss, mida armastavad v\u00e4ga seemnetoidulised linnud. P\u00f5hitoit taimset p\u00e4ritolu lindudele.&#13;<br \/>\n<br \/>&#13;<br \/>\n<br \/><b>Koostis<\/b><br \/>&#13;<br \/>\nNaturaalne hirss<\/p>\n","protected":false},"excerpt":{"rendered":"<p>Best Friend naturaalsed hirsioksad lindudele.<\/p>\n","protected":false},"featured_media":12562,"template":"","meta":[],"product_cat":[1168,3080,693],"product_tag":[],"class_list":{"0":"post-15663","1":"product","2":"type-product","3":"status-publish","4":"has-post-thumbnail","6":"product_cat-linnutoit","7":"product_cat-linnud","8":"product_cat-muud-loomad","9":"pa_brand-best-friend","10":"pa_ean-1736","11":"pa_kaal-0-250","12":"pa_tootjariik-hiina","14":"first","15":"instock","16":"taxable","17":"shipping-taxable","18":"purchasable","19":"product-type-simple"},"_links":{"self":[{"href":"https:\/\/kasskoer.ee\/en\/wp-json\/wp\/v2\/product\/15663","targetHints":{"allow":["GET"]}}],"collection":[{"href":"https:\/\/kasskoer.ee\/en\/wp-json\/wp\/v2\/product"}],"about":[{"href":"https:\/\/kasskoer.ee\/en\/wp-json\/wp\/v2\/types\/product"}],"wp:featuredmedia":[{"embeddable":true,"href":"https:\/\/kasskoer.ee\/en\/wp-json\/wp\/v2\/media\/12562"}],"wp:attachment":[{"href":"https:\/\/kasskoer.ee\/en\/wp-json\/wp\/v2\/media?parent=15663"}],"wp:term":[{"taxonomy":"product_cat","embeddable":true,"href":"https:\/\/kasskoer.ee\/en\/wp-json\/wp\/v2\/product_cat?post=15663"},{"taxonomy":"product_tag","embeddable":true,"href":"https:\/\/kasskoer.ee\/en\/wp-json\/wp\/v2\/product_tag?post=15663"}],"curies":[{"name":"wp","href":"https:\/\/api.w.org\/{rel}","templated":true}]}}