{"id":15668,"date":"2026-04-20T03:10:35","date_gmt":"2026-04-20T00:10:35","guid":{"rendered":"https:\/\/kasskoer.ee\/product\/bamboo-lavendli-lohnaga-bambusest-kassiliiv-25-kg-2\/"},"modified":"2026-04-20T03:10:38","modified_gmt":"2026-04-20T00:10:38","slug":"bamboo-lavendli-lohnaga-bambusest-kassiliiv-25-kg","status":"publish","type":"product","link":"https:\/\/kasskoer.ee\/en\/toode\/bamboo-lavendli-lohnaga-bambusest-kassiliiv-25-kg\/","title":{"rendered":"Bamboo lavendli l\u00f5hnaga bambusest kassiliiv 2,5 kg"},"content":{"rendered":"<p><strong>P\u00f5hilised eelised<\/strong> <\/p>\n<ul>\n<li>100% keskkonnas\u00f5bralikud koostisosad.<\/li>\n<li>Eemaldab suurep\u00e4raselt ebameeldivaid aroome.<\/li>\n<li>Efektiivne vedelike imamine ning paakumine.<\/li>\n<li>Antibakteriaalne toime.<\/li>\n<li>Hoiab \u00e4ra hallituse.<\/li>\n<li>Valmistatud Maso bambusest.<\/li>\n<\/ul>\n<p> <strong>Kasutamine<\/strong> <\/p>\n<ol>\n<li>T\u00e4itke kassi liivakast 7-10 cm bambusliiva kihiga.<\/li>\n<li>Puhtuse s\u00e4ilitamiseks on soovitatav kogu bambusliiv v\u00e4lja vahetada 2-3 n\u00e4dala m\u00f6\u00f6dumisel.<\/li>\n<\/ol>\n<p> <strong>Koostis<\/strong><br \/> Looduslik bambus, maguskartulit\u00e4rklis, guarkumm.<\/p>\n","protected":false},"excerpt":{"rendered":"<p>Bamboo lavendli l\u00f5hnaga kassiliiv bambuskiududest.<\/p>\n","protected":false},"featured_media":12572,"template":"","meta":[],"product_cat":[689,565],"product_tag":[],"class_list":{"0":"post-15668","1":"product","2":"type-product","3":"status-publish","4":"has-post-thumbnail","6":"product_cat-kassid","7":"product_cat-kassiliivad","8":"pa_brand-bamboo","9":"pa_ean-1054","10":"pa_kaal-2-500","11":"pa_tootjariik-hiina","13":"first","14":"instock","15":"taxable","16":"shipping-taxable","17":"purchasable","18":"product-type-simple"},"_links":{"self":[{"href":"https:\/\/kasskoer.ee\/en\/wp-json\/wp\/v2\/product\/15668","targetHints":{"allow":["GET"]}}],"collection":[{"href":"https:\/\/kasskoer.ee\/en\/wp-json\/wp\/v2\/product"}],"about":[{"href":"https:\/\/kasskoer.ee\/en\/wp-json\/wp\/v2\/types\/product"}],"wp:featuredmedia":[{"embeddable":true,"href":"https:\/\/kasskoer.ee\/en\/wp-json\/wp\/v2\/media\/12572"}],"wp:attachment":[{"href":"https:\/\/kasskoer.ee\/en\/wp-json\/wp\/v2\/media?parent=15668"}],"wp:term":[{"taxonomy":"product_cat","embeddable":true,"href":"https:\/\/kasskoer.ee\/en\/wp-json\/wp\/v2\/product_cat?post=15668"},{"taxonomy":"product_tag","embeddable":true,"href":"https:\/\/kasskoer.ee\/en\/wp-json\/wp\/v2\/product_tag?post=15668"}],"curies":[{"name":"wp","href":"https:\/\/api.w.org\/{rel}","templated":true}]}}