{"id":15678,"date":"2026-04-20T03:10:39","date_gmt":"2026-04-20T00:10:39","guid":{"rendered":"https:\/\/kasskoer.ee\/product\/brit-premium-cat-adult-chicken-kassitoit-15kg-2\/"},"modified":"2026-04-20T03:10:39","modified_gmt":"2026-04-20T00:10:39","slug":"brit-premium-cat-adult-chicken-kassitoit-15kg","status":"publish","type":"product","link":"https:\/\/kasskoer.ee\/en\/toode\/brit-premium-cat-adult-chicken-kassitoit-15kg\/","title":{"rendered":"Brit Premium Cat Adult Chicken kassitoit 1,5kg"},"content":{"rendered":"<p><b>Brit Premium Adult Chicken looduslikest koostisosadest preemium t\u00e4iss\u00f6\u00f6t t\u00e4iskasvanud kassidele kanaga.<\/b>&#13;<\/p>\n<li>Vajalikud vitamiinid ja mineraalained tugevate ja tervete hammaste jaoks.<\/li>\n<p>&#13;<\/p>\n<li>Oomega-3 rasvhapped l\u00e4ikiva karva ja terve naha toetamiseks.<\/li>\n<p>&#13;<\/p>\n<li>Tauriin tagab s\u00fcdame, silmade ja aju \u00f5ige funktsioneerimise.<\/li>\n<p>&#13;<\/p>\n<li>Sisaldab naturaalseid antioks\u00fcdante rosmariini, nelki, kurkumit ja tsitrusvilju.<\/li>\n<p>&#13;<\/p>\n<li>Sisaldab prebiootikume soolestiku tervise ja tugeva immuunsuse jaoks.<\/li>\n<p>&#13;<\/p>\n<li>Valmistamise viimases protsessis lisatud kanamaksa kastet, et toit oleks veelgi isu\u00e4ratavam ja maitsvam.<\/li>\n<p>&#13;<\/p>\n<li>Ei sisalda nisu, soja ega maisi.<\/li>\n<p> &#13;<br \/>\n<br \/>&#13;<br \/>\n<b>Koostis<\/b><br \/>&#13;<br \/>\nDeh\u00fcdreeritud kana 40%, riis, kanarasv, herned, kuivatatud \u00f5unapulp, h\u00fcdrol\u00fc\u00fcsitud kanamaks 2%, l\u00f5he\u00f5li 1%, kuivatatud spinat 0,5%, mannanoligosahhariidid (150 mg\/kg), fruktooligosahhariidid (120 mg\/kg), t\u00e4\u00e4kliilia (80 mg\/kg), kuivatatud rosmariin (11 mg\/kg), kuivatatud nelk (11 mg\/kg), kuivatatud tsitrusviljad (11 mg\/kg), kuivatatud kurkum (11 mg\/kg).<br \/>&#13;<br \/>\n<br \/>&#13;<br \/>\n<b>Anal\u00fc\u00fctiline koostis<\/b><br \/>&#13;<br \/>\nToorvalk 36,0%, toorrasv 16,0%, toorkiud 3,1%, toortuhk 7,9%, niiskus 10,0%, kaltsium 1,5%, fosfor 1,0%, naatrium 0,3%, magneesium 0,1%, oomega-3 0,20%, oomega-6 2,25%.<br \/>&#13;<br \/>\n<br \/>&#13;<br \/>\n<b>S\u00f6\u00f6dalisandid (1 kg kohta)<\/b><br \/>&#13;<br \/>\nToitainelised lisandid: A-vitamiin (3a672a) 20 000 R\u00dc, D3-vitamiin (3a671) 850 R\u00dc, E-vitamiin (3a700) 600 mg, C-vitamiin (3a312) 250 mg, tauriin (3a370) 2150 mg, biotiin (3a880) 1,7 mg, tsink (3b606) 140 mg, mangaan (3b504) 50 mg, raud (3b106) 50 mg, vask (3b406) 10 mg, jood (3b201) 3,5 mg, seleen (3b810) 0,16 mg, L-metioniin (3c305) 4000 mg.<br \/>&#13;<br \/>\n<br \/>&#13;<br \/>\n<b>Metaboliseeruv energia<\/b><br \/>&#13;<br \/>\n3800 kcal\/kg<\/p>\n","protected":false},"excerpt":{"rendered":"<p>Brit Premium t\u00e4iss\u00f6\u00f6t kanaga t\u00e4iskasvanud kassidele.<\/p>\n","protected":false},"featured_media":12592,"template":"","meta":[],"product_cat":[689,75],"product_tag":[],"class_list":{"0":"post-15678","1":"product","2":"type-product","3":"status-publish","4":"has-post-thumbnail","6":"product_cat-kassid","7":"product_cat-kassitoit","8":"pa_brand-brit-premium","9":"pa_ean-1060","10":"pa_kaal-1-500","11":"pa_tootjariik-tsehhi","13":"first","14":"instock","15":"taxable","16":"shipping-taxable","17":"purchasable","18":"product-type-simple"},"_links":{"self":[{"href":"https:\/\/kasskoer.ee\/en\/wp-json\/wp\/v2\/product\/15678","targetHints":{"allow":["GET"]}}],"collection":[{"href":"https:\/\/kasskoer.ee\/en\/wp-json\/wp\/v2\/product"}],"about":[{"href":"https:\/\/kasskoer.ee\/en\/wp-json\/wp\/v2\/types\/product"}],"wp:featuredmedia":[{"embeddable":true,"href":"https:\/\/kasskoer.ee\/en\/wp-json\/wp\/v2\/media\/12592"}],"wp:attachment":[{"href":"https:\/\/kasskoer.ee\/en\/wp-json\/wp\/v2\/media?parent=15678"}],"wp:term":[{"taxonomy":"product_cat","embeddable":true,"href":"https:\/\/kasskoer.ee\/en\/wp-json\/wp\/v2\/product_cat?post=15678"},{"taxonomy":"product_tag","embeddable":true,"href":"https:\/\/kasskoer.ee\/en\/wp-json\/wp\/v2\/product_tag?post=15678"}],"curies":[{"name":"wp","href":"https:\/\/api.w.org\/{rel}","templated":true}]}}