{"id":15691,"date":"2026-04-20T03:10:39","date_gmt":"2026-04-20T00:10:39","guid":{"rendered":"https:\/\/kasskoer.ee\/product\/cazo-bed-brooklyn-pruun-pesa-koertele-85x65cm-2\/"},"modified":"2026-04-20T03:10:40","modified_gmt":"2026-04-20T00:10:40","slug":"cazo-bed-brooklyn-pruun-pesa-koertele-85x65cm","status":"publish","type":"product","link":"https:\/\/kasskoer.ee\/en\/toode\/cazo-bed-brooklyn-pruun-pesa-koertele-85x65cm\/","title":{"rendered":"Cazo Bed Brooklyn pruun pesa koertele 85x65cm"},"content":{"rendered":"<p>Cazo Brooklyn on valmistatud v\u00e4ga vastupidavast riidest, mis on vastupidav ka koerak\u00fc\u00fcnte kahjustustele.<\/p>\n<p> Pesal on praktiline lihtsasti eemaldatav kate, mida v\u00f5ib pesumasinas pesta. Lihtne hooldus aitab hoida pesa kogu aeg puhtana.&nbsp;<\/p>\n<p> Pesa suurus: 85x65cm.<\/p>\n","protected":false},"excerpt":{"rendered":"<p>Cazo Brooklyn kollektsiooni pruuni v\u00e4rvi pesa koertele.<\/p>\n","protected":false},"featured_media":12614,"template":"","meta":[],"product_cat":[692,456],"product_tag":[],"class_list":{"0":"post-15691","1":"product","2":"type-product","3":"status-publish","4":"has-post-thumbnail","6":"product_cat-lemmikutele-lisaks","7":"product_cat-pesad-ja-asemed","8":"pa_brand-cazo","9":"pa_ean-835","10":"pa_kaal-2-400","11":"pa_tootjariik-poola","13":"first","14":"outofstock","15":"taxable","16":"shipping-taxable","17":"purchasable","18":"product-type-simple"},"_links":{"self":[{"href":"https:\/\/kasskoer.ee\/en\/wp-json\/wp\/v2\/product\/15691","targetHints":{"allow":["GET"]}}],"collection":[{"href":"https:\/\/kasskoer.ee\/en\/wp-json\/wp\/v2\/product"}],"about":[{"href":"https:\/\/kasskoer.ee\/en\/wp-json\/wp\/v2\/types\/product"}],"wp:featuredmedia":[{"embeddable":true,"href":"https:\/\/kasskoer.ee\/en\/wp-json\/wp\/v2\/media\/12614"}],"wp:attachment":[{"href":"https:\/\/kasskoer.ee\/en\/wp-json\/wp\/v2\/media?parent=15691"}],"wp:term":[{"taxonomy":"product_cat","embeddable":true,"href":"https:\/\/kasskoer.ee\/en\/wp-json\/wp\/v2\/product_cat?post=15691"},{"taxonomy":"product_tag","embeddable":true,"href":"https:\/\/kasskoer.ee\/en\/wp-json\/wp\/v2\/product_tag?post=15691"}],"curies":[{"name":"wp","href":"https:\/\/api.w.org\/{rel}","templated":true}]}}