{"id":15699,"date":"2026-04-20T03:10:39","date_gmt":"2026-04-20T00:10:39","guid":{"rendered":"https:\/\/kasskoer.ee\/product\/brit-care-cat-snack-urinary-maiused-kassile-50g-2\/"},"modified":"2026-04-20T03:10:40","modified_gmt":"2026-04-20T00:10:40","slug":"brit-care-urinary-maiused-kassile-50g","status":"publish","type":"product","link":"https:\/\/kasskoer.ee\/en\/toode\/brit-care-urinary-maiused-kassile-50g\/","title":{"rendered":"Brit Care Urinary maiused kassile 50g"},"content":{"rendered":"<p>Poolniiske funktsionaalne maius steriliseeritud kassidele.&nbsp;T\u00e4iends\u00f6\u00f6t kassidele.<\/p>\n<p> <strong>Koostis<\/strong><\/p>\n<p> Kalkunivalk (26%), kollane hernes, taimne gl\u00fctseriin, h\u00fcdrol\u00fc\u00fcsitud kanavalk (10%), h\u00fcdrol\u00fc\u00fcsitud kanamaks (7%), hernevalk, kollageen (4%), hernejahu, kuivatatud pohlad (2%), kuivatatud rosmariin (1%), naatriumkloriid (1%).<\/p>\n<p> <strong>Anal\u00fc\u00fctilised koostisosad<\/strong><\/p>\n<p> Toorvalk 29%, toorrasv 7%, toortuhk 8%, toorkiud 1%, niiskus 17%, kaltsium 1,6%, fosfor 1,2%, naatrium 1,3%, magneesium 0,03%, oomega-3 0,20%, oomega-6 0,70%.<\/p>\n<p> <strong>Toidukoostis<\/strong><\/p>\n<p> L-karnitiin (3a910) 1000 mg, C-vitamiin (3a312) 100 mg. Sisaldab Euroopa Liidus heaks kiidetud s\u00e4ilitusaineid: sidrunhape (E330), DL-\u00f5unhape (E296).<\/p>\n<p> <strong>Metaboliseeruv energia<\/strong><\/p>\n<p> 3,180 kcal\/kg<\/p>\n","protected":false},"excerpt":{"rendered":"<p>Brit Care pohlade ja rosmariiniga rikastatud poolpehme funktsionaalne maiustus steriliseeritud kassidele.<\/p>\n","protected":false},"featured_media":12630,"template":"","meta":[],"product_cat":[1211],"product_tag":[],"class_list":{"0":"post-15699","1":"product","2":"type-product","3":"status-publish","4":"has-post-thumbnail","6":"product_cat-kasside-maiused","7":"pa_brand-brit-care","8":"pa_ean-811","9":"pa_kaal-0-050","10":"pa_tootjariik-tsehhi","12":"first","13":"instock","14":"taxable","15":"shipping-taxable","16":"purchasable","17":"product-type-simple"},"_links":{"self":[{"href":"https:\/\/kasskoer.ee\/en\/wp-json\/wp\/v2\/product\/15699","targetHints":{"allow":["GET"]}}],"collection":[{"href":"https:\/\/kasskoer.ee\/en\/wp-json\/wp\/v2\/product"}],"about":[{"href":"https:\/\/kasskoer.ee\/en\/wp-json\/wp\/v2\/types\/product"}],"wp:featuredmedia":[{"embeddable":true,"href":"https:\/\/kasskoer.ee\/en\/wp-json\/wp\/v2\/media\/12630"}],"wp:attachment":[{"href":"https:\/\/kasskoer.ee\/en\/wp-json\/wp\/v2\/media?parent=15699"}],"wp:term":[{"taxonomy":"product_cat","embeddable":true,"href":"https:\/\/kasskoer.ee\/en\/wp-json\/wp\/v2\/product_cat?post=15699"},{"taxonomy":"product_tag","embeddable":true,"href":"https:\/\/kasskoer.ee\/en\/wp-json\/wp\/v2\/product_tag?post=15699"}],"curies":[{"name":"wp","href":"https:\/\/api.w.org\/{rel}","templated":true}]}}