{"id":15700,"date":"2026-04-20T03:10:39","date_gmt":"2026-04-20T00:10:39","guid":{"rendered":"https:\/\/kasskoer.ee\/product\/brit-care-cat-snack-calming-maiused-kassile-50g-2\/"},"modified":"2026-04-20T03:10:40","modified_gmt":"2026-04-20T00:10:40","slug":"brit-care-calming-maiused-kassile-50g","status":"publish","type":"product","link":"https:\/\/kasskoer.ee\/en\/toode\/brit-care-calming-maiused-kassile-50g\/","title":{"rendered":"Brit Care Calming maiused kassile 50g"},"content":{"rendered":"<p><b>Brit Care poolniiske funktsionaalne maius n\u00e4rvis\u00fcsteemi toetamiseks. T\u00e4iends\u00f6\u00f6t kassidele.<\/b><br \/>&#13;<br \/>\n<br \/>&#13;<br \/>\n<b>Koostis<\/b><br \/>&#13;<br \/>\nKanavalk (26%), kollane hernes, taimne gl\u00fctseriin, h\u00fcdrol\u00fc\u00fcsitud kanavalk (10%), h\u00fcdrol\u00fc\u00fcsitud kanamaks (7%), hernevalk, kollageen (4%), hernejahu, kuivatatud naisten\u00f5ges (2%), kuivatatud goji (1%).<br \/>&#13;<br \/>\n<br \/>&#13;<br \/>\n<b>Anal\u00fc\u00fctilised koostisosad<\/b><br \/>&#13;<br \/>\nToorvalk 31%, toorrasv 7%, toortuhk 6%, toorkiud 1,5%, niiskus 17%, kaltsium 0,9%, fosfor 0,9%, naatrium 0,8%, magneesium 0,1%, oomega-3 0,15%, oomega-6 0,65%.<br \/>&#13;<br \/>\n<br \/>&#13;<br \/>\n<b>S\u00f6\u00f6dalisandid (1 kg kohta)<\/b><br \/>&#13;<br \/>\nC-vitamiin (3a312) 100 mg. Sisaldab Euroopa Liidus heaks kiidetud s\u00e4ilitusaineid: sidrunhape (E330), DL-\u00f5unhape (E296).<br \/>&#13;<br \/>\n<br \/>&#13;<br \/>\n<b>Metaboliseeruv energia<\/b><br \/>&#13;<br \/>\n3250 kcal\/kg<\/p>\n","protected":false},"excerpt":{"rendered":"<p>Brit Care naisten\u00f5gese ja goji\u2019ga rikastatud poolpehme funktsionaalne maiustus n\u00e4rvis\u00fcsteemi toetamiseks.<\/p>\n","protected":false},"featured_media":12632,"template":"","meta":[],"product_cat":[1211],"product_tag":[],"class_list":{"0":"post-15700","1":"product","2":"type-product","3":"status-publish","4":"has-post-thumbnail","6":"product_cat-kasside-maiused","7":"pa_brand-brit-care","8":"pa_ean-809","9":"pa_kaal-0-050","10":"pa_tootjariik-tsehhi","12":"first","13":"instock","14":"taxable","15":"shipping-taxable","16":"purchasable","17":"product-type-simple"},"_links":{"self":[{"href":"https:\/\/kasskoer.ee\/en\/wp-json\/wp\/v2\/product\/15700","targetHints":{"allow":["GET"]}}],"collection":[{"href":"https:\/\/kasskoer.ee\/en\/wp-json\/wp\/v2\/product"}],"about":[{"href":"https:\/\/kasskoer.ee\/en\/wp-json\/wp\/v2\/types\/product"}],"wp:featuredmedia":[{"embeddable":true,"href":"https:\/\/kasskoer.ee\/en\/wp-json\/wp\/v2\/media\/12632"}],"wp:attachment":[{"href":"https:\/\/kasskoer.ee\/en\/wp-json\/wp\/v2\/media?parent=15700"}],"wp:term":[{"taxonomy":"product_cat","embeddable":true,"href":"https:\/\/kasskoer.ee\/en\/wp-json\/wp\/v2\/product_cat?post=15700"},{"taxonomy":"product_tag","embeddable":true,"href":"https:\/\/kasskoer.ee\/en\/wp-json\/wp\/v2\/product_tag?post=15700"}],"curies":[{"name":"wp","href":"https:\/\/api.w.org\/{rel}","templated":true}]}}