{"id":15702,"date":"2026-04-20T03:10:39","date_gmt":"2026-04-20T00:10:39","guid":{"rendered":"https:\/\/kasskoer.ee\/product\/carnilove-dog-jerky-lamb-salmon-maius-koerale-100g-2\/"},"modified":"2026-04-20T03:10:40","modified_gmt":"2026-04-20T00:10:40","slug":"carnilove-dog-jerky-lamb-salmon-maius-koerale-100g","status":"publish","type":"product","link":"https:\/\/kasskoer.ee\/en\/toode\/carnilove-dog-jerky-lamb-salmon-maius-koerale-100g\/","title":{"rendered":"Carnilove Dog Jerky Lamb &#038; Salmon maius koerale 100g"},"content":{"rendered":"<p>T\u00e4iends\u00f6\u00f6t t\u00e4iskasvanud koertele. <\/p>\n<ul>\n<li>90% liha<\/li>\n<li>Vastupandamatu maitse<\/li>\n<li>Ainult&nbsp;looduslikud antioks\u00fcdandid<\/li>\n<li>Ei sisalda teravilja, toiduv\u00e4rve, suhkrut ega GMOsid<\/li>\n<li>Toodetud ELis<\/li>\n<\/ul>\n<p><strong>Koostis<\/strong><br \/> Kalkun (30%), kana (30%), talleliha (26%), l\u00f5he (4%), taimne gl\u00fctseriin, astelpaju (1%), naatriumkloriid.<\/p>\n<p><strong>Anal\u00fc\u00fctilised koostisosad<\/strong><br \/> Toorvalk 29,0%, toorrasv 25,0%, niiskus 18,0%, toortuhk 8,0%, toorkiud 2,0%.<\/p>\n<p><strong>Metaboliseeruv energia<\/strong><br \/> 3960 kcal\/kg<\/p>\n<p> <strong>Toiteained<\/strong><br \/> Looduslikud antioks\u00fcdandid: rosmariiniekstrakt ja taime\u00f5lidest saadud tokoferooliekstraktid (1b306(i)).<\/p>\n","protected":false},"excerpt":{"rendered":"<p>Carnilove kuivatatud lihamaiustused \u2013 kalkunist, kanast, l\u00f5hest ja lambalihast fileed.<\/p>\n","protected":false},"featured_media":12636,"template":"","meta":[],"product_cat":[1210,688],"product_tag":[],"class_list":{"0":"post-15702","1":"product","2":"type-product","3":"status-publish","4":"has-post-thumbnail","6":"product_cat-koerte-maiused","7":"product_cat-koerad","8":"pa_brand-carnilove","9":"pa_ean-883","10":"pa_kaal-0-100","11":"pa_tootjariik-tsehhi","13":"first","14":"instock","15":"taxable","16":"shipping-taxable","17":"purchasable","18":"product-type-simple"},"_links":{"self":[{"href":"https:\/\/kasskoer.ee\/en\/wp-json\/wp\/v2\/product\/15702","targetHints":{"allow":["GET"]}}],"collection":[{"href":"https:\/\/kasskoer.ee\/en\/wp-json\/wp\/v2\/product"}],"about":[{"href":"https:\/\/kasskoer.ee\/en\/wp-json\/wp\/v2\/types\/product"}],"wp:featuredmedia":[{"embeddable":true,"href":"https:\/\/kasskoer.ee\/en\/wp-json\/wp\/v2\/media\/12636"}],"wp:attachment":[{"href":"https:\/\/kasskoer.ee\/en\/wp-json\/wp\/v2\/media?parent=15702"}],"wp:term":[{"taxonomy":"product_cat","embeddable":true,"href":"https:\/\/kasskoer.ee\/en\/wp-json\/wp\/v2\/product_cat?post=15702"},{"taxonomy":"product_tag","embeddable":true,"href":"https:\/\/kasskoer.ee\/en\/wp-json\/wp\/v2\/product_tag?post=15702"}],"curies":[{"name":"wp","href":"https:\/\/api.w.org\/{rel}","templated":true}]}}