{"id":15706,"date":"2026-04-20T03:10:39","date_gmt":"2026-04-20T00:10:39","guid":{"rendered":"https:\/\/kasskoer.ee\/product\/brit-care-cat-snack-superfruits-herring-kassimaius-heeringaga-100g-2\/"},"modified":"2026-04-20T03:10:41","modified_gmt":"2026-04-20T00:10:41","slug":"brit-care-superfruits-herring-kassimaius-heeringaga-100g","status":"publish","type":"product","link":"https:\/\/kasskoer.ee\/en\/toode\/brit-care-superfruits-herring-kassimaius-heeringaga-100g\/","title":{"rendered":"Brit Care SuperFruits Herring kassimaius heeringaga 100g"},"content":{"rendered":"<p><b>Brit Care teraviljavaba maius t\u00e4iskasvanud steriliseeritud kassidele.<\/b><br \/>&#13;<br \/>\n<br \/>&#13;<br \/>\n<b>Koostis<\/b><br \/>&#13;<br \/>\nHeeringavalk (30%), kollane hernes, kanarasv (9%), hernevalk, h\u00fcdrol\u00fc\u00fcsitud kanavalk (8%), kuivatatud astelpaju (4%), kuivatatud \u00f5unap\u00fcree, h\u00fcdrol\u00fc\u00fcsitud kanamaks (3%), \u00f5llep\u00e4rm (2%), l\u00f5he\u00f5li (2%), hernejahu, linaseemned (1%), naatriumkloriid (0,5%), munakoore membraan (0,1%).<br \/>&#13;<br \/>\n<br \/>&#13;<br \/>\n<b>Anal\u00fc\u00fctilised koostisosad<\/b><br \/>&#13;<br \/>\nToorvalk 37%, toorrasv 17%, toortuhk 7%, toorkiud 2,5%, niiskus 10%, kaltsium 1,0%, fosfor 0,8%, naatrium 0,9%, magneesium 0,05%, oomega-3 0,75%, oomega-6 2,35%.<br \/>&#13;<br \/>\n<br \/>&#13;<br \/>\n<b>S\u00f6\u00f6dalisandid<\/b><br \/>&#13;<br \/>\nSisaldab ELi poolt heakskiidetud antioks\u00fcdante: taime\u00f5lidest saadud tokoferooliekstraktid (1b306(i)), askorb\u00fc\u00fclpalmitaat (1b304) ja rosmariiniekstrakt.<br \/>&#13;<br \/>\n<br \/>&#13;<br \/>\n<b>Metaboliseeruv energia<\/b><br \/>&#13;<br \/>\n3,910 kcal\/kg<\/p>\n","protected":false},"excerpt":{"rendered":"<p>Brit Care heeringa ja astelpajuga kr\u00f5be maiustus t\u00e4iskasvanud steriliseeritud kassidele.<\/p>\n","protected":false},"featured_media":12644,"template":"","meta":[],"product_cat":[1211],"product_tag":[],"class_list":{"0":"post-15706","1":"product","2":"type-product","3":"status-publish","4":"has-post-thumbnail","6":"product_cat-kasside-maiused","7":"pa_brand-brit-care","8":"pa_ean-806","9":"pa_kaal-0-100","10":"pa_tootjariik-tsehhi","12":"first","13":"instock","14":"taxable","15":"shipping-taxable","16":"purchasable","17":"product-type-simple"},"_links":{"self":[{"href":"https:\/\/kasskoer.ee\/en\/wp-json\/wp\/v2\/product\/15706","targetHints":{"allow":["GET"]}}],"collection":[{"href":"https:\/\/kasskoer.ee\/en\/wp-json\/wp\/v2\/product"}],"about":[{"href":"https:\/\/kasskoer.ee\/en\/wp-json\/wp\/v2\/types\/product"}],"wp:featuredmedia":[{"embeddable":true,"href":"https:\/\/kasskoer.ee\/en\/wp-json\/wp\/v2\/media\/12644"}],"wp:attachment":[{"href":"https:\/\/kasskoer.ee\/en\/wp-json\/wp\/v2\/media?parent=15706"}],"wp:term":[{"taxonomy":"product_cat","embeddable":true,"href":"https:\/\/kasskoer.ee\/en\/wp-json\/wp\/v2\/product_cat?post=15706"},{"taxonomy":"product_tag","embeddable":true,"href":"https:\/\/kasskoer.ee\/en\/wp-json\/wp\/v2\/product_tag?post=15706"}],"curies":[{"name":"wp","href":"https:\/\/api.w.org\/{rel}","templated":true}]}}